{"id":5,"date":"2025-09-08T08:55:39","date_gmt":"2025-09-08T11:55:39","guid":{"rendered":"https:\/\/jundiai.sp.gov.br\/desenvolve-mais\/?page_id=5"},"modified":"2025-11-03T14:04:53","modified_gmt":"2025-11-03T17:04:53","slug":"desenvolve-mais","status":"publish","type":"page","link":"https:\/\/jundiai.sp.gov.br\/desenvolve-mais\/","title":{"rendered":"Desenvolve+"},"content":{"rendered":"\n<ul class=\"wp-block-list lista-topicos\">\n<li>Inova\u00e7\u00e3o<\/li>\n\n\n\n<li>Oportunidades<\/li>\n\n\n\n<li>Crescimento<\/li>\n<\/ul>\n\n\n\n<p class=\"has-text-align-right\">O&nbsp;<strong>Desenvolve+<\/strong>&nbsp;\u00e9 uma estrat\u00e9gia integrada da <strong>Prefeitura de Jundia\u00ed<\/strong>, por meio da<strong> Secretaria de Desenvolvimento Econ\u00f4mico, Ci\u00eancia e Tecnologia<\/strong>, para promover o crescimento sustent\u00e1vel, a gera\u00e7\u00e3o de empregos e a diversifica\u00e7\u00e3o econ\u00f4mica do munic\u00edpio.<\/p>\n","protected":false},"excerpt":{"rendered":"<p>O&nbsp;Desenvolve+&nbsp;\u00e9 uma estrat\u00e9gia integrada da Prefeitura de Jundia\u00ed, por meio da Secretaria de Desenvolvimento Econ\u00f4mico, Ci\u00eancia e Tecnologia, para promover o crescimento sustent\u00e1vel, a gera\u00e7\u00e3o de empregos e a diversifica\u00e7\u00e3o econ\u00f4mica do munic\u00edpio.<\/p>\n","protected":false},"author":8,"featured_media":46,"parent":0,"menu_order":1,"comment_status":"closed","ping_status":"closed","template":"","meta":{"footnotes":""},"class_list":["post-5","page","type-page","status-publish","has-post-thumbnail","hentry"],"_links":{"self":[{"href":"https:\/\/jundiai.sp.gov.br\/desenvolve-mais\/wp-json\/wp\/v2\/pages\/5","targetHints":{"allow":["GET"]}}],"collection":[{"href":"https:\/\/jundiai.sp.gov.br\/desenvolve-mais\/wp-json\/wp\/v2\/pages"}],"about":[{"href":"https:\/\/jundiai.sp.gov.br\/desenvolve-mais\/wp-json\/wp\/v2\/types\/page"}],"author":[{"embeddable":true,"href":"https:\/\/jundiai.sp.gov.br\/desenvolve-mais\/wp-json\/wp\/v2\/users\/8"}],"replies":[{"embeddable":true,"href":"https:\/\/jundiai.sp.gov.br\/desenvolve-mais\/wp-json\/wp\/v2\/comments?post=5"}],"version-history":[{"count":8,"href":"https:\/\/jundiai.sp.gov.br\/desenvolve-mais\/wp-json\/wp\/v2\/pages\/5\/revisions"}],"predecessor-version":[{"id":41,"href":"https:\/\/jundiai.sp.gov.br\/desenvolve-mais\/wp-json\/wp\/v2\/pages\/5\/revisions\/41"}],"wp:featuredmedia":[{"embeddable":true,"href":"https:\/\/jundiai.sp.gov.br\/desenvolve-mais\/wp-json\/wp\/v2\/media\/46"}],"wp:attachment":[{"href":"https:\/\/jundiai.sp.gov.br\/desenvolve-mais\/wp-json\/wp\/v2\/media?parent=5"}],"curies":[{"name":"wp","href":"https:\/\/api.w.org\/{rel}","templated":true}]}}