{"id":13,"date":"2014-08-25T15:53:40","date_gmt":"2014-08-25T18:53:40","guid":{"rendered":"https:\/\/jundiai.sp.gov.br\/desenvolvimento-economico\/?page_id=13"},"modified":"2025-08-29T16:19:17","modified_gmt":"2025-08-29T19:19:17","slug":"gestor","status":"publish","type":"page","link":"https:\/\/jundiai.sp.gov.br\/desenvolvimento-economico\/gestor\/","title":{"rendered":"Secret\u00e1rio"},"content":{"rendered":"\n<div class=\"wp-block-columns alignwide is-layout-flex wp-container-core-columns-is-layout-9d6595d7 wp-block-columns-is-layout-flex\">\n<div class=\"wp-block-column is-layout-flow wp-block-column-is-layout-flow\" style=\"flex-basis:31%\">\n<figure class=\"wp-block-image size-full is-resized\"><a href=\"https:\/\/jundiai.sp.gov.br\/desenvolvimento-economico\/wp-content\/uploads\/sites\/9\/2025\/01\/desenvolvimento-economico-humberto-cereser.jpg\"><img loading=\"lazy\" decoding=\"async\" width=\"1336\" height=\"2184\" src=\"https:\/\/jundiai.sp.gov.br\/desenvolvimento-economico\/wp-content\/uploads\/sites\/9\/2025\/01\/desenvolvimento-economico-humberto-cereser.jpg\" alt=\"\" class=\"wp-image-1096\" style=\"width:226px;height:auto\" srcset=\"https:\/\/jundiai.sp.gov.br\/desenvolvimento-economico\/wp-content\/uploads\/sites\/9\/2025\/01\/desenvolvimento-economico-humberto-cereser.jpg 1336w, https:\/\/jundiai.sp.gov.br\/desenvolvimento-economico\/wp-content\/uploads\/sites\/9\/2025\/01\/desenvolvimento-economico-humberto-cereser-300x490.jpg 300w, https:\/\/jundiai.sp.gov.br\/desenvolvimento-economico\/wp-content\/uploads\/sites\/9\/2025\/01\/desenvolvimento-economico-humberto-cereser-587x960.jpg 587w, https:\/\/jundiai.sp.gov.br\/desenvolvimento-economico\/wp-content\/uploads\/sites\/9\/2025\/01\/desenvolvimento-economico-humberto-cereser-768x1255.jpg 768w, https:\/\/jundiai.sp.gov.br\/desenvolvimento-economico\/wp-content\/uploads\/sites\/9\/2025\/01\/desenvolvimento-economico-humberto-cereser-940x1536.jpg 940w, https:\/\/jundiai.sp.gov.br\/desenvolvimento-economico\/wp-content\/uploads\/sites\/9\/2025\/01\/desenvolvimento-economico-humberto-cereser-1253x2048.jpg 1253w\" sizes=\"auto, (max-width: 1336px) 100vw, 1336px\" \/><\/a><\/figure>\n<\/div>\n\n\n\n<div class=\"wp-block-column is-layout-flow wp-block-column-is-layout-flow\" style=\"flex-basis:69%\">\n<h1 class=\"wp-block-heading\"><strong>Humberto Cereser<\/strong><\/h1>\n\n\n\n<p><\/p>\n\n\n\n<p><\/p>\n\n\n\n<p>Humberto Cereser possui mais de 50 anos de experi\u00eancia no setor corporativo, com foco em gest\u00e3o estrat\u00e9gica e desenvolvimento sustent\u00e1vel, contribuindo significativamente para o fortalecimento de empresas, especialmente nos segmentos de alimentos e bebidas.<\/p>\n\n\n\n<p>Ao longo de cinco d\u00e9cadas na CRS Brands, ocupou posi\u00e7\u00f5es de lideran\u00e7a e foi fundamental para o crescimento da empresa. Sua atua\u00e7\u00e3o abrange desde a gest\u00e3o de processos industriais at\u00e9 a formula\u00e7\u00e3o de estrat\u00e9gias comerciais e de marketing, sempre com \u00eanfase em qualidade e inova\u00e7\u00e3o.<\/p>\n\n\n\n<p>Na Federa\u00e7\u00e3o das Ind\u00fastrias do Estado de S\u00e3o Paulo (FIESP), atua h\u00e1 17 anos como diretor de Agroneg\u00f3cios, auxiliando na promo\u00e7\u00e3o e na articula\u00e7\u00e3o de pol\u00edticas com impacto positivo para o setor. \u00c9 membro ativo da C\u00e2mara Estadual da Uva e do Vinho e presidente do Sindicato Patronal da Uva e do Vinho, representando as empresas vitivin\u00edcolas da regi\u00e3o de Jundia\u00ed no fortalecimento econ\u00f4mico do setor. Sua vasta experi\u00eancia e compromisso com o desenvolvimento econ\u00f4mico e tecnol\u00f3gico o tornam uma refer\u00eancia em suas \u00e1reas de atua\u00e7\u00e3o.<\/p>\n\n\n\n<p><\/p>\n\n\n\n<p><\/p>\n\n\n\n<p><\/p>\n\n\n\n<p><\/p>\n\n\n\n<p><\/p>\n\n\n\n<p><\/p>\n\n\n\n<p><\/p>\n\n\n\n<p><\/p>\n\n\n\n<p><\/p>\n\n\n\n<p><\/p>\n<\/div>\n<\/div>\n","protected":false},"excerpt":{"rendered":"<p>Humberto Cereser Humberto Cereser possui mais de 50 anos de experi\u00eancia no setor corporativo, com foco em gest\u00e3o estrat\u00e9gica e desenvolvimento sustent\u00e1vel, contribuindo significativamente para o fortalecimento de empresas, especialmente nos segmentos de alimentos e bebidas. Ao longo de cinco d\u00e9cadas na CRS Brands, ocupou posi\u00e7\u00f5es de lideran\u00e7a e foi fundamental para o crescimento da [&hellip;]<\/p>\n","protected":false},"author":5,"featured_media":0,"parent":0,"menu_order":0,"comment_status":"closed","ping_status":"closed","template":"","meta":{"footnotes":""},"class_list":["post-13","page","type-page","status-publish","hentry"],"_links":{"self":[{"href":"https:\/\/jundiai.sp.gov.br\/desenvolvimento-economico\/wp-json\/wp\/v2\/pages\/13","targetHints":{"allow":["GET"]}}],"collection":[{"href":"https:\/\/jundiai.sp.gov.br\/desenvolvimento-economico\/wp-json\/wp\/v2\/pages"}],"about":[{"href":"https:\/\/jundiai.sp.gov.br\/desenvolvimento-economico\/wp-json\/wp\/v2\/types\/page"}],"author":[{"embeddable":true,"href":"https:\/\/jundiai.sp.gov.br\/desenvolvimento-economico\/wp-json\/wp\/v2\/users\/5"}],"replies":[{"embeddable":true,"href":"https:\/\/jundiai.sp.gov.br\/desenvolvimento-economico\/wp-json\/wp\/v2\/comments?post=13"}],"version-history":[{"count":26,"href":"https:\/\/jundiai.sp.gov.br\/desenvolvimento-economico\/wp-json\/wp\/v2\/pages\/13\/revisions"}],"predecessor-version":[{"id":1150,"href":"https:\/\/jundiai.sp.gov.br\/desenvolvimento-economico\/wp-json\/wp\/v2\/pages\/13\/revisions\/1150"}],"wp:attachment":[{"href":"https:\/\/jundiai.sp.gov.br\/desenvolvimento-economico\/wp-json\/wp\/v2\/media?parent=13"}],"curies":[{"name":"wp","href":"https:\/\/api.w.org\/{rel}","templated":true}]}}