{"id":319,"date":"2015-06-25T10:42:49","date_gmt":"2015-06-25T13:42:49","guid":{"rendered":"https:\/\/jundiai.sp.gov.br\/desenvolvimento-economico\/?page_id=319"},"modified":"2024-08-01T11:27:50","modified_gmt":"2024-08-01T14:27:50","slug":"comissao-municipal-de-emprego","status":"publish","type":"page","link":"https:\/\/jundiai.sp.gov.br\/desenvolvimento-economico\/conselho\/comissao-municipal-de-emprego\/","title":{"rendered":"Comiss\u00e3o Municipal de Emprego"},"content":{"rendered":"\n<p><strong>Presidente:<\/strong> Jos\u00e9 Carlos Monteiro Baltazar<br>\n<strong>Telefone<\/strong>: (11) 4586 4571<br>\n<strong>E-mail<\/strong>:<\/p>\n\n\n\n<p>&nbsp;<\/p>\n\n\n\n<p><a href=\"https:\/\/jundiai.sp.gov.br\/desenvolvimento-economico\/wp-content\/uploads\/sites\/9\/2014\/12\/comissomunicipaldeemprego_1.zip\" target=\"_blank\" rel=\"noopener\">Acesse as atas das reuni\u00f5es da Comiss\u00e3o Municipal de Emprego&nbsp;<\/a><\/p>\n","protected":false},"excerpt":{"rendered":"<p>Presidente: Jos\u00e9 Carlos Monteiro Baltazar Telefone: (11) 4586 4571 E-mail: &nbsp; Acesse as atas das reuni\u00f5es da Comiss\u00e3o Municipal de Emprego&nbsp;<\/p>\n","protected":false},"author":14,"featured_media":0,"parent":273,"menu_order":0,"comment_status":"closed","ping_status":"closed","template":"","meta":{"footnotes":""},"class_list":["post-319","page","type-page","status-publish","hentry"],"_links":{"self":[{"href":"https:\/\/jundiai.sp.gov.br\/desenvolvimento-economico\/wp-json\/wp\/v2\/pages\/319","targetHints":{"allow":["GET"]}}],"collection":[{"href":"https:\/\/jundiai.sp.gov.br\/desenvolvimento-economico\/wp-json\/wp\/v2\/pages"}],"about":[{"href":"https:\/\/jundiai.sp.gov.br\/desenvolvimento-economico\/wp-json\/wp\/v2\/types\/page"}],"author":[{"embeddable":true,"href":"https:\/\/jundiai.sp.gov.br\/desenvolvimento-economico\/wp-json\/wp\/v2\/users\/14"}],"replies":[{"embeddable":true,"href":"https:\/\/jundiai.sp.gov.br\/desenvolvimento-economico\/wp-json\/wp\/v2\/comments?post=319"}],"version-history":[{"count":3,"href":"https:\/\/jundiai.sp.gov.br\/desenvolvimento-economico\/wp-json\/wp\/v2\/pages\/319\/revisions"}],"predecessor-version":[{"id":1070,"href":"https:\/\/jundiai.sp.gov.br\/desenvolvimento-economico\/wp-json\/wp\/v2\/pages\/319\/revisions\/1070"}],"up":[{"embeddable":true,"href":"https:\/\/jundiai.sp.gov.br\/desenvolvimento-economico\/wp-json\/wp\/v2\/pages\/273"}],"wp:attachment":[{"href":"https:\/\/jundiai.sp.gov.br\/desenvolvimento-economico\/wp-json\/wp\/v2\/media?parent=319"}],"curies":[{"name":"wp","href":"https:\/\/api.w.org\/{rel}","templated":true}]}}