{"id":41,"date":"2014-08-25T16:32:02","date_gmt":"2014-08-25T19:32:02","guid":{"rendered":"https:\/\/jundiai.sp.gov.br\/desenvolvimento-economico\/?page_id=41"},"modified":"2025-12-10T17:03:17","modified_gmt":"2025-12-10T20:03:17","slug":"maiores-empresas","status":"publish","type":"page","link":"https:\/\/jundiai.sp.gov.br\/desenvolvimento-economico\/maiores-empresas\/","title":{"rendered":"Maiores Empresas"},"content":{"rendered":"<h3>MAIORES EMPRESAS POR VALOR ADICIONADO (em ordem alfab\u00e9tica) &#8211; JUNDIA\u00cd 2025<\/h3>\n<ul>\n<li>APPLE COMPUTER BRASIL LT<\/li>\n<li>COMPANHIA PIRATININGA DE FORCA E LUZ<\/li>\n<li>SIEMENS ENERGY BRASIL LTDA.<\/li>\n<li>JACOBS DOUWE EGBERTS BR COMERCIALIZACAO<\/li>\n<li>HENKEL LTDA<\/li>\n<li>BRF S.A.<\/li>\n<li>SIEMENS INFRAESTRUTURA E INDUSTRIA LTDA.<\/li>\n<li>SANCHEZ CANO LTDA<span class=\"gmail_default\">\u00a0\/ FINI<\/span><\/li>\n<li>JOYSON SAFETY SYSTEMS BRASIL LTDA<\/li>\n<li>DEXCO S.A<\/li>\n<li>C<span class=\"gmail_default\">OCA COLA &#8211; FEMSA<\/span><\/li>\n<li>AGP TECNOLOGIA EM INFORMATICA DO BRASIL<\/li>\n<li>AGCO DO BRASIL SOLUCOES AGRICOLAS LTDA.<\/li>\n<li>ADUFERTIL FERTILIZANTES LTDA<\/li>\n<li>KLABIN S\/A<\/li>\n<li>AAK DO BRASIL INDUSTRIA E COMERCIO DE OL<\/li>\n<li>AMBEV S.A.<\/li>\n<li>DOW BRASIL INDUSTRIA E COMERCIO DE PRODU<\/li>\n<li>STIHL FERRAMENTAS MOTORIZADAS LTDA<\/li>\n<li>DANA IND\u00daSTRIAS LTDA<\/li>\n<li>WEIR DO BRASIL LTDA<\/li>\n<li>DUX COMERCIO E IMPORTACAO LTDA<\/li>\n<li>ASTRA S\/A IND E COM<\/li>\n<li>MACCAFERRI DO BRASIL LTDA<\/li>\n<li>CASTELO ALIMENTOS S\/A<\/li>\n<li>O.V. COMERCIO DE CONFECCOES LTDA<\/li>\n<li>ROCA SANITARIOS BRASIL LTDA<\/li>\n<li>SILGAN DISPENSING SYSTEMS AND PACKAGING<\/li>\n<li>CORREIAS MERCURIO S\/A INDUSTRIA E COMERC<\/li>\n<li>TELEFONICA BRASIL S.A.<\/li>\n<li>CBC INDUSTRIAS PESADAS S.A.<\/li>\n<li>FOOD BRANDS INDUSTRIA DE PRODUTOS ALIMEN<\/li>\n<li>BESINS HEALTHCARE BRASIL COMERCIAL E DIS<\/li>\n<li>A<span class=\"gmail_default\">MERICA EMBALAGENS<\/span><\/li>\n<li>LOGITECH DO BRASIL COMERCIO DE ACESSORIO<\/li>\n<li>PLASCAR INDUSTRIA DE COMPONENTES PLASTIC<\/li>\n<li>MOVEIS ESPLANADA LTDA<\/li>\n<li>HELLERMANNTYTON LTDA<\/li>\n<li>CRS BRANDS INDUSTRIA E COMERCIO S.A<\/li>\n<li>GRAPHIC PACKAGING INTERNATIONAL DO BRASI<\/li>\n<li>SULZER BRASIL S A<\/li>\n<li>HEXIS CIENTIFICA LTDA<\/li>\n<li>BIGNARDI &#8211; INDUSTRIA E COMERCIO DE PAPEI<\/li>\n<li>FOXCONN BRASIL INDUSTRIA E COMERCIO LTDA<\/li>\n<li>DE MARCHI IND E COM DE FRUTAS LT<\/li>\n<li>KSB BRASIL LTDA.<\/li>\n<li>GRUPO CASAS BAHIA S.A.<\/li>\n<li>SIGVARIS DO BRASIL IND R COM LT<\/li>\n<li>BERRY DO BRASIL LTDA.<\/li>\n<li>PILOT PEN DO BRASIL S\/A &#8211; INDUSTRIA E CO<\/li>\n<li>EMULZINT ADITIVOS ALIMENT IND E COM LT<\/li>\n<li>CLARO NXT TELECOMUNICACOES S\/A<\/li>\n<li>VIDARA DO BRASIL LTDA.<\/li>\n<li>AMCOR RIGID PACKAGING DO BRASIL LTDA<\/li>\n<li>ECOFABRIL INDUSTRIA E COMERCIO LTDA<\/li>\n<li>LINDAL DO BRASIL LTDA<\/li>\n<li>BOLLHOFF SERVICE CENTER LTDA<\/li>\n<li>DRESSER-RAND DO BRASIL LTDA.<\/li>\n<li>COMPANHIA DE GAS DE SAO PAULO &#8211; COMGAS<\/li>\n<li>GLOBALPLASTIC AUTOPECAS LTDA.<\/li>\n<li>GL FOODS WORLDWIDE LTDA.<\/li>\n<li>TAUSTE SUPERMERCADOS LTDA<\/li>\n<li>IBG IND\u00daSTRIA BRASILEIRA DE GASES LTDA<\/li>\n<li>KONGSBERG AUTOMOTIVE LTDA<\/li>\n<li>ADIMIX IND E COM DE ADITIVOS P\/ PAN LT<\/li>\n<li>JAPI S\/A INDUSTRIA E COMERCIO<\/li>\n<li>ALPINO IND METALURGICA LT<\/li>\n<li>CLARO S.A.<\/li>\n<li>GARDNER DENVER BRASIL INDUSTRIA E COMERC<\/li>\n<li>CHEMETALL DO BRASIL LTDA<\/li>\n<li>CASSIOLI BRASIL LT<\/li>\n<li>WAGO ELETROELETRONICOS LTDA.<\/li>\n<li>WESTWING COMERCIO VAREJISTA S.A.<\/li>\n<li>NEUMAYER TEKFOR AUTOMOTIVE BRASIL \u00a0LTDA<\/li>\n<li>PERFUMES DANA DO BRASIL S.A.<\/li>\n<li>EUROTECNICA AUTO PE\u00c7AS LTDA.<\/li>\n<li>BRASILATA S\/A EMBALAGENS METALICAS<\/li>\n<li>LOCCITANE DO BRASIL S\/A<\/li>\n<li>MASTERSENSE INGREDIENTES ALIMENTICIOS LT<\/li>\n<li>SABAF DO BRASIL LTDA<\/li>\n<li>AIR LIQUIDE BRASIL LTDA<\/li>\n<li>NEUMAYER TEKFOR AUTOMOTIVE BRASIL \u00a0LTDA<\/li>\n<li>FIACAO FIDES LTDA<\/li>\n<li>INAPEL EMBALAGENS LTDA<\/li>\n<li>ICC INDUSTRIAL COMERCIO EXPORTACAO E IMP<\/li>\n<li>MESSER GASES LTDA.<\/li>\n<li>ALLIED TECNOLOGIA S.A.<\/li>\n<li>DESTRO BRASIL DISTRIBUICAO LTDA<\/li>\n<li>A Z COMERCIO DE ACESSORIOS DE AUTO PECAS<\/li>\n<li>HMY DO BRASIL LT<\/li>\n<li>POLIMPORT COM\u00c9RCIO E EXPORTA\u00c7\u00c3O LTDA<\/li>\n<li>CAVANNA MAQUINAS E SISTEMAS PARA EMBALAG<\/li>\n<li>EVASOFT INDUSTRIA E COMERCIO LTDA<\/li>\n<li>ILPEA DO BRASIL LTDA<\/li>\n<li>COEXPAN EMSUR BRASIL EMBALAGENS LTDA<\/li>\n<li>CORREIAS MERCURIO S\/A INDUSTRIA E COMERC<\/li>\n<li>IRMAOS BOA LTDA<\/li>\n<li>WALSYWA INDUSTRIA E COMERCIO DE PRODUTOS<\/li>\n<li>MAT EQUIPAMENTOS PARA GASES LTDA.<\/li>\n<li>CPE PLASTICOS LTDA<\/li>\n<li>PROTURBO USINAGEM DE PRECIS\u00c3O LTDA<\/li>\n<li>TOMBINI &amp; CIA. LTDA<\/li>\n<li>APTAR DO BRASIL EMBALAGENS LTDA.<\/li>\n<li>FAVA &#8211; AGRO COMERCIAL LTDA<\/li>\n<li>TOYO INK BRASIL LTDA.<\/li>\n<li>SIRMAX DO BRASIL COMERCIO E INDUSTRIA DE<\/li>\n<li>SENSIENT TECHNOLOGIES INGREDIENTES DO BR<\/li>\n<li>THEOTO S\/A INDUSTRIA E COMERCIO<\/li>\n<li>YUTAKA DO BRASIL LTDA.<\/li>\n<li>SEARA ALIMENTOS LTDA<\/li>\n<li>SUMMA POLIMEROS LTDA.<\/li>\n<li>JMC &#8211; INDUSTRIA DE EMBALAGENS PLASTICAS<\/li>\n<li>SANDVIK COROMANT DO BRASIL INDUSTRIA E C<\/li>\n<li>BRENNTAG QUIMICA BRASIL LTDA.<\/li>\n<li>FOOD BRANDS INDUSTRIA DE PRODUTOS ALIMEN<\/li>\n<li>TRIMPLAS PERFILADOS PLAST IND E COM LT<\/li>\n<li>HAVAN S.A<\/li>\n<li>MIURA BOILER DO BRASIL LTDA.<\/li>\n<li>STAR SU INDUSTRIA DE FERRAMENTAS LTDA.<\/li>\n<li>CERAMICA GRESCA G3 LTDA<\/li>\n<li>UFI FILTERS DO BRASIL \u00a0INDUSTRIA E COMER<\/li>\n<li>OERLIKON BALZERS REVESTIMENTOS METALICOS<\/li>\n<li>PET MANIA COMERCIO INTERNACIONAL LTDA<\/li>\n<li>JCB DO BRASIL LTDA<\/li>\n<li>COMBUSTOL FORNOS INDUSTRIA E COMERCIO LT<\/li>\n<li>HORIBA INSTRUMENTS BRASIL LTDA<\/li>\n<\/ul>\n<p>Fonte: SMGOV \/ SMDECT.<\/p>\n","protected":false},"excerpt":{"rendered":"<p>MAIORES EMPRESAS POR VALOR ADICIONADO (em ordem alfab\u00e9tica) &#8211; JUNDIA\u00cd 2025 APPLE COMPUTER BRASIL LT COMPANHIA PIRATININGA DE FORCA E LUZ SIEMENS ENERGY BRASIL LTDA. JACOBS DOUWE EGBERTS BR COMERCIALIZACAO HENKEL LTDA BRF S.A. SIEMENS INFRAESTRUTURA E INDUSTRIA LTDA. SANCHEZ CANO LTDA\u00a0\/ FINI JOYSON SAFETY SYSTEMS BRASIL LTDA DEXCO S.A COCA COLA &#8211; FEMSA AGP [&hellip;]<\/p>\n","protected":false},"author":5,"featured_media":0,"parent":0,"menu_order":0,"comment_status":"closed","ping_status":"closed","template":"","meta":{"footnotes":""},"class_list":["post-41","page","type-page","status-publish","hentry"],"_links":{"self":[{"href":"https:\/\/jundiai.sp.gov.br\/desenvolvimento-economico\/wp-json\/wp\/v2\/pages\/41","targetHints":{"allow":["GET"]}}],"collection":[{"href":"https:\/\/jundiai.sp.gov.br\/desenvolvimento-economico\/wp-json\/wp\/v2\/pages"}],"about":[{"href":"https:\/\/jundiai.sp.gov.br\/desenvolvimento-economico\/wp-json\/wp\/v2\/types\/page"}],"author":[{"embeddable":true,"href":"https:\/\/jundiai.sp.gov.br\/desenvolvimento-economico\/wp-json\/wp\/v2\/users\/5"}],"replies":[{"embeddable":true,"href":"https:\/\/jundiai.sp.gov.br\/desenvolvimento-economico\/wp-json\/wp\/v2\/comments?post=41"}],"version-history":[{"count":8,"href":"https:\/\/jundiai.sp.gov.br\/desenvolvimento-economico\/wp-json\/wp\/v2\/pages\/41\/revisions"}],"predecessor-version":[{"id":1199,"href":"https:\/\/jundiai.sp.gov.br\/desenvolvimento-economico\/wp-json\/wp\/v2\/pages\/41\/revisions\/1199"}],"wp:attachment":[{"href":"https:\/\/jundiai.sp.gov.br\/desenvolvimento-economico\/wp-json\/wp\/v2\/media?parent=41"}],"curies":[{"name":"wp","href":"https:\/\/api.w.org\/{rel}","templated":true}]}}