{"id":52,"date":"2014-08-25T17:40:31","date_gmt":"2014-08-25T20:40:31","guid":{"rendered":"https:\/\/jundiai.sp.gov.br\/desenvolvimento-economico\/?page_id=52"},"modified":"2016-07-11T11:46:18","modified_gmt":"2016-07-11T14:46:18","slug":"comercio-diversificado","status":"publish","type":"page","link":"https:\/\/jundiai.sp.gov.br\/desenvolvimento-economico\/vantagens\/comercio-diversificado\/","title":{"rendered":"Com\u00e9rcio Diversificado"},"content":{"rendered":"<p>S\u00e9timo maior PIB municipal do Estado de S\u00e3o Paulo em 2013, Jundia\u00ed disp\u00f5e de tudo para ter um com\u00e9rcio forte e diversificado, e de fato tem. O PIB per capita municipal (de R$ 92.970,39, em 2013) \u00e9 maior que o de qualquer das capitais do Pa\u00eds. \u00c9 251% maior que o PIB per capita do Brasil. Segundo outro crit\u00e9rio, o da renda per capita, Jundia\u00ed ocupa o nono lugar no Estado de S\u00e3o Paulo, entre 645 munic\u00edpios. Segundo o Censo 2010 (IBGE), Jundia\u00ed teve uma renda per capita mensal de R$ 1.121,82 em 2010 (em reais de 2010), o que representa um valor 31,4% maior que a m\u00e9dia da renda per capita do Estado como um todo.<\/p>\n<p>Em termos ilustrativos, as dez maiores rendas per capita municipais do Estado, em 2010, foram (valores mensais, em Reais correntes \u2013 Censo 2010):<\/p>\n<div id=\"attachment_428\" style=\"width: 730px\" class=\"wp-caption aligncenter\"><a href=\"https:\/\/jundiai.sp.gov.br\/desenvolvimento-economico\/wp-content\/uploads\/sites\/9\/2014\/08\/tabeladesenvolvimento.png\" rel=\"attachment wp-att-428\"><img loading=\"lazy\" decoding=\"async\" aria-describedby=\"caption-attachment-428\" class=\"size-large wp-image-428\" src=\"https:\/\/jundiai.sp.gov.br\/desenvolvimento-economico\/wp-content\/uploads\/sites\/9\/2014\/08\/tabeladesenvolvimento-720x272.png\" alt=\"As dez maiores rendas per capita municipais do Estado\" width=\"720\" height=\"272\" srcset=\"https:\/\/jundiai.sp.gov.br\/desenvolvimento-economico\/wp-content\/uploads\/sites\/9\/2014\/08\/tabeladesenvolvimento-720x272.png 720w, https:\/\/jundiai.sp.gov.br\/desenvolvimento-economico\/wp-content\/uploads\/sites\/9\/2014\/08\/tabeladesenvolvimento-300x114.png 300w, https:\/\/jundiai.sp.gov.br\/desenvolvimento-economico\/wp-content\/uploads\/sites\/9\/2014\/08\/tabeladesenvolvimento-768x291.png 768w, https:\/\/jundiai.sp.gov.br\/desenvolvimento-economico\/wp-content\/uploads\/sites\/9\/2014\/08\/tabeladesenvolvimento.png 917w\" sizes=\"auto, (max-width: 720px) 100vw, 720px\" \/><\/a><p id=\"caption-attachment-428\" class=\"wp-caption-text\">As dez maiores rendas per capita municipais do Estado<\/p><\/div>\n<p>Para atender \u00e0 demanda decorrente deste destacado rendimento, o com\u00e9rcio desenvolveu-se em praticamente todos os ramos. A cidade possui quatro shopping centers, nove cinemas, as principais redes de fast food, bares, restaurantes, supermercados, revendedores de ve\u00edculos nacionais e importados, etc. Al\u00e9m do com\u00e9rcio de origem local, que se estende pelo centro e pelos bairros, grandes redes de atua\u00e7\u00e3o nacional est\u00e3o instaladas na cidade (Carrefour, Extra, P\u00e3o de A\u00e7ucar, Casa e Constru\u00e7\u00e3o, Telhanorte, Casas Bahia, Ponto Frio, C&amp;A, Lojas Americanas, Magazine Luiza, Marisa, Le Postiche, World Tennis, Centauro, Livraria Siciliano, Franc\u00f3i, etc.). O setor \u00e9 o terceiro empregador formal do Munic\u00edpio, com 39.917 empregados, em dezembro de 2014, e 8.280 estabelecimentos, segundo a Rais (Rela\u00e7\u00e3o Anual de informa\u00e7\u00f5es Sociais), do Minist\u00e9rio do Trabalho e do Emprego.<\/p>\n","protected":false},"excerpt":{"rendered":"<p>S\u00e9timo maior PIB municipal do Estado de S\u00e3o Paulo em 2013, Jundia\u00ed disp\u00f5e de tudo para ter um com\u00e9rcio forte e diversificado, e de fato tem. O PIB per capita municipal (de R$ 92.970,39, em 2013) \u00e9 maior que o de qualquer das capitais do Pa\u00eds. \u00c9 251% maior que o PIB per capita do [&hellip;]<\/p>\n","protected":false},"author":11,"featured_media":0,"parent":50,"menu_order":0,"comment_status":"closed","ping_status":"closed","template":"","meta":{"footnotes":""},"class_list":["post-52","page","type-page","status-publish","hentry"],"_links":{"self":[{"href":"https:\/\/jundiai.sp.gov.br\/desenvolvimento-economico\/wp-json\/wp\/v2\/pages\/52","targetHints":{"allow":["GET"]}}],"collection":[{"href":"https:\/\/jundiai.sp.gov.br\/desenvolvimento-economico\/wp-json\/wp\/v2\/pages"}],"about":[{"href":"https:\/\/jundiai.sp.gov.br\/desenvolvimento-economico\/wp-json\/wp\/v2\/types\/page"}],"author":[{"embeddable":true,"href":"https:\/\/jundiai.sp.gov.br\/desenvolvimento-economico\/wp-json\/wp\/v2\/users\/11"}],"replies":[{"embeddable":true,"href":"https:\/\/jundiai.sp.gov.br\/desenvolvimento-economico\/wp-json\/wp\/v2\/comments?post=52"}],"version-history":[{"count":7,"href":"https:\/\/jundiai.sp.gov.br\/desenvolvimento-economico\/wp-json\/wp\/v2\/pages\/52\/revisions"}],"predecessor-version":[{"id":431,"href":"https:\/\/jundiai.sp.gov.br\/desenvolvimento-economico\/wp-json\/wp\/v2\/pages\/52\/revisions\/431"}],"up":[{"embeddable":true,"href":"https:\/\/jundiai.sp.gov.br\/desenvolvimento-economico\/wp-json\/wp\/v2\/pages\/50"}],"wp:attachment":[{"href":"https:\/\/jundiai.sp.gov.br\/desenvolvimento-economico\/wp-json\/wp\/v2\/media?parent=52"}],"curies":[{"name":"wp","href":"https:\/\/api.w.org\/{rel}","templated":true}]}}