{"id":55,"date":"2014-08-25T17:40:53","date_gmt":"2014-08-25T20:40:53","guid":{"rendered":"https:\/\/jundiai.sp.gov.br\/desenvolvimento-economico\/?page_id=55"},"modified":"2016-07-11T11:47:36","modified_gmt":"2016-07-11T14:47:36","slug":"distritos-industriais","status":"publish","type":"page","link":"https:\/\/jundiai.sp.gov.br\/desenvolvimento-economico\/vantagens\/distritos-industriais\/","title":{"rendered":"Distritos Industriais"},"content":{"rendered":"<p>Jundia\u00ed possui amplos e modernos distritos industriais, dotados de completa infraestrutura e cujas \u00e1reas foram recentemente expandidas em aproximadamente 20%, atrav\u00e9s da nova Lei de Zoneamento e Uso do Solo.<\/p>\n<p>Os distritos industriais localizam-se \u00e0s margens das principais vias de transporte rodovi\u00e1rio, notadamente as rodovias Anhanguera e Bandeirantes. Aproximadamente 40% das \u00e1reas ainda est\u00e3o dispon\u00edveis, sendo servidas por rede de \u00e1gua, esgoto, g\u00e1s natural, emiss\u00e1rios coletores, energia el\u00e9trica, telecomunica\u00e7\u00f5es, transporte coletivo, al\u00e9m de ruas asfaltadas, guias e sarjetas.<\/p>\n","protected":false},"excerpt":{"rendered":"<p>Jundia\u00ed possui amplos e modernos distritos industriais, dotados de completa infraestrutura e cujas \u00e1reas foram recentemente expandidas em aproximadamente 20%, atrav\u00e9s da nova Lei de Zoneamento e Uso do Solo. Os distritos industriais localizam-se \u00e0s margens das principais vias de transporte rodovi\u00e1rio, notadamente as rodovias Anhanguera e Bandeirantes. Aproximadamente 40% das \u00e1reas ainda est\u00e3o dispon\u00edveis, [&hellip;]<\/p>\n","protected":false},"author":11,"featured_media":0,"parent":50,"menu_order":0,"comment_status":"closed","ping_status":"closed","template":"","meta":{"footnotes":""},"class_list":["post-55","page","type-page","status-publish","hentry"],"_links":{"self":[{"href":"https:\/\/jundiai.sp.gov.br\/desenvolvimento-economico\/wp-json\/wp\/v2\/pages\/55","targetHints":{"allow":["GET"]}}],"collection":[{"href":"https:\/\/jundiai.sp.gov.br\/desenvolvimento-economico\/wp-json\/wp\/v2\/pages"}],"about":[{"href":"https:\/\/jundiai.sp.gov.br\/desenvolvimento-economico\/wp-json\/wp\/v2\/types\/page"}],"author":[{"embeddable":true,"href":"https:\/\/jundiai.sp.gov.br\/desenvolvimento-economico\/wp-json\/wp\/v2\/users\/11"}],"replies":[{"embeddable":true,"href":"https:\/\/jundiai.sp.gov.br\/desenvolvimento-economico\/wp-json\/wp\/v2\/comments?post=55"}],"version-history":[{"count":3,"href":"https:\/\/jundiai.sp.gov.br\/desenvolvimento-economico\/wp-json\/wp\/v2\/pages\/55\/revisions"}],"predecessor-version":[{"id":432,"href":"https:\/\/jundiai.sp.gov.br\/desenvolvimento-economico\/wp-json\/wp\/v2\/pages\/55\/revisions\/432"}],"up":[{"embeddable":true,"href":"https:\/\/jundiai.sp.gov.br\/desenvolvimento-economico\/wp-json\/wp\/v2\/pages\/50"}],"wp:attachment":[{"href":"https:\/\/jundiai.sp.gov.br\/desenvolvimento-economico\/wp-json\/wp\/v2\/media?parent=55"}],"curies":[{"name":"wp","href":"https:\/\/api.w.org\/{rel}","templated":true}]}}