{"id":560,"date":"2017-04-26T09:52:24","date_gmt":"2017-04-26T12:52:24","guid":{"rendered":"https:\/\/jundiai.sp.gov.br\/desenvolvimento-economico\/?page_id=560"},"modified":"2025-09-11T16:31:58","modified_gmt":"2025-09-11T19:31:58","slug":"organograma","status":"publish","type":"page","link":"https:\/\/jundiai.sp.gov.br\/desenvolvimento-economico\/organograma\/","title":{"rendered":"Organograma"},"content":{"rendered":"\n<h2 class=\"wp-block-heading\">Estrutura da Secretaria<\/h2>\n\n\n\n<p>Secret\u00e1rio: Humberto Cereser<\/p>\n\n\n\n<hr class=\"wp-block-separator has-alpha-channel-opacity\"\/>\n\n\n\n<p><strong>Gabinete do Secret\u00e1rio de Desenvolvimento Econ\u00f4mico, Ci\u00eancia e Tecnologia<\/strong><br>Pa\u00e7o Municipal \u2013 6\u00ba andar \u2013 Ala Norte<br>Telefone: (11) 4589-8545<br>E-mail:&nbsp;<a href=\"mailto:ugdect@jundiai.sp.gov.br\" target=\"_blank\" rel=\"noreferrer noopener\">ugdect@jundiai.sp.gov.br<\/a><\/p>\n\n\n\n<p><strong>Se\u00e7\u00e3o de Atendimento:<\/strong><br>Pa\u00e7o Municipal \u2013 6\u00ba andar \u2013 Ala Norte<br>Telefone: (11) 4589-8546<\/p>\n\n\n\n<p><strong>Secretaria Municipal Adjunta de Empreendedorismo<\/strong><br>Telefone: (11) 4589-9520<\/p>\n\n\n\n<p><strong>Departamento de Planejamento, Gest\u00e3o e Finan\u00e7as<\/strong><br>Telefone: (11) 4589-8847<\/p>\n\n\n\n<p><strong>Departamento de Fomento ao Com\u00e9rcio e Servi\u00e7os<\/strong><br>Telefone: (11) 4589-9521<\/p>\n\n\n\n<p><strong>Departamento de Fomento \u00e0 Ind\u00fastria<\/strong><br>Telefone: (11) 4589-8551<\/p>\n\n\n\n<p><strong>Departamento de Ci\u00eancia e Tecnologia<\/strong><br>Telefone: (11) 4589\u20138416<\/p>\n\n\n\n<p><\/p>\n","protected":false},"excerpt":{"rendered":"<p>Estrutura da Secretaria Secret\u00e1rio: Humberto Cereser Gabinete do Secret\u00e1rio de Desenvolvimento Econ\u00f4mico, Ci\u00eancia e TecnologiaPa\u00e7o Municipal \u2013 6\u00ba andar \u2013 Ala NorteTelefone: (11) 4589-8545E-mail:&nbsp;ugdect@jundiai.sp.gov.br Se\u00e7\u00e3o de Atendimento:Pa\u00e7o Municipal \u2013 6\u00ba andar \u2013 Ala NorteTelefone: (11) 4589-8546 Secretaria Municipal Adjunta de EmpreendedorismoTelefone: (11) 4589-9520 Departamento de Planejamento, Gest\u00e3o e Finan\u00e7asTelefone: (11) 4589-8847 Departamento de Fomento ao [&hellip;]<\/p>\n","protected":false},"author":14,"featured_media":0,"parent":0,"menu_order":0,"comment_status":"closed","ping_status":"closed","template":"","meta":{"footnotes":""},"class_list":["post-560","page","type-page","status-publish","hentry"],"_links":{"self":[{"href":"https:\/\/jundiai.sp.gov.br\/desenvolvimento-economico\/wp-json\/wp\/v2\/pages\/560","targetHints":{"allow":["GET"]}}],"collection":[{"href":"https:\/\/jundiai.sp.gov.br\/desenvolvimento-economico\/wp-json\/wp\/v2\/pages"}],"about":[{"href":"https:\/\/jundiai.sp.gov.br\/desenvolvimento-economico\/wp-json\/wp\/v2\/types\/page"}],"author":[{"embeddable":true,"href":"https:\/\/jundiai.sp.gov.br\/desenvolvimento-economico\/wp-json\/wp\/v2\/users\/14"}],"replies":[{"embeddable":true,"href":"https:\/\/jundiai.sp.gov.br\/desenvolvimento-economico\/wp-json\/wp\/v2\/comments?post=560"}],"version-history":[{"count":18,"href":"https:\/\/jundiai.sp.gov.br\/desenvolvimento-economico\/wp-json\/wp\/v2\/pages\/560\/revisions"}],"predecessor-version":[{"id":1154,"href":"https:\/\/jundiai.sp.gov.br\/desenvolvimento-economico\/wp-json\/wp\/v2\/pages\/560\/revisions\/1154"}],"wp:attachment":[{"href":"https:\/\/jundiai.sp.gov.br\/desenvolvimento-economico\/wp-json\/wp\/v2\/media?parent=560"}],"curies":[{"name":"wp","href":"https:\/\/api.w.org\/{rel}","templated":true}]}}