{"id":57,"date":"2014-08-25T17:41:17","date_gmt":"2014-08-25T20:41:17","guid":{"rendered":"https:\/\/jundiai.sp.gov.br\/desenvolvimento-economico\/?page_id=57"},"modified":"2016-07-11T11:49:53","modified_gmt":"2016-07-11T14:49:53","slug":"economia-pujante","status":"publish","type":"page","link":"https:\/\/jundiai.sp.gov.br\/desenvolvimento-economico\/vantagens\/economia-pujante\/","title":{"rendered":"Economia Pujante"},"content":{"rendered":"<p>A pujan\u00e7a econ\u00f4mica de Jundia\u00ed \u00e9 explicitamente demonstrada no estudo publicado pelo IBGE em 2016, intitulado \u201cProduto Interno Bruto dos Munic\u00edpios \u2013 2013\u201d. Neste estudo, Jundia\u00ed posiciona-se, em 2013, como o 18\u00ba PIB municipal do Brasil; o 10 \u00ba da Regi\u00e3o Sudeste e o 7\u00b0 maior PIB municipal do Estado de S\u00e3o Paulo.<\/p>\n<p>Outra observa\u00e7\u00e3o importante, ressaltada pelo mesmo trabalho, \u00e9 o fato do PIB per capita de Jundia\u00ed, em 2013 (R$92.970,39), ter sido superior ao de todas as capitais do pa\u00eds. Percentualmente, o PIB per capita de Jundia\u00ed em 2013 foi 251% maior que o \u00edndice brasileiro, e 137% maior que o \u00edndice do Estado de S\u00e3o Paulo.<\/p>\n<p>A for\u00e7a do segmento Com\u00e9rcio\/Servi\u00e7os tamb\u00e9m foi destacada pelo mesmo estudo: 7\u00aa colocada no ranking paulista do PIB municipal geral e 7\u00aa posi\u00e7\u00e3o no quesito PIB setorial Com\u00e9rcio\/Servi\u00e7os. No PIB setorial Ind\u00fastria ocupa a 5\u00aa posi\u00e7\u00e3o no Estado, evidenciando saud\u00e1vel equil\u00edbrio entre os diversos segmentos econ\u00f4micos na gera\u00e7\u00e3o da riqueza local.<\/p>\n<p>\u00c9 importante considerar tamb\u00e9m os resultados apurados pela <a href=\"http:\/\/www.firjan.com.br\/pagina-inicial.htm\" target=\"_blank\">Federa\u00e7\u00e3o das Ind\u00fastrias do Rio de Janeiro (Firjan)<\/a>, em 2015 (com dados de 2013), que colocam Jundia\u00ed como o segundo melhor munic\u00edpio m\u00e9dio brasileiro (mais de 300 mil habitantes) em termos de desenvolvimento, a partir da considera\u00e7\u00e3o de indicadores de renda, sa\u00fade e educa\u00e7\u00e3o. A posi\u00e7\u00e3o absolutamente destacada de Jundia\u00ed mais uma vez consolida o posicionamento da cidade entre as primeiras do Estado de S\u00e3o Paulo e do Brasil quanto aos mais importantes crit\u00e9rios de avalia\u00e7\u00e3o.<\/p>\n","protected":false},"excerpt":{"rendered":"<p>A pujan\u00e7a econ\u00f4mica de Jundia\u00ed \u00e9 explicitamente demonstrada no estudo publicado pelo IBGE em 2016, intitulado \u201cProduto Interno Bruto dos Munic\u00edpios \u2013 2013\u201d. Neste estudo, Jundia\u00ed posiciona-se, em 2013, como o 18\u00ba PIB municipal do Brasil; o 10 \u00ba da Regi\u00e3o Sudeste e o 7\u00b0 maior PIB municipal do Estado de S\u00e3o Paulo. Outra observa\u00e7\u00e3o [&hellip;]<\/p>\n","protected":false},"author":11,"featured_media":0,"parent":50,"menu_order":0,"comment_status":"closed","ping_status":"closed","template":"","meta":{"footnotes":""},"class_list":["post-57","page","type-page","status-publish","hentry"],"_links":{"self":[{"href":"https:\/\/jundiai.sp.gov.br\/desenvolvimento-economico\/wp-json\/wp\/v2\/pages\/57","targetHints":{"allow":["GET"]}}],"collection":[{"href":"https:\/\/jundiai.sp.gov.br\/desenvolvimento-economico\/wp-json\/wp\/v2\/pages"}],"about":[{"href":"https:\/\/jundiai.sp.gov.br\/desenvolvimento-economico\/wp-json\/wp\/v2\/types\/page"}],"author":[{"embeddable":true,"href":"https:\/\/jundiai.sp.gov.br\/desenvolvimento-economico\/wp-json\/wp\/v2\/users\/11"}],"replies":[{"embeddable":true,"href":"https:\/\/jundiai.sp.gov.br\/desenvolvimento-economico\/wp-json\/wp\/v2\/comments?post=57"}],"version-history":[{"count":4,"href":"https:\/\/jundiai.sp.gov.br\/desenvolvimento-economico\/wp-json\/wp\/v2\/pages\/57\/revisions"}],"predecessor-version":[{"id":433,"href":"https:\/\/jundiai.sp.gov.br\/desenvolvimento-economico\/wp-json\/wp\/v2\/pages\/57\/revisions\/433"}],"up":[{"embeddable":true,"href":"https:\/\/jundiai.sp.gov.br\/desenvolvimento-economico\/wp-json\/wp\/v2\/pages\/50"}],"wp:attachment":[{"href":"https:\/\/jundiai.sp.gov.br\/desenvolvimento-economico\/wp-json\/wp\/v2\/media?parent=57"}],"curies":[{"name":"wp","href":"https:\/\/api.w.org\/{rel}","templated":true}]}}