{"id":6,"date":"2014-08-13T19:36:11","date_gmt":"2014-08-13T22:36:11","guid":{"rendered":"https:\/\/jundiai.sp.gov.br\/desenvolviment0-economico\/?page_id=6"},"modified":"2025-09-04T10:22:25","modified_gmt":"2025-09-04T13:22:25","slug":"desenvolvimento-economico-ciencia-e-tecnologia","status":"publish","type":"page","link":"https:\/\/jundiai.sp.gov.br\/desenvolvimento-economico\/","title":{"rendered":"Desenvolvimento Econ\u00f4mico, Ci\u00eancia e Tecnologia"},"content":{"rendered":"<p><strong>A Secretaria Municipal de Desenvolvimento Econ\u00f4mico, Ci\u00eancia e Tecnologia tem por finalidade coordenar as a\u00e7\u00f5es e pol\u00edticas de desenvolvimento econ\u00f4mico, ci\u00eancia e tecnologia no Munic\u00edpio, suportada pela seguinte estrutura administrativa b\u00e1sica:<\/strong><\/p>\n<ul>\n<li>Secretaria Adjunta de Empreendedorismo;<\/li>\n<li>Departamento de Planejamento, Gest\u00e3o e Finan\u00e7as;<\/li>\n<li>Departamento de Fomento ao Com\u00e9rcio e Servi\u00e7os;<\/li>\n<li>Departamento de Fomento \u00e0 Ind\u00fastria;<\/li>\n<li>Departamento de Ci\u00eancia e Tecnologia;<\/li>\n<li>Unidade de entregas Setorial.<\/li>\n<\/ul>\n<h2>Contatos<\/h2>\n<p><strong>Gabinete do Secretario de Desenvolvimento Econ\u00f4mico, Ci\u00eancia e Tecnologia<\/strong><br \/>\nPa\u00e7o Municipal \u2013 6\u00ba andar \u2013 Ala Norte<br \/>\nTelefone: (11) 4589-8545<br \/>\nE-mail:\u00a0<a href=\"mailto:ugdect@jundiai.sp.gov.br\" target=\"_blank\" rel=\"noopener noreferrer\">ugdect@jundiai.sp.gov.<wbr \/>br<\/a><\/p>\n<p><strong>Se\u00e7\u00e3o de Atendimento:<\/strong><br \/>\nPa\u00e7o Municipal \u2013 6\u00ba andar \u2013 Ala Norte<br \/>\nTelefone: (11) 4589-8546<\/p>\n<p><strong>Secretaria Adjunta de Empreendedorismo<\/strong><br \/>\nTelefone: (11) 4589-9520<\/p>\n<p><strong>Departamento de Planejamento, Gest\u00e3o e Finan\u00e7as<\/strong><br \/>\nTelefone: (11) 4589-8847<\/p>\n<p><strong>Departamento de Fomento ao Com\u00e9rcio e Servi\u00e7os<\/strong><br \/>\nTelefone: (11) 4589-9521<\/p>\n<p><strong>Departamento de Fomento \u00e0 Ind\u00fastria<\/strong><br \/>\nTelefone: (11) 4589-8551<\/p>\n<p><strong>Departamento de Ci\u00eancia e Tecnologia<\/strong><br \/>\nTelefone: (11) 4589\u20138416<\/p>\n<h2>Jundia\u00ed Empreendedora<\/h2>\n<p>Avenida Ant\u00f4nio Frederico Ozanan, 6000 &#8211; Maxi Shopping Piso G3 Ala norte<br \/>\nHor\u00e1rio de atendimento: de segunda a sexta-feira, das 8h \u00e0s 17h<\/p>\n<p><strong>Recep\u00e7\u00e3o<\/strong><br \/>\nTelefone: (11) 4589-9525<\/p>\n<p><strong>Seguro Desemprego<\/strong><br \/>\nTelefone: (11) 4589-9507<\/p>\n<p><strong>Empresas<\/strong><br \/>\nTelefone: (11) 4589-9504<\/p>\n<p><strong>Recoloca\u00e7\u00e3o profissional PCD<\/strong><br \/>\nTelefone: (11) 4589-9512<\/p>\n<p><strong>Empreendedorismo\u00a0<\/strong><br \/>\nTelefone: (11) 4589-9516<\/p>\n<p><strong>Banco do Povo<\/strong><br \/>\nFone: (11) 4589-9518<br \/>\n<a href=\"http:\/\/www.bancodopovo.sp.gov.br\/\" target=\"_blank\" rel=\"noopener noreferrer\" data-saferedirecturl=\"https:\/\/www.google.com\/url?q=http:\/\/www.bancodopovo.sp.gov.br\/&amp;source=gmail&amp;ust=1560876983463000&amp;usg=AFQjCNGlFRvNBqRXtFLJxNYsd8x7JB7oFA\">www.bancodopovo.sp.gov.br<\/a><\/p>\n","protected":false},"excerpt":{"rendered":"<p>A Secretaria Municipal de Desenvolvimento Econ\u00f4mico, Ci\u00eancia e Tecnologia tem por finalidade coordenar as a\u00e7\u00f5es e pol\u00edticas de desenvolvimento econ\u00f4mico, ci\u00eancia e tecnologia no Munic\u00edpio, suportada pela seguinte estrutura administrativa b\u00e1sica: Secretaria Adjunta de Empreendedorismo; Departamento de Planejamento, Gest\u00e3o e Finan\u00e7as; Departamento de Fomento ao Com\u00e9rcio e Servi\u00e7os; Departamento de Fomento \u00e0 Ind\u00fastria; Departamento de [&hellip;]<\/p>\n","protected":false},"author":8,"featured_media":0,"parent":0,"menu_order":0,"comment_status":"open","ping_status":"closed","template":"","meta":{"footnotes":""},"class_list":["post-6","page","type-page","status-publish","hentry"],"_links":{"self":[{"href":"https:\/\/jundiai.sp.gov.br\/desenvolvimento-economico\/wp-json\/wp\/v2\/pages\/6","targetHints":{"allow":["GET"]}}],"collection":[{"href":"https:\/\/jundiai.sp.gov.br\/desenvolvimento-economico\/wp-json\/wp\/v2\/pages"}],"about":[{"href":"https:\/\/jundiai.sp.gov.br\/desenvolvimento-economico\/wp-json\/wp\/v2\/types\/page"}],"author":[{"embeddable":true,"href":"https:\/\/jundiai.sp.gov.br\/desenvolvimento-economico\/wp-json\/wp\/v2\/users\/8"}],"replies":[{"embeddable":true,"href":"https:\/\/jundiai.sp.gov.br\/desenvolvimento-economico\/wp-json\/wp\/v2\/comments?post=6"}],"version-history":[{"count":44,"href":"https:\/\/jundiai.sp.gov.br\/desenvolvimento-economico\/wp-json\/wp\/v2\/pages\/6\/revisions"}],"predecessor-version":[{"id":1169,"href":"https:\/\/jundiai.sp.gov.br\/desenvolvimento-economico\/wp-json\/wp\/v2\/pages\/6\/revisions\/1169"}],"wp:attachment":[{"href":"https:\/\/jundiai.sp.gov.br\/desenvolvimento-economico\/wp-json\/wp\/v2\/media?parent=6"}],"curies":[{"name":"wp","href":"https:\/\/api.w.org\/{rel}","templated":true}]}}