{"id":61,"date":"2014-08-25T17:43:35","date_gmt":"2014-08-25T20:43:35","guid":{"rendered":"https:\/\/jundiai.sp.gov.br\/desenvolvimento-economico\/?page_id=61"},"modified":"2026-01-26T10:00:41","modified_gmt":"2026-01-26T13:00:41","slug":"educacao-e-qualificacao","status":"publish","type":"page","link":"https:\/\/jundiai.sp.gov.br\/desenvolvimento-economico\/vantagens\/educacao-e-qualificacao\/","title":{"rendered":"Educa\u00e7\u00e3o e Qualifica\u00e7\u00e3o"},"content":{"rendered":"\n<p>Com longa tradi\u00e7\u00e3o e destacada presen\u00e7a na Ind\u00fastria, Com\u00e9rcio e Servi\u00e7os, Jundia\u00ed est\u00e1 pronta para atender \u00e0s necessidades de m\u00e3o-de-obra qualificada nos mais distintos segmentos da atividade econ\u00f4mica.<\/p>\n\n\n\n<p>Na esfera do ensino t\u00e9cnico, ampla rede de escolas particulares, al\u00e9m das do SENAI, do SENAC, ETEC Vasco Venchiarutti, ETEC Benedito Storani e IFSP &#8211; Instituto Federal &nbsp;oferecem permanentemente v\u00e1rias dezenas de cursos t\u00e9cnico profissionalizantes. A Prefeitura do Munic\u00edpio, em parceria com o Governo do Estado, mant\u00e9m diversos cursos de qualifica\u00e7\u00e3o da m\u00e3o-de-obra, cujo conte\u00fado \u00e9 renovado a cada ano, de acordo com a necessidade do mercado.<\/p>\n\n\n\n<p>A educa\u00e7\u00e3o universit\u00e1ria \u00e9 oferecida por sete centros de ensino superior, com mais de 50 cursos. Al\u00e9m disso, gra\u00e7as \u00e0 sua localiza\u00e7\u00e3o, a cidade usufrui tamb\u00e9m de duas das melhores universidades p\u00fablicas brasileiras: a Universidade de S\u00e3o Paulo (USP), a 45 minutos de Jundia\u00ed, e a Universidade Estadual de Campinas (Unicamp), a 40 minutos. Adicionalmente, nestas mesmas cidades, excelentes cursos s\u00e3o oferecidos pelas universidades PUC, SENAC, Funda\u00e7\u00e3o Get\u00falio Vargas, entre outras.<\/p>\n\n\n\n<p>Esta mesma estrutura educacional possibilita amplas op\u00e7\u00f5es de extens\u00e3o universit\u00e1ria, com cursos de mestrado, doutorado, MBA, etc, com forte demanda, inclusive de alunos estrangeiros.<\/p>\n","protected":false},"excerpt":{"rendered":"<p>Com longa tradi\u00e7\u00e3o e destacada presen\u00e7a na Ind\u00fastria, Com\u00e9rcio e Servi\u00e7os, Jundia\u00ed est\u00e1 pronta para atender \u00e0s necessidades de m\u00e3o-de-obra qualificada nos mais distintos segmentos da atividade econ\u00f4mica. Na esfera do ensino t\u00e9cnico, ampla rede de escolas particulares, al\u00e9m das do SENAI, do SENAC, ETEC Vasco Venchiarutti, ETEC Benedito Storani e IFSP &#8211; Instituto Federal [&hellip;]<\/p>\n","protected":false},"author":11,"featured_media":0,"parent":50,"menu_order":0,"comment_status":"closed","ping_status":"closed","template":"","meta":{"footnotes":""},"class_list":["post-61","page","type-page","status-publish","hentry"],"_links":{"self":[{"href":"https:\/\/jundiai.sp.gov.br\/desenvolvimento-economico\/wp-json\/wp\/v2\/pages\/61","targetHints":{"allow":["GET"]}}],"collection":[{"href":"https:\/\/jundiai.sp.gov.br\/desenvolvimento-economico\/wp-json\/wp\/v2\/pages"}],"about":[{"href":"https:\/\/jundiai.sp.gov.br\/desenvolvimento-economico\/wp-json\/wp\/v2\/types\/page"}],"author":[{"embeddable":true,"href":"https:\/\/jundiai.sp.gov.br\/desenvolvimento-economico\/wp-json\/wp\/v2\/users\/11"}],"replies":[{"embeddable":true,"href":"https:\/\/jundiai.sp.gov.br\/desenvolvimento-economico\/wp-json\/wp\/v2\/comments?post=61"}],"version-history":[{"count":6,"href":"https:\/\/jundiai.sp.gov.br\/desenvolvimento-economico\/wp-json\/wp\/v2\/pages\/61\/revisions"}],"predecessor-version":[{"id":1211,"href":"https:\/\/jundiai.sp.gov.br\/desenvolvimento-economico\/wp-json\/wp\/v2\/pages\/61\/revisions\/1211"}],"up":[{"embeddable":true,"href":"https:\/\/jundiai.sp.gov.br\/desenvolvimento-economico\/wp-json\/wp\/v2\/pages\/50"}],"wp:attachment":[{"href":"https:\/\/jundiai.sp.gov.br\/desenvolvimento-economico\/wp-json\/wp\/v2\/media?parent=61"}],"curies":[{"name":"wp","href":"https:\/\/api.w.org\/{rel}","templated":true}]}}