{"id":614,"date":"2018-03-12T09:56:46","date_gmt":"2018-03-12T12:56:46","guid":{"rendered":"https:\/\/jundiai.sp.gov.br\/desenvolvimento-economico\/?page_id=614"},"modified":"2018-03-12T09:58:40","modified_gmt":"2018-03-12T12:58:40","slug":"politica-de-seguranca","status":"publish","type":"page","link":"https:\/\/jundiai.sp.gov.br\/desenvolvimento-economico\/politica-de-seguranca\/","title":{"rendered":"Pol\u00edtica de Seguran\u00e7a"},"content":{"rendered":"<p><a href=\"https:\/\/jundiai.sp.gov.br\/desenvolvimento-economico\/wp-content\/uploads\/sites\/9\/2018\/03\/politica-n0.pdf\">Pol\u00edtica Institucional N0<\/a><\/p>\n<p>Publicada na <a href=\"https:\/\/imprensaoficial.jundiai.sp.gov.br\/edicao-3993\/\" target=\"_blank\" rel=\"noopener\">Imprensa Oficial 3993<\/a>, em 14\/11\/2014<\/p>\n<ol>\n<li>Gest\u00e3o de Ativos<\/li>\n<li>Seguran\u00e7a em Recursos Humanos<\/li>\n<li>Seguran\u00e7a F\u00edsica e do Ambiente<\/li>\n<li>Gest\u00e3o de Opera\u00e7\u00f5es e Comunica\u00e7\u00f5es<\/li>\n<li>Controle de Acesso<\/li>\n<li>Aquisi\u00e7\u00e3o, Desenvolvimento e Manuten\u00e7\u00e3o de Sistemas de Informa\u00e7\u00e3o<\/li>\n<li>Gest\u00e3o de Contratos de Servi\u00e7os Cr\u00edticos com Fornecedores<\/li>\n<li>Gest\u00e3o de Incidentes de Seguran\u00e7a da Informa\u00e7\u00e3o<\/li>\n<li>Gest\u00e3o de Continuidade do Neg\u00f3cio<\/li>\n<li>Conformidade<\/li>\n<li>Gest\u00e3o de Processos Administrativos<\/li>\n<\/ol>\n","protected":false},"excerpt":{"rendered":"<p>Pol\u00edtica Institucional N0 Publicada na Imprensa Oficial 3993, em 14\/11\/2014 Gest\u00e3o de Ativos Seguran\u00e7a em Recursos Humanos Seguran\u00e7a F\u00edsica e do Ambiente Gest\u00e3o de Opera\u00e7\u00f5es e Comunica\u00e7\u00f5es Controle de Acesso Aquisi\u00e7\u00e3o, Desenvolvimento e Manuten\u00e7\u00e3o de Sistemas de Informa\u00e7\u00e3o Gest\u00e3o de Contratos de Servi\u00e7os Cr\u00edticos com Fornecedores Gest\u00e3o de Incidentes de Seguran\u00e7a da Informa\u00e7\u00e3o Gest\u00e3o de [&hellip;]<\/p>\n","protected":false},"author":8,"featured_media":0,"parent":0,"menu_order":0,"comment_status":"closed","ping_status":"closed","template":"","meta":{"footnotes":""},"class_list":["post-614","page","type-page","status-publish","hentry"],"_links":{"self":[{"href":"https:\/\/jundiai.sp.gov.br\/desenvolvimento-economico\/wp-json\/wp\/v2\/pages\/614","targetHints":{"allow":["GET"]}}],"collection":[{"href":"https:\/\/jundiai.sp.gov.br\/desenvolvimento-economico\/wp-json\/wp\/v2\/pages"}],"about":[{"href":"https:\/\/jundiai.sp.gov.br\/desenvolvimento-economico\/wp-json\/wp\/v2\/types\/page"}],"author":[{"embeddable":true,"href":"https:\/\/jundiai.sp.gov.br\/desenvolvimento-economico\/wp-json\/wp\/v2\/users\/8"}],"replies":[{"embeddable":true,"href":"https:\/\/jundiai.sp.gov.br\/desenvolvimento-economico\/wp-json\/wp\/v2\/comments?post=614"}],"version-history":[{"count":3,"href":"https:\/\/jundiai.sp.gov.br\/desenvolvimento-economico\/wp-json\/wp\/v2\/pages\/614\/revisions"}],"predecessor-version":[{"id":620,"href":"https:\/\/jundiai.sp.gov.br\/desenvolvimento-economico\/wp-json\/wp\/v2\/pages\/614\/revisions\/620"}],"wp:attachment":[{"href":"https:\/\/jundiai.sp.gov.br\/desenvolvimento-economico\/wp-json\/wp\/v2\/media?parent=614"}],"curies":[{"name":"wp","href":"https:\/\/api.w.org\/{rel}","templated":true}]}}