{"id":63,"date":"2014-08-25T17:44:24","date_gmt":"2014-08-25T20:44:24","guid":{"rendered":"https:\/\/jundiai.sp.gov.br\/desenvolvimento-economico\/?page_id=63"},"modified":"2021-12-08T15:18:46","modified_gmt":"2021-12-08T18:18:46","slug":"a-forca-da-industria","status":"publish","type":"page","link":"https:\/\/jundiai.sp.gov.br\/desenvolvimento-economico\/vantagens\/a-forca-da-industria\/","title":{"rendered":"A For\u00e7a da Ind\u00fastria"},"content":{"rendered":"<p>Jundia\u00ed possui 2.768 ind\u00fastrias (incluindo o subsetor da constru\u00e7\u00e3o civil) segundo dados da Rais 2019 (Rela\u00e7\u00e3o Anual de Informa\u00e7\u00f5es Sociais), do Minist\u00e9rio do Trabalho e do Emprego. O setor \u00e9 o segundo maior empregador de m\u00e3o-de-obra formal do Munic\u00edpio, com 171.931 funcion\u00e1rios.<\/p>\n<p>Este complexo foi respons\u00e1vel, em 2013, pelo quinto maior valor adicionado industrial do Estado de S\u00e3o Paulo, segundo dados apurados pelo IBGE no estudo \u201cProduto Interno Bruto dos Munic\u00edpios 2013\u201d. A ind\u00fastria, (incluindo a constru\u00e7\u00e3o civil), participa com 27,08% na composi\u00e7\u00e3o do valor adicionado municipal.<\/p>\n<p><strong>Na diversidade do parque industrial jundiaiense, destacam-se os setores de: Alimentos e Bebidas, com uma das maiores f\u00e1bricas de refrigerantes do mundo \u2013 a Coca Cola, al\u00e9m da Ambev (Pepsi Cola), Vinagre Castelo e Vinagre Toscano, com expressiva participa\u00e7\u00e3o na produ\u00e7\u00e3o nacional de vinagre, Sara Lee, Sadia, Frigor Hans, Cereser (que inaugurou no Munic\u00edpio, em 2009, a maior linha de produ\u00e7\u00e3o de espumantes do mundo), Belesso, Passarin e outros; Lou\u00e7as e Cer\u00e2mica: Incepa\/Roca, Deca, Ideal Standard, tamb\u00e9m respons\u00e1veis por fra\u00e7\u00e3o expressiva da produ\u00e7\u00e3o nacional; Papel e Embalagens: Klabin, Injepet, Rexan, Henry Pack, etc.; Autope\u00e7as: Mahle Metal Leve, Plascar, EBF Vaz, Neumayer Tekfor, Takata-Petri, Continental, Alpino, Bollhoff, Balzers, Eltek, Eckerle, etc.; M\u00e1quinas e Equipamentos: Sifco, Siemens, CBC Ind\u00fastrias Pesadas, BT International, Husky, Korper, Radio Frigor, Wofgang Loch, GTS Thielmann, etc.; Produtos Qu\u00edmicos: Dow Chemical, National Chemical, Eka Chemicals, Ecopur, AGA S\/A, Air Liquide, White Martins, Messer, IBG, etc.; Material Eletr\u00f4nico: Foxconn, Compal, Arima, etc., T\u00eaxtil, Farmac\u00eautica, Constru\u00e7\u00e3o, Pl\u00e1stico e Borracha, e muitos outros setores.<\/strong><\/p>\n<p>Tradi\u00e7\u00e3o de longa data, a for\u00e7a da ind\u00fastria ainda \u00e9 o presente de Jundia\u00ed, e o futuro ser\u00e1 constru\u00eddo com o amparo de sua contribui\u00e7\u00e3o.<\/p>\n<p><strong>\u00a0 \u00a0 DISTRIBUI\u00c7\u00c3O DOS ESTABELECIMENTOS E DA M\u00c3O DE OBRA FORMAL &#8211; 2019<\/strong><\/p>\n\n\n<figure class=\"wp-block-image size-full is-resized\"><a href=\"https:\/\/jundiai.sp.gov.br\/desenvolvimento-economico\/wp-content\/uploads\/sites\/9\/2021\/12\/industria.png\"><img loading=\"lazy\" decoding=\"async\" src=\"https:\/\/jundiai.sp.gov.br\/desenvolvimento-economico\/wp-content\/uploads\/sites\/9\/2021\/12\/industria.png\" alt=\"\" class=\"wp-image-764\" width=\"1096\" height=\"349\" srcset=\"https:\/\/jundiai.sp.gov.br\/desenvolvimento-economico\/wp-content\/uploads\/sites\/9\/2021\/12\/industria.png 735w, https:\/\/jundiai.sp.gov.br\/desenvolvimento-economico\/wp-content\/uploads\/sites\/9\/2021\/12\/industria-300x96.png 300w\" sizes=\"auto, (max-width: 1096px) 100vw, 1096px\" \/><\/a><\/figure>\n","protected":false},"excerpt":{"rendered":"<p>Jundia\u00ed possui 2.768 ind\u00fastrias (incluindo o subsetor da constru\u00e7\u00e3o civil) segundo dados da Rais 2019 (Rela\u00e7\u00e3o Anual de Informa\u00e7\u00f5es Sociais), do Minist\u00e9rio do Trabalho e do Emprego. O setor \u00e9 o segundo maior empregador de m\u00e3o-de-obra formal do Munic\u00edpio, com 171.931 funcion\u00e1rios. Este complexo foi respons\u00e1vel, em 2013, pelo quinto maior valor adicionado industrial do [&hellip;]<\/p>\n","protected":false},"author":11,"featured_media":0,"parent":50,"menu_order":0,"comment_status":"closed","ping_status":"closed","template":"","meta":{"footnotes":""},"class_list":["post-63","page","type-page","status-publish","hentry"],"_links":{"self":[{"href":"https:\/\/jundiai.sp.gov.br\/desenvolvimento-economico\/wp-json\/wp\/v2\/pages\/63","targetHints":{"allow":["GET"]}}],"collection":[{"href":"https:\/\/jundiai.sp.gov.br\/desenvolvimento-economico\/wp-json\/wp\/v2\/pages"}],"about":[{"href":"https:\/\/jundiai.sp.gov.br\/desenvolvimento-economico\/wp-json\/wp\/v2\/types\/page"}],"author":[{"embeddable":true,"href":"https:\/\/jundiai.sp.gov.br\/desenvolvimento-economico\/wp-json\/wp\/v2\/users\/11"}],"replies":[{"embeddable":true,"href":"https:\/\/jundiai.sp.gov.br\/desenvolvimento-economico\/wp-json\/wp\/v2\/comments?post=63"}],"version-history":[{"count":5,"href":"https:\/\/jundiai.sp.gov.br\/desenvolvimento-economico\/wp-json\/wp\/v2\/pages\/63\/revisions"}],"predecessor-version":[{"id":766,"href":"https:\/\/jundiai.sp.gov.br\/desenvolvimento-economico\/wp-json\/wp\/v2\/pages\/63\/revisions\/766"}],"up":[{"embeddable":true,"href":"https:\/\/jundiai.sp.gov.br\/desenvolvimento-economico\/wp-json\/wp\/v2\/pages\/50"}],"wp:attachment":[{"href":"https:\/\/jundiai.sp.gov.br\/desenvolvimento-economico\/wp-json\/wp\/v2\/media?parent=63"}],"curies":[{"name":"wp","href":"https:\/\/api.w.org\/{rel}","templated":true}]}}