{"id":70,"date":"2014-08-25T18:16:01","date_gmt":"2014-08-25T21:16:01","guid":{"rendered":"https:\/\/jundiai.sp.gov.br\/desenvolvimento-economico\/?page_id=70"},"modified":"2014-09-29T14:32:45","modified_gmt":"2014-09-29T17:32:45","slug":"logistica-invejavel","status":"publish","type":"page","link":"https:\/\/jundiai.sp.gov.br\/desenvolvimento-economico\/vantagens\/logistica-invejavel\/","title":{"rendered":"Logistica Invej\u00e1vel"},"content":{"rendered":"<p>Associado ao seu estrat\u00e9gico posicionamento geogr\u00e1fico, Jundia\u00ed desfruta de uma das melhores malhas de transporte do Estado de S\u00e3o Paulo, englobando rodovias, ferrovias, portos, aeroportos e a hidrovia Tiet\u00ea-Paran\u00e1. O Munic\u00edpio disp\u00f5e da melhor malha rodovi\u00e1ria do Estado, composta pelas rodovias Anhanguera e Bandeirantes. Al\u00e9m destas, h\u00e1 a rodovia Dom Gabriel Paulino Bueno Couto, que come\u00e7a na cidade e d\u00e1 acesso a Itu e \u00e0 rodovia Castelo Branco; e a rodovia Const\u00e2ncio Cintra, que d\u00e1 acesso \u00e0 Rodovia Dom Pedro II, \u00e0 Via Dutra, \u00e0 Rodovia Fern\u00e3o Dias e ao Circuito das \u00c1guas. Important\u00edssimo investimento para racionaliza\u00e7\u00e3o e efici\u00eancia do tr\u00e1fego rodovi\u00e1rio, o novo anel vi\u00e1rio de S\u00e3o Paulo, com trechos j\u00e1 inaugurados, dista apenas 20 km de Jundia\u00ed.<\/p>\n<p>Al\u00e9m da excelente malha rodovi\u00e1ria, a cidade localiza-se perto dos principais aeroportos do Estado: Viracopos (em Campinas) apenas a 30 minutos; Congonhas (em S\u00e3o Paulo) e Cumbica (em Guarulhos) a uma hora. H\u00e1 tamb\u00e9m o Aeroporto Estadual de Jundia\u00ed, recentemente ampliado, com destacada voca\u00e7\u00e3o para avia\u00e7\u00e3o executiva e manuten\u00e7\u00e3o de aeronaves.<\/p>\n<p>No transporte ferrovi\u00e1rio, a CPTM (Companhia Paulista de Trens Metropolitanos) e todas as ferrovias do Estado passam, come\u00e7am ou terminam em Jundia\u00ed, ligando a cidade diretamente ao porto de Santos, que fica a 110 km. Facilitando a importa\u00e7\u00e3o e exporta\u00e7\u00e3o, est\u00e1 em opera\u00e7\u00e3o, junto \u00e0 ferrovia, um amplo terminal de cargas para cont\u00eaineres, oferecendo completa infraestrutura log\u00edstica para as atividades de com\u00e9rcio exterior.<\/p>\n<p>Por fim, Jundia\u00ed est\u00e1 a aproximadamente 100 km do terminal da hidrovia Tiet\u00ea-Paran\u00e1, em Conchas. Oferecendo aproximadamente 2.400 km de rios naveg\u00e1veis, a hidrovia permite acesso aos Estados de Goi\u00e1s e Minas Gerais, ao norte; ao Estado do Paran\u00e1, ao sul, e ao Mato Grosso do Sul e Paraguai, ao leste.<\/p>\n","protected":false},"excerpt":{"rendered":"<p>Associado ao seu estrat\u00e9gico posicionamento geogr\u00e1fico, Jundia\u00ed desfruta de uma das melhores malhas de transporte do Estado de S\u00e3o Paulo, englobando rodovias, ferrovias, portos, aeroportos e a hidrovia Tiet\u00ea-Paran\u00e1. O Munic\u00edpio disp\u00f5e da melhor malha rodovi\u00e1ria do Estado, composta pelas rodovias Anhanguera e Bandeirantes. Al\u00e9m destas, h\u00e1 a rodovia Dom Gabriel Paulino Bueno Couto, que [&hellip;]<\/p>\n","protected":false},"author":11,"featured_media":0,"parent":50,"menu_order":0,"comment_status":"closed","ping_status":"closed","template":"","meta":{"footnotes":""},"class_list":["post-70","page","type-page","status-publish","hentry"],"_links":{"self":[{"href":"https:\/\/jundiai.sp.gov.br\/desenvolvimento-economico\/wp-json\/wp\/v2\/pages\/70","targetHints":{"allow":["GET"]}}],"collection":[{"href":"https:\/\/jundiai.sp.gov.br\/desenvolvimento-economico\/wp-json\/wp\/v2\/pages"}],"about":[{"href":"https:\/\/jundiai.sp.gov.br\/desenvolvimento-economico\/wp-json\/wp\/v2\/types\/page"}],"author":[{"embeddable":true,"href":"https:\/\/jundiai.sp.gov.br\/desenvolvimento-economico\/wp-json\/wp\/v2\/users\/11"}],"replies":[{"embeddable":true,"href":"https:\/\/jundiai.sp.gov.br\/desenvolvimento-economico\/wp-json\/wp\/v2\/comments?post=70"}],"version-history":[{"count":2,"href":"https:\/\/jundiai.sp.gov.br\/desenvolvimento-economico\/wp-json\/wp\/v2\/pages\/70\/revisions"}],"predecessor-version":[{"id":215,"href":"https:\/\/jundiai.sp.gov.br\/desenvolvimento-economico\/wp-json\/wp\/v2\/pages\/70\/revisions\/215"}],"up":[{"embeddable":true,"href":"https:\/\/jundiai.sp.gov.br\/desenvolvimento-economico\/wp-json\/wp\/v2\/pages\/50"}],"wp:attachment":[{"href":"https:\/\/jundiai.sp.gov.br\/desenvolvimento-economico\/wp-json\/wp\/v2\/media?parent=70"}],"curies":[{"name":"wp","href":"https:\/\/api.w.org\/{rel}","templated":true}]}}