{"id":72,"date":"2014-08-25T18:16:33","date_gmt":"2014-08-25T21:16:33","guid":{"rendered":"https:\/\/jundiai.sp.gov.br\/desenvolvimento-economico\/?page_id=72"},"modified":"2014-09-29T14:33:09","modified_gmt":"2014-09-29T17:33:09","slug":"qualidade-de-vida","status":"publish","type":"page","link":"https:\/\/jundiai.sp.gov.br\/desenvolvimento-economico\/vantagens\/qualidade-de-vida\/","title":{"rendered":"Qualidade de Vida"},"content":{"rendered":"<p><strong>O melhor de dois mundos em um \u00fanico lugar:<\/strong> conforto de cidade pequena aliado \u00e0 modernidade e \u00e0s facilidades de uma metr\u00f3pole. Assim \u00e9 Jundia\u00ed! Embora tenha importante polo industrial, comercial e de servi\u00e7os, entre os maiores do Estado de S\u00e3o Paulo, Jundia\u00ed preserva sua produ\u00e7\u00e3o agr\u00edcola na \u00e1rea da fruticultura (especialmente uva, morango e caqui). \u00c9 sede e a maior cidade do Circuito das Frutas, cons\u00f3rcio intermunicipal com voca\u00e7\u00e3o tur\u00edstica e importante produ\u00e7\u00e3o frut\u00edcola. Da \u00e1rea total do munic\u00edpio, 64% \u00e9 considerada \u00e1rea rural, 31% da qual compreende a \u00e1rea de tombamento da Serra do Japi. Tudo com acesso facilitado \u00e0 variada oferta de bens e servi\u00e7os, caracter\u00edsticas pr\u00f3prias de uma cidade de grande porte.<\/p>\n<p>Por tudo isso, Jundia\u00ed tem uma das melhores qualidade de vida do Estado de S\u00e3o Paulo. \u00c9 conhecida como &#8220;cidade saud\u00e1vel&#8221;, t\u00edtulo conferido pela Universidade de Toronto, do Canad\u00e1. Para o \u00cdndice de Desenvolvimento Humano Municipal (IDH-M) do Estado de S\u00e3o Paulo, o munic\u00edpio figura em segundo lugar, para cidades com mais de 300.000 habitantes, e o quarto lugar no ranking geral entre os 645 munic\u00edpios do Estado, para o mesmo indicador.<\/p>\n<p>\u00c9 importante considerar tamb\u00e9m os resultados apurados pela FIRJAN (Federa\u00e7\u00e3o das Ind\u00fastrias do Rio de Janeiro), em 2012 (com dados de 2010), que colocam Jundia\u00ed como o terceiro melhor munic\u00edpio m\u00e9dio brasileiro (mais de 300 mil habitantes) em termos de desenvolvimento, a partir da considera\u00e7\u00e3o de indicadores de renda, sa\u00fade e educa\u00e7\u00e3o.<\/p>\n<p>J\u00e1 no \u00edndice Paulista de Responsabilidade Social \u2013 IPRS 2008, Jundia\u00ed fica em primeiro lugar, com a melhor m\u00e9dia das posi\u00e7\u00f5es nas tr\u00eas dimens\u00f5es analisadas, entre as doze maiores economias municipais do Estado de S\u00e3o Paulo. As dimens\u00f5es contempladas no \u00cdndice Paulista de Responsabilidade Social s\u00e3o: Riqueza, Educa\u00e7\u00e3o e Longevidade.<\/p>\n","protected":false},"excerpt":{"rendered":"<p>O melhor de dois mundos em um \u00fanico lugar: conforto de cidade pequena aliado \u00e0 modernidade e \u00e0s facilidades de uma metr\u00f3pole. Assim \u00e9 Jundia\u00ed! Embora tenha importante polo industrial, comercial e de servi\u00e7os, entre os maiores do Estado de S\u00e3o Paulo, Jundia\u00ed preserva sua produ\u00e7\u00e3o agr\u00edcola na \u00e1rea da fruticultura (especialmente uva, morango e [&hellip;]<\/p>\n","protected":false},"author":11,"featured_media":0,"parent":50,"menu_order":0,"comment_status":"closed","ping_status":"closed","template":"","meta":{"footnotes":""},"class_list":["post-72","page","type-page","status-publish","hentry"],"_links":{"self":[{"href":"https:\/\/jundiai.sp.gov.br\/desenvolvimento-economico\/wp-json\/wp\/v2\/pages\/72","targetHints":{"allow":["GET"]}}],"collection":[{"href":"https:\/\/jundiai.sp.gov.br\/desenvolvimento-economico\/wp-json\/wp\/v2\/pages"}],"about":[{"href":"https:\/\/jundiai.sp.gov.br\/desenvolvimento-economico\/wp-json\/wp\/v2\/types\/page"}],"author":[{"embeddable":true,"href":"https:\/\/jundiai.sp.gov.br\/desenvolvimento-economico\/wp-json\/wp\/v2\/users\/11"}],"replies":[{"embeddable":true,"href":"https:\/\/jundiai.sp.gov.br\/desenvolvimento-economico\/wp-json\/wp\/v2\/comments?post=72"}],"version-history":[{"count":2,"href":"https:\/\/jundiai.sp.gov.br\/desenvolvimento-economico\/wp-json\/wp\/v2\/pages\/72\/revisions"}],"predecessor-version":[{"id":217,"href":"https:\/\/jundiai.sp.gov.br\/desenvolvimento-economico\/wp-json\/wp\/v2\/pages\/72\/revisions\/217"}],"up":[{"embeddable":true,"href":"https:\/\/jundiai.sp.gov.br\/desenvolvimento-economico\/wp-json\/wp\/v2\/pages\/50"}],"wp:attachment":[{"href":"https:\/\/jundiai.sp.gov.br\/desenvolvimento-economico\/wp-json\/wp\/v2\/media?parent=72"}],"curies":[{"name":"wp","href":"https:\/\/api.w.org\/{rel}","templated":true}]}}