{"id":74,"date":"2014-08-25T18:17:36","date_gmt":"2014-08-25T21:17:36","guid":{"rendered":"https:\/\/jundiai.sp.gov.br\/desenvolvimento-economico\/?page_id=74"},"modified":"2014-09-29T14:32:55","modified_gmt":"2014-09-29T17:32:55","slug":"prestacao-de-servicos","status":"publish","type":"page","link":"https:\/\/jundiai.sp.gov.br\/desenvolvimento-economico\/vantagens\/prestacao-de-servicos\/","title":{"rendered":"Presta\u00e7\u00e3o de Servi\u00e7os"},"content":{"rendered":"<p>Jundia\u00ed possui completa infraestrutura no setor de Servi\u00e7os, compat\u00edvel com cidades de grande porte: os servi\u00e7os financeiros compreendem 22 bancos, com 67 ag\u00eancias banc\u00e1rias; estrutura de com\u00e9rcio exterior; hot\u00e9is; flats; estrutura educacional diversificada, de pr\u00e9-escolas a faculdades; restaurantes; ag\u00eancias de emprego; locadoras de ve\u00edculos, m\u00e1quinas e equipamentos; servi\u00e7os gr\u00e1ficos; assist\u00eancia t\u00e9cnica; estrutura de lazer; servi\u00e7os de sa\u00fade, etc.<\/p>\n<p>Adicionalmente, em fun\u00e7\u00e3o de sua excepcional localiza\u00e7\u00e3o geogr\u00e1fica e da completa infraestrutura log\u00edstica, o munic\u00edpio tem desenvolvido, nos \u00faltimos anos, destacada voca\u00e7\u00e3o como centro log\u00edstico-distribuidor, atraindo Centros de Distribui\u00e7\u00e3o de alguns dos mais importantes grupos empresariais do pa\u00eds, dentre os quais o Centro de Distribui\u00e7\u00e3o das Casas Bahia \u2013 o segundo maior do mundo no g\u00eanero \u2013 e os Centros de Distribui\u00e7\u00e3o da Sadia, Renault-Nissan, BDF N\u00edvea, Nokia do Brasil, Destro Macroatacado, BSH Continental, entre outros.<\/p>\n<p>O setor \u00e9 o maior empregador formal do munic\u00edpio, com 71.943 empregados em dezembro de 2012, em 10.898 estabelecimentos segundo a Rais (Rela\u00e7\u00e3o Anual de Informa\u00e7\u00f5es Sociais), do Minist\u00e9rio do Trabalho e do Emprego.<\/p>\n<p>Sob a \u00f3tica do Valor Adicionado, o Grande Setor \u201cServi\u00e7os\u201d (inclui \u201cCom\u00e9rcio\u201d), responde por 63,85% do valor adicionado municipal.<\/p>\n","protected":false},"excerpt":{"rendered":"<p>Jundia\u00ed possui completa infraestrutura no setor de Servi\u00e7os, compat\u00edvel com cidades de grande porte: os servi\u00e7os financeiros compreendem 22 bancos, com 67 ag\u00eancias banc\u00e1rias; estrutura de com\u00e9rcio exterior; hot\u00e9is; flats; estrutura educacional diversificada, de pr\u00e9-escolas a faculdades; restaurantes; ag\u00eancias de emprego; locadoras de ve\u00edculos, m\u00e1quinas e equipamentos; servi\u00e7os gr\u00e1ficos; assist\u00eancia t\u00e9cnica; estrutura de lazer; servi\u00e7os [&hellip;]<\/p>\n","protected":false},"author":11,"featured_media":0,"parent":50,"menu_order":0,"comment_status":"closed","ping_status":"closed","template":"","meta":{"footnotes":""},"class_list":["post-74","page","type-page","status-publish","hentry"],"_links":{"self":[{"href":"https:\/\/jundiai.sp.gov.br\/desenvolvimento-economico\/wp-json\/wp\/v2\/pages\/74","targetHints":{"allow":["GET"]}}],"collection":[{"href":"https:\/\/jundiai.sp.gov.br\/desenvolvimento-economico\/wp-json\/wp\/v2\/pages"}],"about":[{"href":"https:\/\/jundiai.sp.gov.br\/desenvolvimento-economico\/wp-json\/wp\/v2\/types\/page"}],"author":[{"embeddable":true,"href":"https:\/\/jundiai.sp.gov.br\/desenvolvimento-economico\/wp-json\/wp\/v2\/users\/11"}],"replies":[{"embeddable":true,"href":"https:\/\/jundiai.sp.gov.br\/desenvolvimento-economico\/wp-json\/wp\/v2\/comments?post=74"}],"version-history":[{"count":2,"href":"https:\/\/jundiai.sp.gov.br\/desenvolvimento-economico\/wp-json\/wp\/v2\/pages\/74\/revisions"}],"predecessor-version":[{"id":216,"href":"https:\/\/jundiai.sp.gov.br\/desenvolvimento-economico\/wp-json\/wp\/v2\/pages\/74\/revisions\/216"}],"up":[{"embeddable":true,"href":"https:\/\/jundiai.sp.gov.br\/desenvolvimento-economico\/wp-json\/wp\/v2\/pages\/50"}],"wp:attachment":[{"href":"https:\/\/jundiai.sp.gov.br\/desenvolvimento-economico\/wp-json\/wp\/v2\/media?parent=74"}],"curies":[{"name":"wp","href":"https:\/\/api.w.org\/{rel}","templated":true}]}}