{"id":76,"date":"2014-08-25T18:45:00","date_gmt":"2014-08-25T21:45:00","guid":{"rendered":"https:\/\/jundiai.sp.gov.br\/desenvolvimento-economico\/?page_id=76"},"modified":"2016-07-11T11:57:22","modified_gmt":"2016-07-11T14:57:22","slug":"energia-eletrica","status":"publish","type":"page","link":"https:\/\/jundiai.sp.gov.br\/desenvolvimento-economico\/vantagens\/infraestrutura\/energia-eletrica\/","title":{"rendered":"Energia El\u00e9trica"},"content":{"rendered":"<p><strong>Capacidade dispon\u00edvel no Distrito Industrial:<\/strong><\/p>\n<ul>\n<li style=\"padding-left: 30px;\">80.000 KW em 13,2KV;<\/li>\n<li style=\"padding-left: 30px;\">300.000 KW em 88 KV \u2013 (frequ\u00eancia 60 HZ);<\/li>\n<\/ul>\n<p><strong>Empresa respons\u00e1vel:<\/strong> Companhia Piratininga de For\u00e7a e Luz<br \/>\n<strong>Oscila\u00e7\u00e3o:<\/strong> 13,8 KV, com oscila\u00e7\u00e3o permitida entre + 5% e \u2013 7,5%<br \/>\n<strong>Todo o Distrito Industrial \u00e9 servido por linhas prim\u00e1rias.<\/strong><\/p>\n","protected":false},"excerpt":{"rendered":"<p>Capacidade dispon\u00edvel no Distrito Industrial: 80.000 KW em 13,2KV; 300.000 KW em 88 KV \u2013 (frequ\u00eancia 60 HZ); Empresa respons\u00e1vel: Companhia Piratininga de For\u00e7a e Luz Oscila\u00e7\u00e3o: 13,8 KV, com oscila\u00e7\u00e3o permitida entre + 5% e \u2013 7,5% Todo o Distrito Industrial \u00e9 servido por linhas prim\u00e1rias.<\/p>\n","protected":false},"author":11,"featured_media":0,"parent":65,"menu_order":0,"comment_status":"closed","ping_status":"closed","template":"","meta":{"footnotes":""},"class_list":["post-76","page","type-page","status-publish","hentry"],"_links":{"self":[{"href":"https:\/\/jundiai.sp.gov.br\/desenvolvimento-economico\/wp-json\/wp\/v2\/pages\/76","targetHints":{"allow":["GET"]}}],"collection":[{"href":"https:\/\/jundiai.sp.gov.br\/desenvolvimento-economico\/wp-json\/wp\/v2\/pages"}],"about":[{"href":"https:\/\/jundiai.sp.gov.br\/desenvolvimento-economico\/wp-json\/wp\/v2\/types\/page"}],"author":[{"embeddable":true,"href":"https:\/\/jundiai.sp.gov.br\/desenvolvimento-economico\/wp-json\/wp\/v2\/users\/11"}],"replies":[{"embeddable":true,"href":"https:\/\/jundiai.sp.gov.br\/desenvolvimento-economico\/wp-json\/wp\/v2\/comments?post=76"}],"version-history":[{"count":3,"href":"https:\/\/jundiai.sp.gov.br\/desenvolvimento-economico\/wp-json\/wp\/v2\/pages\/76\/revisions"}],"predecessor-version":[{"id":440,"href":"https:\/\/jundiai.sp.gov.br\/desenvolvimento-economico\/wp-json\/wp\/v2\/pages\/76\/revisions\/440"}],"up":[{"embeddable":true,"href":"https:\/\/jundiai.sp.gov.br\/desenvolvimento-economico\/wp-json\/wp\/v2\/pages\/65"}],"wp:attachment":[{"href":"https:\/\/jundiai.sp.gov.br\/desenvolvimento-economico\/wp-json\/wp\/v2\/media?parent=76"}],"curies":[{"name":"wp","href":"https:\/\/api.w.org\/{rel}","templated":true}]}}