{"id":78,"date":"2014-08-25T18:47:01","date_gmt":"2014-08-25T21:47:01","guid":{"rendered":"https:\/\/jundiai.sp.gov.br\/desenvolvimento-economico\/?page_id=78"},"modified":"2016-07-11T11:56:02","modified_gmt":"2016-07-11T14:56:02","slug":"agua","status":"publish","type":"page","link":"https:\/\/jundiai.sp.gov.br\/desenvolvimento-economico\/vantagens\/infraestrutura\/agua\/","title":{"rendered":"\u00c1gua"},"content":{"rendered":"<p>A administra\u00e7\u00e3o do servi\u00e7o de abastecimento e de saneamento b\u00e1sico \u00e9 de responsabilidade da <a href=\"http:\/\/www.daejundiai.com.br\/\" target=\"_blank\">DAE S\/A \u2013 \u00c1gua e Esgoto<\/a>.<\/p>\n<p>Disponibilidade de 1.000 metros c\u00fabicos\/segundo, atrav\u00e9s de uma rede de 500 mil\u00edmetros de di\u00e2metro, servindo o distrito industrial com uma vaz\u00e3o de 800 litros\/segundo.<\/p>\n<p>A qualidade da \u00e1gua de Jundia\u00ed \u00e9 considerada a quinta melhor do Estado, e conforme portaria 36 da CETESB , \u00e9 considerada de excelente qualidade para o consumo.<\/p>\n<p>Ressalte-se tamb\u00e9m a import\u00e2ncia da atua\u00e7\u00e3o proativa da Prefeitura do Munic\u00edpio, que investiu 150 milh\u00f5es de reais na amplia\u00e7\u00e3o da capacidade de armazenamento e dobrou a capta\u00e7\u00e3o do Rio Atibaia, a\u00e7\u00f5es que garantem o abastecimento at\u00e9 o ano de 2020, podendo ainda suportar seis meses de estiagem. Al\u00e9m disso, todo o entorno da represa foi transformado no maior e mais completo <a href=\"http:\/\/parquedacidade.jundiai.sp.gov.br\/\" target=\"_blank\">Parque da Cidade<\/a>, que, com este mesmo nome, conseguiu ades\u00e3o completa da popula\u00e7\u00e3o, que utiliza intensamente toda a infraestrutura de lazer disponibilizada. Ao mesmo tempo, esta iniciativa impede, de forma definitiva, a ocupa\u00e7\u00e3o irregular do espa\u00e7o e a deteriora\u00e7\u00e3o da qualidade da \u00e1gua (problema com o qual se debatem muitas cidades).<\/p>\n<p>Tarifas industriais\/ Comerciais &#8211; \u00e1gua pot\u00e1vel \/ coleta de esgoto \u2013 Resolu\u00e7\u00e3o ARES \u2013 PCJ n\u00ba120, de 23\/12\/2015: consulte <a href=\"http:\/\/www.daejundiai.com.br\/legislacao\/ares-pcj-agencia-reguladora\/\" target=\"_blank\">www.daejundiai.com.br\/legislacao\/ares-pcj-agencia-reguladora\/<\/a><\/p>\n","protected":false},"excerpt":{"rendered":"<p>A administra\u00e7\u00e3o do servi\u00e7o de abastecimento e de saneamento b\u00e1sico \u00e9 de responsabilidade da DAE S\/A \u2013 \u00c1gua e Esgoto. Disponibilidade de 1.000 metros c\u00fabicos\/segundo, atrav\u00e9s de uma rede de 500 mil\u00edmetros de di\u00e2metro, servindo o distrito industrial com uma vaz\u00e3o de 800 litros\/segundo. A qualidade da \u00e1gua de Jundia\u00ed \u00e9 considerada a quinta melhor [&hellip;]<\/p>\n","protected":false},"author":11,"featured_media":0,"parent":65,"menu_order":0,"comment_status":"closed","ping_status":"closed","template":"","meta":{"footnotes":""},"class_list":["post-78","page","type-page","status-publish","hentry"],"_links":{"self":[{"href":"https:\/\/jundiai.sp.gov.br\/desenvolvimento-economico\/wp-json\/wp\/v2\/pages\/78","targetHints":{"allow":["GET"]}}],"collection":[{"href":"https:\/\/jundiai.sp.gov.br\/desenvolvimento-economico\/wp-json\/wp\/v2\/pages"}],"about":[{"href":"https:\/\/jundiai.sp.gov.br\/desenvolvimento-economico\/wp-json\/wp\/v2\/types\/page"}],"author":[{"embeddable":true,"href":"https:\/\/jundiai.sp.gov.br\/desenvolvimento-economico\/wp-json\/wp\/v2\/users\/11"}],"replies":[{"embeddable":true,"href":"https:\/\/jundiai.sp.gov.br\/desenvolvimento-economico\/wp-json\/wp\/v2\/comments?post=78"}],"version-history":[{"count":9,"href":"https:\/\/jundiai.sp.gov.br\/desenvolvimento-economico\/wp-json\/wp\/v2\/pages\/78\/revisions"}],"predecessor-version":[{"id":438,"href":"https:\/\/jundiai.sp.gov.br\/desenvolvimento-economico\/wp-json\/wp\/v2\/pages\/78\/revisions\/438"}],"up":[{"embeddable":true,"href":"https:\/\/jundiai.sp.gov.br\/desenvolvimento-economico\/wp-json\/wp\/v2\/pages\/65"}],"wp:attachment":[{"href":"https:\/\/jundiai.sp.gov.br\/desenvolvimento-economico\/wp-json\/wp\/v2\/media?parent=78"}],"curies":[{"name":"wp","href":"https:\/\/api.w.org\/{rel}","templated":true}]}}