{"id":80,"date":"2014-08-25T18:47:25","date_gmt":"2014-08-25T21:47:25","guid":{"rendered":"https:\/\/jundiai.sp.gov.br\/desenvolvimento-economico\/?page_id=80"},"modified":"2016-07-11T11:57:52","modified_gmt":"2016-07-11T14:57:52","slug":"esgoto","status":"publish","type":"page","link":"https:\/\/jundiai.sp.gov.br\/desenvolvimento-economico\/vantagens\/infraestrutura\/esgoto\/","title":{"rendered":"Esgoto"},"content":{"rendered":"<p><strong>Toda a cidade \u00e9 atendida por emiss\u00e1rios coletores de esgotos. Jundia\u00ed tem uma esta\u00e7\u00e3o de tratamento privatizada e 100% do esgoto (residencial e industrial) coletado \u00e9 tratado. As tarifas variam de acordo com o volume de esgoto coletado ou pelo volume da carga org\u00e2nica coletada (DBO).<\/strong><\/p>\n","protected":false},"excerpt":{"rendered":"<p>Toda a cidade \u00e9 atendida por emiss\u00e1rios coletores de esgotos. Jundia\u00ed tem uma esta\u00e7\u00e3o de tratamento privatizada e 100% do esgoto (residencial e industrial) coletado \u00e9 tratado. As tarifas variam de acordo com o volume de esgoto coletado ou pelo volume da carga org\u00e2nica coletada (DBO).<\/p>\n","protected":false},"author":11,"featured_media":0,"parent":65,"menu_order":0,"comment_status":"closed","ping_status":"closed","template":"","meta":{"footnotes":""},"class_list":["post-80","page","type-page","status-publish","hentry"],"_links":{"self":[{"href":"https:\/\/jundiai.sp.gov.br\/desenvolvimento-economico\/wp-json\/wp\/v2\/pages\/80","targetHints":{"allow":["GET"]}}],"collection":[{"href":"https:\/\/jundiai.sp.gov.br\/desenvolvimento-economico\/wp-json\/wp\/v2\/pages"}],"about":[{"href":"https:\/\/jundiai.sp.gov.br\/desenvolvimento-economico\/wp-json\/wp\/v2\/types\/page"}],"author":[{"embeddable":true,"href":"https:\/\/jundiai.sp.gov.br\/desenvolvimento-economico\/wp-json\/wp\/v2\/users\/11"}],"replies":[{"embeddable":true,"href":"https:\/\/jundiai.sp.gov.br\/desenvolvimento-economico\/wp-json\/wp\/v2\/comments?post=80"}],"version-history":[{"count":3,"href":"https:\/\/jundiai.sp.gov.br\/desenvolvimento-economico\/wp-json\/wp\/v2\/pages\/80\/revisions"}],"predecessor-version":[{"id":441,"href":"https:\/\/jundiai.sp.gov.br\/desenvolvimento-economico\/wp-json\/wp\/v2\/pages\/80\/revisions\/441"}],"up":[{"embeddable":true,"href":"https:\/\/jundiai.sp.gov.br\/desenvolvimento-economico\/wp-json\/wp\/v2\/pages\/65"}],"wp:attachment":[{"href":"https:\/\/jundiai.sp.gov.br\/desenvolvimento-economico\/wp-json\/wp\/v2\/media?parent=80"}],"curies":[{"name":"wp","href":"https:\/\/api.w.org\/{rel}","templated":true}]}}