{"id":84,"date":"2014-08-25T18:48:45","date_gmt":"2014-08-25T21:48:45","guid":{"rendered":"https:\/\/jundiai.sp.gov.br\/desenvolvimento-economico\/?page_id=84"},"modified":"2016-07-11T11:59:35","modified_gmt":"2016-07-11T14:59:35","slug":"telecomunicacoes","status":"publish","type":"page","link":"https:\/\/jundiai.sp.gov.br\/desenvolvimento-economico\/vantagens\/infraestrutura\/telecomunicacoes\/","title":{"rendered":"Telecomunica\u00e7\u00f5es"},"content":{"rendered":"<p><strong>Transmiss\u00e3o de Dados<\/strong><br \/>\nRede determin\u00edstica de alta velocidade com gerenciamento 24 hs, nos servi\u00e7os X-25, Frame-Ralley e IP.<\/p>\n<p><strong>Servi\u00e7o da Telef\u00f4nica<\/strong><\/p>\n<ul>\n<li>Telefones Convencionais;<\/li>\n<li>Servi\u00e7os da Telef\u00f4nica. Dispon\u00edvel para empresas o sistema DDR \u2013 Discagem Direta Ramal.<\/li>\n<\/ul>\n<p><strong>Telefones Celulares<\/strong><br \/>\nAs principais operadoras est\u00e3o presentes no munic\u00edpio, nos sistemas anal\u00f3gico e digital (banda A e banda B).<\/p>\n","protected":false},"excerpt":{"rendered":"<p>Transmiss\u00e3o de Dados Rede determin\u00edstica de alta velocidade com gerenciamento 24 hs, nos servi\u00e7os X-25, Frame-Ralley e IP. Servi\u00e7o da Telef\u00f4nica Telefones Convencionais; Servi\u00e7os da Telef\u00f4nica. Dispon\u00edvel para empresas o sistema DDR \u2013 Discagem Direta Ramal. Telefones Celulares As principais operadoras est\u00e3o presentes no munic\u00edpio, nos sistemas anal\u00f3gico e digital (banda A e banda B).<\/p>\n","protected":false},"author":11,"featured_media":0,"parent":65,"menu_order":0,"comment_status":"closed","ping_status":"closed","template":"","meta":{"footnotes":""},"class_list":["post-84","page","type-page","status-publish","hentry"],"_links":{"self":[{"href":"https:\/\/jundiai.sp.gov.br\/desenvolvimento-economico\/wp-json\/wp\/v2\/pages\/84","targetHints":{"allow":["GET"]}}],"collection":[{"href":"https:\/\/jundiai.sp.gov.br\/desenvolvimento-economico\/wp-json\/wp\/v2\/pages"}],"about":[{"href":"https:\/\/jundiai.sp.gov.br\/desenvolvimento-economico\/wp-json\/wp\/v2\/types\/page"}],"author":[{"embeddable":true,"href":"https:\/\/jundiai.sp.gov.br\/desenvolvimento-economico\/wp-json\/wp\/v2\/users\/11"}],"replies":[{"embeddable":true,"href":"https:\/\/jundiai.sp.gov.br\/desenvolvimento-economico\/wp-json\/wp\/v2\/comments?post=84"}],"version-history":[{"count":3,"href":"https:\/\/jundiai.sp.gov.br\/desenvolvimento-economico\/wp-json\/wp\/v2\/pages\/84\/revisions"}],"predecessor-version":[{"id":444,"href":"https:\/\/jundiai.sp.gov.br\/desenvolvimento-economico\/wp-json\/wp\/v2\/pages\/84\/revisions\/444"}],"up":[{"embeddable":true,"href":"https:\/\/jundiai.sp.gov.br\/desenvolvimento-economico\/wp-json\/wp\/v2\/pages\/65"}],"wp:attachment":[{"href":"https:\/\/jundiai.sp.gov.br\/desenvolvimento-economico\/wp-json\/wp\/v2\/media?parent=84"}],"curies":[{"name":"wp","href":"https:\/\/api.w.org\/{rel}","templated":true}]}}