{"id":88,"date":"2014-08-25T18:52:28","date_gmt":"2014-08-25T21:52:28","guid":{"rendered":"https:\/\/jundiai.sp.gov.br\/desenvolvimento-economico\/?page_id=88"},"modified":"2014-09-29T14:26:36","modified_gmt":"2014-09-29T17:26:36","slug":"marca-jundiai-para-exportacao","status":"publish","type":"page","link":"https:\/\/jundiai.sp.gov.br\/desenvolvimento-economico\/marca-jundiai-para-exportacao\/","title":{"rendered":"Marca Jundia\u00ed para Exporta\u00e7\u00e3o"},"content":{"rendered":"<p>Lei n\u00ba. 7.050, de 14 de maio de 2008.<br \/>\nObjetivo: Criar um selo de origem, definindo uma identidade visual aos produtos jundiaienses exportados.<br \/>\nUso gratuito e facultativo \u00e0s empresas exportadoras de Jundia\u00ed.<br \/>\n<strong>Duas vers\u00f5es: colorido e\/ou preto e branco.<\/strong><\/p>\n<p><a href=\"https:\/\/jundiai.sp.gov.br\/desenvolvimento-economico\/wp-content\/uploads\/sites\/9\/2014\/08\/Logo-colorido.jpg\"><img loading=\"lazy\" decoding=\"async\" class=\"alignleft size-full wp-image-89\" src=\"https:\/\/jundiai.sp.gov.br\/desenvolvimento-economico\/wp-content\/uploads\/sites\/9\/2014\/08\/Logo-colorido.jpg\" alt=\"Logo - colorido\" width=\"130\" height=\"130\" srcset=\"https:\/\/jundiai.sp.gov.br\/desenvolvimento-economico\/wp-content\/uploads\/sites\/9\/2014\/08\/Logo-colorido.jpg 130w, https:\/\/jundiai.sp.gov.br\/desenvolvimento-economico\/wp-content\/uploads\/sites\/9\/2014\/08\/Logo-colorido-120x120.jpg 120w\" sizes=\"auto, (max-width: 130px) 100vw, 130px\" \/><\/a><\/p>\n<p><a href=\"https:\/\/jundiai.sp.gov.br\/desenvolvimento-economico\/wp-content\/uploads\/sites\/9\/2014\/08\/Logo-preto-e-branco.jpg\"><img loading=\"lazy\" decoding=\"async\" class=\"alignleft size-full wp-image-90\" src=\"https:\/\/jundiai.sp.gov.br\/desenvolvimento-economico\/wp-content\/uploads\/sites\/9\/2014\/08\/Logo-preto-e-branco.jpg\" alt=\"Logo - preto e branco\" width=\"130\" height=\"130\" srcset=\"https:\/\/jundiai.sp.gov.br\/desenvolvimento-economico\/wp-content\/uploads\/sites\/9\/2014\/08\/Logo-preto-e-branco.jpg 130w, https:\/\/jundiai.sp.gov.br\/desenvolvimento-economico\/wp-content\/uploads\/sites\/9\/2014\/08\/Logo-preto-e-branco-120x120.jpg 120w\" sizes=\"auto, (max-width: 130px) 100vw, 130px\" \/><\/a><br \/>\n&nbsp;<br \/>\n&nbsp;<br \/>\n&nbsp;<br \/>\n&nbsp;<br \/>\n&nbsp;<br \/>\n&nbsp;<\/p>\n<h2>* Veja a Lei<a href=\"https:\/\/jundiai.sp.gov.br\/desenvolvimento-economico\/wp-content\/uploads\/sites\/9\/2014\/08\/clique-aqui.pdf\">clique aqui<\/a><\/h2>\n","protected":false},"excerpt":{"rendered":"<p>Lei n\u00ba. 7.050, de 14 de maio de 2008. Objetivo: Criar um selo de origem, definindo uma identidade visual aos produtos jundiaienses exportados. Uso gratuito e facultativo \u00e0s empresas exportadoras de Jundia\u00ed. Duas vers\u00f5es: colorido e\/ou preto e branco. &nbsp; &nbsp; &nbsp; &nbsp; &nbsp; &nbsp; * Veja a Leiclique aqui<\/p>\n","protected":false},"author":11,"featured_media":0,"parent":0,"menu_order":0,"comment_status":"closed","ping_status":"closed","template":"","meta":{"footnotes":""},"class_list":["post-88","page","type-page","status-publish","hentry"],"_links":{"self":[{"href":"https:\/\/jundiai.sp.gov.br\/desenvolvimento-economico\/wp-json\/wp\/v2\/pages\/88","targetHints":{"allow":["GET"]}}],"collection":[{"href":"https:\/\/jundiai.sp.gov.br\/desenvolvimento-economico\/wp-json\/wp\/v2\/pages"}],"about":[{"href":"https:\/\/jundiai.sp.gov.br\/desenvolvimento-economico\/wp-json\/wp\/v2\/types\/page"}],"author":[{"embeddable":true,"href":"https:\/\/jundiai.sp.gov.br\/desenvolvimento-economico\/wp-json\/wp\/v2\/users\/11"}],"replies":[{"embeddable":true,"href":"https:\/\/jundiai.sp.gov.br\/desenvolvimento-economico\/wp-json\/wp\/v2\/comments?post=88"}],"version-history":[{"count":15,"href":"https:\/\/jundiai.sp.gov.br\/desenvolvimento-economico\/wp-json\/wp\/v2\/pages\/88\/revisions"}],"predecessor-version":[{"id":205,"href":"https:\/\/jundiai.sp.gov.br\/desenvolvimento-economico\/wp-json\/wp\/v2\/pages\/88\/revisions\/205"}],"wp:attachment":[{"href":"https:\/\/jundiai.sp.gov.br\/desenvolvimento-economico\/wp-json\/wp\/v2\/media?parent=88"}],"curies":[{"name":"wp","href":"https:\/\/api.w.org\/{rel}","templated":true}]}}