{"id":1134,"date":"2015-10-14T12:00:22","date_gmt":"2015-10-14T15:00:22","guid":{"rendered":"https:\/\/jundiai.sp.gov.br\/educacao\/?page_id=1134"},"modified":"2023-05-12T13:44:37","modified_gmt":"2023-05-12T16:44:37","slug":"novas-inscricoes-creches","status":"publish","type":"page","link":"https:\/\/jundiai.sp.gov.br\/educacao\/creches\/novas-inscricoes-creches\/","title":{"rendered":"Novas Inscri\u00e7\u00f5es para a Creche"},"content":{"rendered":"\n<p><a href=\"https:\/\/web.jundiai.sp.gov.br\/pmj\/ac\/login.aspx\">Fa\u00e7a ou altere sua inscri\u00e7\u00e3o na lista de espera clicando aqui<\/a><\/p>\n\n\n\n<iframe loading=\"lazy\" src=\"https:\/\/web.jundiai.sp.gov.br\/pmj\/AC\/ConsultaPrevPublicaPeriodos.aspx?apenas_conteudo=S\" width=\"100%\" height=\"600\" scrolling=\"auto\" class=\"iframe-servicos\"> https:\/\/web.jundiai.sp.gov.br\/pmj\/AC\/ConsultaPrevPublicaPeriodos.aspx?apenas_conteudo=S\n<a href=\"https:\/\/web.jundiai.sp.gov.br\/pmj\/AC\/ConsultaPrevPublicaPeriodos.aspx?apenas_conteudo=S\">Clique aqui se voc&ecirc; n&atilde;o estiver visualizando o conte&uacute;do<\/a>.<\/iframe>\n","protected":false},"excerpt":{"rendered":"<p>Fa\u00e7a ou altere sua inscri\u00e7\u00e3o na lista de espera clicando aqui https:\/\/web.jundiai.sp.gov.br\/pmj\/AC\/ConsultaPrevPublicaPeriodos.aspx?apenas_conteudo=S Clique aqui se voc&ecirc; n&atilde;o estiver visualizando o conte&uacute;do.<\/p>\n","protected":false},"author":5,"featured_media":0,"parent":1194,"menu_order":1,"comment_status":"closed","ping_status":"closed","template":"","meta":{"footnotes":""},"class_list":["post-1134","page","type-page","status-publish","hentry"],"_links":{"self":[{"href":"https:\/\/jundiai.sp.gov.br\/educacao\/wp-json\/wp\/v2\/pages\/1134","targetHints":{"allow":["GET"]}}],"collection":[{"href":"https:\/\/jundiai.sp.gov.br\/educacao\/wp-json\/wp\/v2\/pages"}],"about":[{"href":"https:\/\/jundiai.sp.gov.br\/educacao\/wp-json\/wp\/v2\/types\/page"}],"author":[{"embeddable":true,"href":"https:\/\/jundiai.sp.gov.br\/educacao\/wp-json\/wp\/v2\/users\/5"}],"replies":[{"embeddable":true,"href":"https:\/\/jundiai.sp.gov.br\/educacao\/wp-json\/wp\/v2\/comments?post=1134"}],"version-history":[{"count":39,"href":"https:\/\/jundiai.sp.gov.br\/educacao\/wp-json\/wp\/v2\/pages\/1134\/revisions"}],"predecessor-version":[{"id":3755,"href":"https:\/\/jundiai.sp.gov.br\/educacao\/wp-json\/wp\/v2\/pages\/1134\/revisions\/3755"}],"up":[{"embeddable":true,"href":"https:\/\/jundiai.sp.gov.br\/educacao\/wp-json\/wp\/v2\/pages\/1194"}],"wp:attachment":[{"href":"https:\/\/jundiai.sp.gov.br\/educacao\/wp-json\/wp\/v2\/media?parent=1134"}],"curies":[{"name":"wp","href":"https:\/\/api.w.org\/{rel}","templated":true}]}}