{"id":14,"date":"2014-08-18T18:40:05","date_gmt":"2014-08-18T21:40:05","guid":{"rendered":"https:\/\/jundiai.sp.gov.br\/educacao\/?page_id=14"},"modified":"2025-08-29T16:19:51","modified_gmt":"2025-08-29T19:19:51","slug":"gestor","status":"publish","type":"page","link":"https:\/\/jundiai.sp.gov.br\/educacao\/gestor\/","title":{"rendered":"Secret\u00e1ria"},"content":{"rendered":"\n<div class=\"wp-block-columns is-layout-flex wp-container-core-columns-is-layout-9d6595d7 wp-block-columns-is-layout-flex\">\n<div class=\"wp-block-column is-layout-flow wp-block-column-is-layout-flow\">\n<figure class=\"wp-block-image is-resized\"><img decoding=\"async\" src=\"https:\/\/lh7-rt.googleusercontent.com\/docsz\/AD_4nXe8EUfgf2YTPAuDeA9dx43fDEIcDm1yExZdVkHf88g3SqoEBXKJsmaE91bjzLpdicmCs6Vv3H3PBn69Y6kfdcLa_COfI8rsGZjaABERx-8nGFJne9Tqm0p2dbqgm8EfNBFdet7P?key=tNbysizmb6ri-JKvWK8QMIQ3\" alt=\"\" style=\"width:353px;height:auto\"\/><\/figure>\n<\/div>\n\n\n\n<div class=\"wp-block-column is-layout-flow wp-block-column-is-layout-flow\">\n<h2 class=\"wp-block-heading\"><strong>Priscila Alves da Costa Silva<\/strong><\/h2>\n\n\n\n<p>Priscila da Costa \u00e9 formada em Magist\u00e9rio, Pedagogia e possui p\u00f3s-gradua\u00e7\u00e3o em Direito Educacional. Iniciou sua trajet\u00f3ria na educa\u00e7\u00e3o como estagi\u00e1ria em uma escola estadual, passando por experi\u00eancias na Funda\u00e7\u00e3o Casa, na rede privada e em diferentes redes p\u00fablicas.<\/p>\n\n\n\n<p>Aprovada em concurso p\u00fablico, construiu sua carreira com base em forma\u00e7\u00f5es continuadas e viv\u00eancias diversas, atuando na Educa\u00e7\u00e3o de Jovens e Adultos, na doc\u00eancia, na gest\u00e3o escolar e na supervis\u00e3o. Desde 2014, tem se dedicado \u00e0 rede municipal de Jundia\u00ed, onde foi diretora de escola e supervisora escolar, acumulando experi\u00eancia em Educa\u00e7\u00e3o Infantil e Ensino Fundamental, sempre comprometida com a qualidade e a inova\u00e7\u00e3o na educa\u00e7\u00e3o.<\/p>\n<\/div>\n<\/div>\n","protected":false},"excerpt":{"rendered":"<p>Priscila Alves da Costa Silva Priscila da Costa \u00e9 formada em Magist\u00e9rio, Pedagogia e possui p\u00f3s-gradua\u00e7\u00e3o em Direito Educacional. Iniciou sua trajet\u00f3ria na educa\u00e7\u00e3o como estagi\u00e1ria em uma escola estadual, passando por experi\u00eancias na Funda\u00e7\u00e3o Casa, na rede privada e em diferentes redes p\u00fablicas. Aprovada em concurso p\u00fablico, construiu sua carreira com base em forma\u00e7\u00f5es [&hellip;]<\/p>\n","protected":false},"author":5,"featured_media":0,"parent":0,"menu_order":0,"comment_status":"closed","ping_status":"closed","template":"","meta":{"footnotes":""},"class_list":["post-14","page","type-page","status-publish","hentry"],"_links":{"self":[{"href":"https:\/\/jundiai.sp.gov.br\/educacao\/wp-json\/wp\/v2\/pages\/14","targetHints":{"allow":["GET"]}}],"collection":[{"href":"https:\/\/jundiai.sp.gov.br\/educacao\/wp-json\/wp\/v2\/pages"}],"about":[{"href":"https:\/\/jundiai.sp.gov.br\/educacao\/wp-json\/wp\/v2\/types\/page"}],"author":[{"embeddable":true,"href":"https:\/\/jundiai.sp.gov.br\/educacao\/wp-json\/wp\/v2\/users\/5"}],"replies":[{"embeddable":true,"href":"https:\/\/jundiai.sp.gov.br\/educacao\/wp-json\/wp\/v2\/comments?post=14"}],"version-history":[{"count":39,"href":"https:\/\/jundiai.sp.gov.br\/educacao\/wp-json\/wp\/v2\/pages\/14\/revisions"}],"predecessor-version":[{"id":4399,"href":"https:\/\/jundiai.sp.gov.br\/educacao\/wp-json\/wp\/v2\/pages\/14\/revisions\/4399"}],"wp:attachment":[{"href":"https:\/\/jundiai.sp.gov.br\/educacao\/wp-json\/wp\/v2\/media?parent=14"}],"curies":[{"name":"wp","href":"https:\/\/api.w.org\/{rel}","templated":true}]}}