{"id":161,"date":"2014-08-19T17:38:09","date_gmt":"2014-08-19T20:38:09","guid":{"rendered":"https:\/\/jundiai.sp.gov.br\/educacao\/?page_id=161"},"modified":"2025-12-23T12:01:51","modified_gmt":"2025-12-23T15:01:51","slug":"espaco-pedagogico","status":"publish","type":"page","link":"https:\/\/jundiai.sp.gov.br\/educacao\/complexo-argos\/espaco-pedagogico\/","title":{"rendered":"Espa\u00e7o Pedag\u00f3gico"},"content":{"rendered":"<div>Criado no in\u00edcio de 2009, o Espa\u00e7o Pedag\u00f3gico foi idealizado, principalmente, para ser um lugar onde tanto as diretoras dos departamentos, como as supervisoras, pudessem interagir e dialogar com as equipes gestoras das unidades escolares. Com o passar dos anos, o Espa\u00e7o Pedag\u00f3gico, no entanto, se solidifica como um espa\u00e7o de pontes pedag\u00f3gicas sens\u00edveis entre as diretorias de departamento (Educa\u00e7\u00e3o Infantil e Ensino Fundamental), supervis\u00e3o pedag\u00f3gica de ambos os segmentos e o N\u00facleo de Apoio Pedag\u00f3gico \u00e0s \u00c1reas (compostos de coordenadores das \u00e1reas de arte, programa Encanta\u00ea, l\u00edngua inglesa, educa\u00e7\u00e3o f\u00edsica e a coordena\u00e7\u00e3o de Educa\u00e7\u00e3o para Rela\u00e7\u00f5es \u00c9tnico raciais), num movimento amplo de parceria com as escolas que comp\u00f5em a educa\u00e7\u00e3o municipal.<\/div>\n<div>\n<span class=\"im\">No Espa\u00e7o Pedag\u00f3gico est\u00e3o localizados o Departamento de Educa\u00e7\u00e3o Infantil I e II, o Departamento de Ensino Fundamental, o N\u00facleo de Apoio \u00e0s \u00c1reas, o Departamento de Educa\u00e7\u00e3o Inclusiva e o Fab Lab.<\/span><\/div>\n<div><\/div>\n<p><span class=\"im\">Hor\u00e1rio de funcionamento: de segunda a sexta-feira, das 8h \u00e0s 18h.<br \/>\n<\/span>Informa\u00e7\u00f5es: (11) 4588-5300.<\/p>\n","protected":false},"excerpt":{"rendered":"<p>Criado no in\u00edcio de 2009, o Espa\u00e7o Pedag\u00f3gico foi idealizado, principalmente, para ser um lugar onde tanto as diretoras dos departamentos, como as supervisoras, pudessem interagir e dialogar com as equipes gestoras das unidades escolares. Com o passar dos anos, o Espa\u00e7o Pedag\u00f3gico, no entanto, se solidifica como um espa\u00e7o de pontes pedag\u00f3gicas sens\u00edveis entre [&hellip;]<\/p>\n","protected":false},"author":5,"featured_media":0,"parent":18,"menu_order":0,"comment_status":"closed","ping_status":"closed","template":"","meta":{"footnotes":""},"class_list":["post-161","page","type-page","status-publish","hentry"],"_links":{"self":[{"href":"https:\/\/jundiai.sp.gov.br\/educacao\/wp-json\/wp\/v2\/pages\/161","targetHints":{"allow":["GET"]}}],"collection":[{"href":"https:\/\/jundiai.sp.gov.br\/educacao\/wp-json\/wp\/v2\/pages"}],"about":[{"href":"https:\/\/jundiai.sp.gov.br\/educacao\/wp-json\/wp\/v2\/types\/page"}],"author":[{"embeddable":true,"href":"https:\/\/jundiai.sp.gov.br\/educacao\/wp-json\/wp\/v2\/users\/5"}],"replies":[{"embeddable":true,"href":"https:\/\/jundiai.sp.gov.br\/educacao\/wp-json\/wp\/v2\/comments?post=161"}],"version-history":[{"count":7,"href":"https:\/\/jundiai.sp.gov.br\/educacao\/wp-json\/wp\/v2\/pages\/161\/revisions"}],"predecessor-version":[{"id":4470,"href":"https:\/\/jundiai.sp.gov.br\/educacao\/wp-json\/wp\/v2\/pages\/161\/revisions\/4470"}],"up":[{"embeddable":true,"href":"https:\/\/jundiai.sp.gov.br\/educacao\/wp-json\/wp\/v2\/pages\/18"}],"wp:attachment":[{"href":"https:\/\/jundiai.sp.gov.br\/educacao\/wp-json\/wp\/v2\/media?parent=161"}],"curies":[{"name":"wp","href":"https:\/\/api.w.org\/{rel}","templated":true}]}}