{"id":163,"date":"2014-08-19T17:39:07","date_gmt":"2014-08-19T20:39:07","guid":{"rendered":"https:\/\/jundiai.sp.gov.br\/educacao\/?page_id=163"},"modified":"2025-12-23T09:03:06","modified_gmt":"2025-12-23T12:03:06","slug":"nucleo-administrativo-de-creche","status":"publish","type":"page","link":"https:\/\/jundiai.sp.gov.br\/educacao\/complexo-argos\/nucleo-administrativo-de-creche\/","title":{"rendered":"Divis\u00e3o de Suporte Administrativo da Educa\u00e7\u00e3o Infantil I (DSAEI I)"},"content":{"rendered":"<p><span style=\"font-weight: 400;\">A DSAEI I \u00e9 o setor respons\u00e1vel pelo atendimento a demandas administrativas que dizem respeito diretamente \u00e0s escolas de Educa\u00e7\u00e3o Infantil I (0 a 3 anos).\u00a0<\/span><\/p>\n<p><span style=\"font-weight: 400;\">A equipe de profissionais desta divis\u00e3o atende \u00e0s demandas de p\u00fablico em geral, tanto pessoalmente quanto ao telefone, acompanha as vagas das EMEBs de 0 a 3 anos, realiza os encaminhamentos de alunos para matr\u00edcula, acompanhando e orientando as a\u00e7\u00f5es para a efetiva\u00e7\u00e3o das mesmas. Gerencia a lista de espera, fazendo os lan\u00e7amentos necess\u00e1rios. Organiza o atendimento \u00e0s transfer\u00eancias entre as escolas municipais (seja EMEB ou contratada). Acompanha o sistema Acad\u00eamico e a Secretaria Escolar Digital (SED) com rela\u00e7\u00e3o aos cadastros dos alunos. Organiza os locais de trabalho dos Educadores Infantis dentre outras orienta\u00e7\u00f5es relacionadas aos mesmos. Atua conjuntamente com a Divis\u00e3o das secretarias Conveniadas no que diz respeito \u00e0s chamadas da lista de espera.\u00a0<\/span><\/p>\n<p><span style=\"font-weight: 400;\">A divis\u00e3o ocupa uma \u00e1rea dentro da SME e conta com uma equipe multidisciplinar formada por uma supervisora, uma assistente social e tr\u00eas assistentes administrativos.<\/span><\/p>\n<p><span style=\"font-weight: 400;\">Os atendimentos na DSAEI I s\u00e3o realizados de segunda a sexta-feira, das 7h30 \u00e0s 18h, pelos telefones: (11) 4588-5313 \/ 4588-5374 \/ 4588-5396 \/ 4588-5399 ou presencialmente.<\/span><\/p>\n<p><span style=\"font-weight: 400;\">Os hor\u00e1rios de atendimento da Assistente Social s\u00e3o \u00e0s segundas, quartas e sextas-feiras, das 8h \u00e0s 14h, e \u00e0s ter\u00e7as e quintas-feiras, das 12h \u00e0s 18h, tanto presencialmente quanto pelo telefone 4588-5312.<\/span><\/p>\n","protected":false},"excerpt":{"rendered":"<p>A DSAEI I \u00e9 o setor respons\u00e1vel pelo atendimento a demandas administrativas que dizem respeito diretamente \u00e0s escolas de Educa\u00e7\u00e3o Infantil I (0 a 3 anos).\u00a0 A equipe de profissionais desta divis\u00e3o atende \u00e0s demandas de p\u00fablico em geral, tanto pessoalmente quanto ao telefone, acompanha as vagas das EMEBs de 0 a 3 anos, realiza [&hellip;]<\/p>\n","protected":false},"author":5,"featured_media":0,"parent":18,"menu_order":0,"comment_status":"closed","ping_status":"closed","template":"","meta":{"footnotes":""},"class_list":["post-163","page","type-page","status-publish","hentry"],"_links":{"self":[{"href":"https:\/\/jundiai.sp.gov.br\/educacao\/wp-json\/wp\/v2\/pages\/163","targetHints":{"allow":["GET"]}}],"collection":[{"href":"https:\/\/jundiai.sp.gov.br\/educacao\/wp-json\/wp\/v2\/pages"}],"about":[{"href":"https:\/\/jundiai.sp.gov.br\/educacao\/wp-json\/wp\/v2\/types\/page"}],"author":[{"embeddable":true,"href":"https:\/\/jundiai.sp.gov.br\/educacao\/wp-json\/wp\/v2\/users\/5"}],"replies":[{"embeddable":true,"href":"https:\/\/jundiai.sp.gov.br\/educacao\/wp-json\/wp\/v2\/comments?post=163"}],"version-history":[{"count":4,"href":"https:\/\/jundiai.sp.gov.br\/educacao\/wp-json\/wp\/v2\/pages\/163\/revisions"}],"predecessor-version":[{"id":4467,"href":"https:\/\/jundiai.sp.gov.br\/educacao\/wp-json\/wp\/v2\/pages\/163\/revisions\/4467"}],"up":[{"embeddable":true,"href":"https:\/\/jundiai.sp.gov.br\/educacao\/wp-json\/wp\/v2\/pages\/18"}],"wp:attachment":[{"href":"https:\/\/jundiai.sp.gov.br\/educacao\/wp-json\/wp\/v2\/media?parent=163"}],"curies":[{"name":"wp","href":"https:\/\/api.w.org\/{rel}","templated":true}]}}