{"id":165,"date":"2014-08-19T17:40:02","date_gmt":"2014-08-19T20:40:02","guid":{"rendered":"https:\/\/jundiai.sp.gov.br\/educacao\/?page_id=165"},"modified":"2019-09-23T15:45:17","modified_gmt":"2019-09-23T18:45:17","slug":"nucleo-de-administracao-escolar","status":"publish","type":"page","link":"https:\/\/jundiai.sp.gov.br\/educacao\/complexo-argos\/nucleo-de-administracao-escolar\/","title":{"rendered":"Divis\u00e3o de Suporte Administrativo da Educa\u00e7\u00e3o Infantil (4 e 5 anos) e Ensino Fundamental"},"content":{"rendered":"<p><span style=\"font-weight: 400;\">A Divis\u00e3o de Suporte Administrativo da Educa\u00e7\u00e3o Infantil e Ensino Fundamental foi criada em mar\u00e7o de 2010, com a finalidade de administrar a vida acad\u00eamica de mais de 35 mil alunos do Sistema Municipal de Ensino de Jundia\u00ed.<\/span><\/p>\n<p><span style=\"font-weight: 400;\">Entre as principais atribui\u00e7\u00f5es est\u00e3o: atendimento aos estudantes no que se refere \u00e0 matr\u00edcula e transfer\u00eancia, orienta\u00e7\u00e3o e suporte aos assistentes de administra\u00e7\u00e3o das escolas, controle dos Sistemas SED e Educacenso &#8211; no que tange as EMEBs &#8211; abertura e fechamento de classes, al\u00e9m de levantamentos estat\u00edsticos sobre as matr\u00edculas e as escolas.<\/span><\/p>\n<p><span style=\"font-weight: 400;\">O servi\u00e7o funciona dentro do Complexo ARGOS, no 1\u00ba andar, de segunda a sexta-feira, das 8h \u00e0s 18h.<\/span><\/p>\n<p><span style=\"font-weight: 400;\">Telefone: (11) 4588-5315 \/\u00a0 (11) 4588-5316 \/ (11) 4588-5398.<\/span><\/p>\n<p>&nbsp;<\/p>\n","protected":false},"excerpt":{"rendered":"<p>A Divis\u00e3o de Suporte Administrativo da Educa\u00e7\u00e3o Infantil e Ensino Fundamental foi criada em mar\u00e7o de 2010, com a finalidade de administrar a vida acad\u00eamica de mais de 35 mil alunos do Sistema Municipal de Ensino de Jundia\u00ed. Entre as principais atribui\u00e7\u00f5es est\u00e3o: atendimento aos estudantes no que se refere \u00e0 matr\u00edcula e transfer\u00eancia, orienta\u00e7\u00e3o [&hellip;]<\/p>\n","protected":false},"author":5,"featured_media":0,"parent":18,"menu_order":0,"comment_status":"closed","ping_status":"closed","template":"","meta":{"footnotes":""},"class_list":["post-165","page","type-page","status-publish","hentry"],"_links":{"self":[{"href":"https:\/\/jundiai.sp.gov.br\/educacao\/wp-json\/wp\/v2\/pages\/165","targetHints":{"allow":["GET"]}}],"collection":[{"href":"https:\/\/jundiai.sp.gov.br\/educacao\/wp-json\/wp\/v2\/pages"}],"about":[{"href":"https:\/\/jundiai.sp.gov.br\/educacao\/wp-json\/wp\/v2\/types\/page"}],"author":[{"embeddable":true,"href":"https:\/\/jundiai.sp.gov.br\/educacao\/wp-json\/wp\/v2\/users\/5"}],"replies":[{"embeddable":true,"href":"https:\/\/jundiai.sp.gov.br\/educacao\/wp-json\/wp\/v2\/comments?post=165"}],"version-history":[{"count":3,"href":"https:\/\/jundiai.sp.gov.br\/educacao\/wp-json\/wp\/v2\/pages\/165\/revisions"}],"predecessor-version":[{"id":2492,"href":"https:\/\/jundiai.sp.gov.br\/educacao\/wp-json\/wp\/v2\/pages\/165\/revisions\/2492"}],"up":[{"embeddable":true,"href":"https:\/\/jundiai.sp.gov.br\/educacao\/wp-json\/wp\/v2\/pages\/18"}],"wp:attachment":[{"href":"https:\/\/jundiai.sp.gov.br\/educacao\/wp-json\/wp\/v2\/media?parent=165"}],"curies":[{"name":"wp","href":"https:\/\/api.w.org\/{rel}","templated":true}]}}