{"id":167,"date":"2014-08-19T18:07:26","date_gmt":"2014-08-19T21:07:26","guid":{"rendered":"https:\/\/jundiai.sp.gov.br\/educacao\/?page_id=167"},"modified":"2025-06-11T10:31:53","modified_gmt":"2025-06-11T13:31:53","slug":"centro-municipal-de-educacao-de-jovens-e-adultos","status":"publish","type":"page","link":"https:\/\/jundiai.sp.gov.br\/educacao\/complexo-argos\/centro-municipal-de-educacao-de-jovens-e-adultos\/","title":{"rendered":"Centro Municipal de Educa\u00e7\u00e3o de Jovens e Adultos"},"content":{"rendered":"\n<p><strong><span style=\"font-weight: 400;\">O <\/span><b>Centro Municipal de Educa\u00e7\u00e3o de Jovens e Adultos (CMEJA)<\/b><span style=\"font-weight: 400;\">&nbsp;Prof. Dr. Andr\u00e9 Franco Montoro oferece, gratuitamente, oportunidade de estudo para jovens e adultos que na idade regular n\u00e3o tiveram acesso, ou n\u00e3o deram continuidade aos Ensinos Fundamental e M\u00e9dio.<\/span><\/strong><\/p>\n\n\n\n<p><span style=\"font-weight: 400;\">As aulas ocorrem no Centro Municipal de Educa\u00e7\u00e3o de Jovens e Adultos (CMEJA), no Complexo Argos e em n\u00facleos descentralizados.<\/span><\/p>\n\n\n<div class=\"wp-block-image\">\n<figure class=\"aligncenter\"><a href=\"https:\/\/jundiai.sp.gov.br\/educacao\/wp-content\/uploads\/sites\/10\/2019\/06\/eja-2018-29.jpg\"><img loading=\"lazy\" decoding=\"async\" width=\"1280\" height=\"832\" src=\"https:\/\/jundiai.sp.gov.br\/educacao\/wp-content\/uploads\/sites\/10\/2019\/06\/eja-2018-29.jpg\" alt=\"\" class=\"wp-image-2438\" srcset=\"https:\/\/jundiai.sp.gov.br\/educacao\/wp-content\/uploads\/sites\/10\/2019\/06\/eja-2018-29.jpg 1280w, https:\/\/jundiai.sp.gov.br\/educacao\/wp-content\/uploads\/sites\/10\/2019\/06\/eja-2018-29-300x195.jpg 300w, https:\/\/jundiai.sp.gov.br\/educacao\/wp-content\/uploads\/sites\/10\/2019\/06\/eja-2018-29-768x499.jpg 768w\" sizes=\"auto, (max-width: 1280px) 100vw, 1280px\" \/><\/a><\/figure>\n<\/div>\n\n\n<ul class=\"wp-block-list\">\n<li><b>Inscri\u00e7\u00e3o<\/b><\/li>\n<\/ul>\n\n\n\n<p><span style=\"font-weight: 400;\">A <a rel=\"noopener noreferrer\" href=\"https:\/\/web.cijun.sp.gov.br\/PMJ\/JA\/Login.aspx\" target=\"_blank\">inscri\u00e7\u00e3o pode ser realizada atrav\u00e9s deste link<\/a><\/span><span style=\"font-weight: 400;\">&nbsp;ou pessoalmente na secretaria do CMEJA, com a apresenta\u00e7\u00e3o do RG, hist\u00f3rico escolar e comprovante de resid\u00eancia originais. \u00c9 necess\u00e1rio possuir 15 anos completos para a inscri\u00e7\u00e3o no Ensino Fundamental e 18 anos completos para o Ensino M\u00e9dio.<\/span><\/p>\n\n\n\n<ul class=\"wp-block-list\">\n<li><b>Divulga\u00e7\u00e3o de vagas para novas turmas<\/b><\/li>\n<\/ul>\n\n\n\n<p>Os inscritos dever\u00e3o aguardar a publica\u00e7\u00e3o das vagas dispon\u00edveis por meio de listagens no mural da escola e no <a href=\"https:\/\/jundiai.sp.gov.br\/educacao\/complexo-argos\/centro-municipal-de-educacao-de-jovens-e-adultos\/lista-de-chamada\/\" target=\"_blank\" rel=\"noreferrer noopener\">site da Prefeitura<\/a>.<\/p>\n\n\n\n<ul class=\"wp-block-list\">\n<li><b>Matr\u00edcula<\/b><\/li>\n<\/ul>\n\n\n\n<p><span style=\"font-weight: 400;\">A matr\u00edcula poder\u00e1 ser realizada <\/span><b>apenas<\/b><span style=\"font-weight: 400;\"> quando o nome for publicado, respeitando o prazo estabelecido e com a apresenta\u00e7\u00e3o da seguinte documenta\u00e7\u00e3o:&nbsp;<\/span><\/p>\n\n\n\n<ul class=\"wp-block-list\">\n<li><span style=\"font-weight: 400;\">Original e c\u00f3pia do RG;<\/span><\/li>\n\n\n\n<li><span style=\"font-weight: 400;\">Original e c\u00f3pia do CPF;<\/span><\/li>\n\n\n\n<li><span style=\"font-weight: 400;\">Original e c\u00f3pia do Hist\u00f3rico Escolar;<\/span><\/li>\n\n\n\n<li><b><span style=\"font-weight: 400;\">Original e c\u00f3pia do comprovante de endere\u00e7o;<\/span><\/b><\/li>\n\n\n\n<li><span style=\"font-weight: 400;\">Original e c\u00f3pia da certid\u00e3o de casamento, em caso de altera\u00e7\u00e3o do nome;<\/span><\/li>\n\n\n\n<li><span style=\"font-weight: 400;\">Original e c\u00f3pia do RG e CPF do respons\u00e1vel legal, caso o aluno seja menor de idade;<\/span><\/li>\n\n\n\n<li><span style=\"font-weight: 400;\">Original e c\u00f3pia do laudo m\u00e9dico, em caso de defici\u00eancia, se possuir.<\/span><\/li>\n<\/ul>\n\n\n<div class=\"wp-block-image\">\n<figure class=\"aligncenter\"><a href=\"https:\/\/jundiai.sp.gov.br\/educacao\/wp-content\/uploads\/sites\/10\/2019\/07\/fachada_cmeja-12.jpg\"><img loading=\"lazy\" decoding=\"async\" width=\"1280\" height=\"853\" src=\"https:\/\/jundiai.sp.gov.br\/educacao\/wp-content\/uploads\/sites\/10\/2019\/07\/fachada_cmeja-12.jpg\" alt=\"\" class=\"wp-image-2440\" srcset=\"https:\/\/jundiai.sp.gov.br\/educacao\/wp-content\/uploads\/sites\/10\/2019\/07\/fachada_cmeja-12.jpg 1280w, https:\/\/jundiai.sp.gov.br\/educacao\/wp-content\/uploads\/sites\/10\/2019\/07\/fachada_cmeja-12-300x200.jpg 300w, https:\/\/jundiai.sp.gov.br\/educacao\/wp-content\/uploads\/sites\/10\/2019\/07\/fachada_cmeja-12-768x512.jpg 768w\" sizes=\"auto, (max-width: 1280px) 100vw, 1280px\" \/><\/a><\/figure>\n<\/div>\n\n\n<ul class=\"wp-block-list\">\n<li><b>Local e hor\u00e1rio de atendimento<\/b><\/li>\n<\/ul>\n\n\n\n<p>O acesso a secretaria do CMEJA \u00e9 pela Rua Jos\u00e9 Patroc\u00ednio, n. 200, Vila Arens (Complexo Argos).<\/p>\n\n\n\n<p>A Secretaria da Escola fica aberta das 8h \u00e0s 20h de segunda a sexta-feira, exceto per\u00edodo de recesso e f\u00e9rias escolares. Mais informa\u00e7\u00f5es podem ser obtidas pelo telefone (11) 4587-3518.<\/p>\n\n\n\n<p><strong>Canais de atendimento: <\/strong><br>Telefone: (11)4588\/7962 \/ 4588-7964 \/ 4588-7969<br>E-mail:\u00a0<a href=\"mailto:cmeja@jundiai.sp.gov.br\" target=\"_blank\" rel=\"noreferrer noopener\">cmeja@jundiai.sp.gov.br<\/a><\/p>\n\n\n\n<p><\/p>\n","protected":false},"excerpt":{"rendered":"<p>O Centro Municipal de Educa\u00e7\u00e3o de Jovens e Adultos (CMEJA)&nbsp;Prof. Dr. Andr\u00e9 Franco Montoro oferece, gratuitamente, oportunidade de estudo para jovens e adultos que na idade regular n\u00e3o tiveram acesso, ou n\u00e3o deram continuidade aos Ensinos Fundamental e M\u00e9dio. As aulas ocorrem no Centro Municipal de Educa\u00e7\u00e3o de Jovens e Adultos (CMEJA), no Complexo Argos [&hellip;]<\/p>\n","protected":false},"author":5,"featured_media":0,"parent":18,"menu_order":0,"comment_status":"closed","ping_status":"closed","template":"page-subpaginas.php","meta":{"footnotes":""},"class_list":["post-167","page","type-page","status-publish","hentry"],"_links":{"self":[{"href":"https:\/\/jundiai.sp.gov.br\/educacao\/wp-json\/wp\/v2\/pages\/167","targetHints":{"allow":["GET"]}}],"collection":[{"href":"https:\/\/jundiai.sp.gov.br\/educacao\/wp-json\/wp\/v2\/pages"}],"about":[{"href":"https:\/\/jundiai.sp.gov.br\/educacao\/wp-json\/wp\/v2\/types\/page"}],"author":[{"embeddable":true,"href":"https:\/\/jundiai.sp.gov.br\/educacao\/wp-json\/wp\/v2\/users\/5"}],"replies":[{"embeddable":true,"href":"https:\/\/jundiai.sp.gov.br\/educacao\/wp-json\/wp\/v2\/comments?post=167"}],"version-history":[{"count":158,"href":"https:\/\/jundiai.sp.gov.br\/educacao\/wp-json\/wp\/v2\/pages\/167\/revisions"}],"predecessor-version":[{"id":4336,"href":"https:\/\/jundiai.sp.gov.br\/educacao\/wp-json\/wp\/v2\/pages\/167\/revisions\/4336"}],"up":[{"embeddable":true,"href":"https:\/\/jundiai.sp.gov.br\/educacao\/wp-json\/wp\/v2\/pages\/18"}],"wp:attachment":[{"href":"https:\/\/jundiai.sp.gov.br\/educacao\/wp-json\/wp\/v2\/media?parent=167"}],"curies":[{"name":"wp","href":"https:\/\/api.w.org\/{rel}","templated":true}]}}