{"id":1909,"date":"2017-04-17T15:21:48","date_gmt":"2017-04-17T18:21:48","guid":{"rendered":"https:\/\/jundiai.sp.gov.br\/educacao\/?page_id=1909"},"modified":"2026-02-11T17:43:54","modified_gmt":"2026-02-11T20:43:54","slug":"organograma","status":"publish","type":"page","link":"https:\/\/jundiai.sp.gov.br\/educacao\/organograma\/","title":{"rendered":"Organograma"},"content":{"rendered":"\n<h2 class=\"wp-block-heading\">Estrutura da Secretaria<\/h2>\n\n\n\n<p><strong>Secretaria:<\/strong> Priscila Alves da Costa Silva<br><br><strong><strong>Secret\u00e1ria <\/strong>Adjunta Institucional:<\/strong>\u00a0Janete Aparecida da Silva Marini<\/p>\n\n\n\n<hr class=\"wp-block-separator has-alpha-channel-opacity\"\/>\n\n\n\n<p><strong>Departamento de Planejamento, Gest\u00e3o e Finan\u00e7as<\/strong><br>Diretora: Cinthia Rizzato Polonio<\/p>\n\n\n\n<p><strong>Departamento de Educa\u00e7\u00e3o Infantil<\/strong><br>Diretora: Ellen Lucas Rozante <\/p>\n\n\n\n<p><strong>Departamento de Ensino Fundamental<\/strong><br>Diretora: D\u00e9bora Juv\u00eancio Carvalhial <\/p>\n\n\n\n<p><strong>Departamento de Educa\u00e7\u00e3o de Jovens e Adultos<\/strong><br>Diretora: Luc\u00e9lia Cassalho Rodrigues de Moura <\/p>\n\n\n\n<p><strong>Departamento de Educa\u00e7\u00e3o Inclusiva<\/strong><br>Diretor: Djalma Henrique Paes<\/p>\n\n\n\n<p><strong>Departamento de Alimenta\u00e7\u00e3o e Nutri\u00e7\u00e3o<\/strong><br>Diretora: Mariana Rodrigues de Oliveira<\/p>\n\n\n\n<p><strong>Departamento Financeiro<\/strong><br>Diretora: Silvana Arrelaro da Fonceca<\/p>\n\n\n\n<p><strong>Centro de L\u00ednguas e de Tecnologia da Informa\u00e7\u00e3o<\/strong><br>Diretora: Luc\u00e9lia Cassalho Rodrigues de Moura<\/p>\n\n\n\n<p><strong>Departamento de Ci\u00eancia de Dados Educacionais<br><\/strong>Diretor: Luiz Carlos Gesqui<\/p>\n\n\n\n<p><strong>Departamento de Servi\u00e7os Institucionais<br><\/strong>Diretora: Cristiane Cusin Pupo<\/p>\n\n\n\n<p><strong>Departamento de Forma\u00e7\u00e3o<\/strong><br>Diretora: Sheila Hamburg Urtado<\/p>\n\n\n\n<p><\/p>\n\n\n\n<p><\/p>\n","protected":false},"excerpt":{"rendered":"<p>Estrutura da Secretaria Secretaria: Priscila Alves da Costa Silva Secret\u00e1ria Adjunta Institucional:\u00a0Janete Aparecida da Silva Marini Departamento de Planejamento, Gest\u00e3o e Finan\u00e7asDiretora: Cinthia Rizzato Polonio Departamento de Educa\u00e7\u00e3o InfantilDiretora: Ellen Lucas Rozante Departamento de Ensino FundamentalDiretora: D\u00e9bora Juv\u00eancio Carvalhial Departamento de Educa\u00e7\u00e3o de Jovens e AdultosDiretora: Luc\u00e9lia Cassalho Rodrigues de Moura Departamento de Educa\u00e7\u00e3o InclusivaDiretor: [&hellip;]<\/p>\n","protected":false},"author":14,"featured_media":0,"parent":0,"menu_order":0,"comment_status":"closed","ping_status":"closed","template":"","meta":{"footnotes":""},"class_list":["post-1909","page","type-page","status-publish","hentry"],"_links":{"self":[{"href":"https:\/\/jundiai.sp.gov.br\/educacao\/wp-json\/wp\/v2\/pages\/1909","targetHints":{"allow":["GET"]}}],"collection":[{"href":"https:\/\/jundiai.sp.gov.br\/educacao\/wp-json\/wp\/v2\/pages"}],"about":[{"href":"https:\/\/jundiai.sp.gov.br\/educacao\/wp-json\/wp\/v2\/types\/page"}],"author":[{"embeddable":true,"href":"https:\/\/jundiai.sp.gov.br\/educacao\/wp-json\/wp\/v2\/users\/14"}],"replies":[{"embeddable":true,"href":"https:\/\/jundiai.sp.gov.br\/educacao\/wp-json\/wp\/v2\/comments?post=1909"}],"version-history":[{"count":39,"href":"https:\/\/jundiai.sp.gov.br\/educacao\/wp-json\/wp\/v2\/pages\/1909\/revisions"}],"predecessor-version":[{"id":4509,"href":"https:\/\/jundiai.sp.gov.br\/educacao\/wp-json\/wp\/v2\/pages\/1909\/revisions\/4509"}],"wp:attachment":[{"href":"https:\/\/jundiai.sp.gov.br\/educacao\/wp-json\/wp\/v2\/media?parent=1909"}],"curies":[{"name":"wp","href":"https:\/\/api.w.org\/{rel}","templated":true}]}}