{"id":216,"date":"2014-08-19T18:36:59","date_gmt":"2014-08-19T21:36:59","guid":{"rendered":"https:\/\/jundiai.sp.gov.br\/educacao\/?page_id=216"},"modified":"2025-11-07T14:12:46","modified_gmt":"2025-11-07T17:12:46","slug":"centro-municipal-de-linguas-antonio-houaiss","status":"publish","type":"page","link":"https:\/\/jundiai.sp.gov.br\/educacao\/complexo-argos\/centro-municipal-de-linguas-antonio-houaiss\/","title":{"rendered":"Centro Municipal de L\u00ednguas &#8220;Ant\u00f4nio Houaiss&#8221;"},"content":{"rendered":"<h2>Hist\u00f3rico<\/h2>\n<p>O Centro Municipal de L\u00ednguas Antonio Houaiss iniciou suas atividades no dia 27 de julho de 2000 e foi oficializado por meio do projeto de Lei complementar n\u00ba 820, no dia 16\/10\/07. O Centro foi criado com a finalidade de proporcionar \u00e0 comunidade oportunidades de aprendizagem de l\u00ednguas estrangeiras modernas e acesso \u00e0s culturas contempor\u00e2neas, assegurando ao cidad\u00e3o sua integra\u00e7\u00e3o no mundo atual.<\/p>\n<h2>Os Cursos<\/h2>\n<p>Os cursos oferecidos pelo Centro Municipal de L\u00ednguas s\u00e3o presenciais ou online e de n\u00edvel b\u00e1sico<\/p>\n<h2>Metodologia<\/h2>\n<p>O Centro Municipal de L\u00ednguas Antonio Houaiss prop\u00f5e realizar um trabalho pautado na abordagem comunicativa cujo prop\u00f3sito \u00e9 fazer uso das habilidades lingu\u00edsticas (ler, ouvir, falar e escrever), de forma que os alunos possam engajar-se em situa\u00e7\u00f5es de interlocu\u00e7\u00f5es diversas.<\/p>\n<p>Objetiva que professores e alunos estejam comprometidos no processo de ensino e aprendizagem de l\u00edngua estrangeira, considerando como elementos importantes a autonomia, a liberdade, a dignidade e o respeito. No tocante ao aluno, espera-se que ele seja capaz de construir consci\u00eancia ling\u00fc\u00edstica e consci\u00eancia cr\u00edtica dos usos que se fazem da l\u00edngua estrangeira que est\u00e3o aprendendo. Ademais, pretende-se a forma\u00e7\u00e3o de um discente reflexivo e cr\u00edtico, preparado para utilizar os novos saberes a fim de poder pensar e criar, tanto no exerc\u00edcio de seus direitos quanto no cumprimento de seus deveres.<\/p>\n\n\n<div class=\"wp-block-buttons is-layout-flex wp-block-buttons-is-layout-flex\"><\/div>\n\n\n\n<h2 class=\"wp-block-heading\"><strong>Contato<\/strong><\/h2>\n\n\n\n<p>Av. Dr. Cavalcanti, n\u00b0 396 \u2013 Vila Argos Nova \u2013 Vila Arens<br>Telefones: (11) 4588-7951,&nbsp;&nbsp;(11) 4588-7950 &#8211; Secretaria, (11) 4588-7954 &#8211; Coordena\u00e7\u00e3o<br>E-mail:&nbsp;<a rel=\"noreferrer noopener\" href=\"mailto:centrodelinguas@jundiai.sp.gov.br\" target=\"_blank\">centrodelinguas@jundiai.sp.gov.br<\/a><\/p>\n\n\n\n<p><\/p>\n","protected":false},"excerpt":{"rendered":"<p>Hist\u00f3rico O Centro Municipal de L\u00ednguas Antonio Houaiss iniciou suas atividades no dia 27 de julho de 2000 e foi oficializado por meio do projeto de Lei complementar n\u00ba 820, no dia 16\/10\/07. O Centro foi criado com a finalidade de proporcionar \u00e0 comunidade oportunidades de aprendizagem de l\u00ednguas estrangeiras modernas e acesso \u00e0s culturas [&hellip;]<\/p>\n","protected":false},"author":5,"featured_media":0,"parent":18,"menu_order":0,"comment_status":"closed","ping_status":"closed","template":"page-subpaginas.php","meta":{"footnotes":""},"class_list":["post-216","page","type-page","status-publish","hentry"],"_links":{"self":[{"href":"https:\/\/jundiai.sp.gov.br\/educacao\/wp-json\/wp\/v2\/pages\/216","targetHints":{"allow":["GET"]}}],"collection":[{"href":"https:\/\/jundiai.sp.gov.br\/educacao\/wp-json\/wp\/v2\/pages"}],"about":[{"href":"https:\/\/jundiai.sp.gov.br\/educacao\/wp-json\/wp\/v2\/types\/page"}],"author":[{"embeddable":true,"href":"https:\/\/jundiai.sp.gov.br\/educacao\/wp-json\/wp\/v2\/users\/5"}],"replies":[{"embeddable":true,"href":"https:\/\/jundiai.sp.gov.br\/educacao\/wp-json\/wp\/v2\/comments?post=216"}],"version-history":[{"count":10,"href":"https:\/\/jundiai.sp.gov.br\/educacao\/wp-json\/wp\/v2\/pages\/216\/revisions"}],"predecessor-version":[{"id":4446,"href":"https:\/\/jundiai.sp.gov.br\/educacao\/wp-json\/wp\/v2\/pages\/216\/revisions\/4446"}],"up":[{"embeddable":true,"href":"https:\/\/jundiai.sp.gov.br\/educacao\/wp-json\/wp\/v2\/pages\/18"}],"wp:attachment":[{"href":"https:\/\/jundiai.sp.gov.br\/educacao\/wp-json\/wp\/v2\/media?parent=216"}],"curies":[{"name":"wp","href":"https:\/\/api.w.org\/{rel}","templated":true}]}}