{"id":2378,"date":"2019-03-14T09:32:28","date_gmt":"2019-03-14T12:32:28","guid":{"rendered":"https:\/\/jundiai.sp.gov.br\/educacao\/?page_id=2378"},"modified":"2024-01-26T15:30:53","modified_gmt":"2024-01-26T18:30:53","slug":"cardapio-da-merenda","status":"publish","type":"page","link":"https:\/\/jundiai.sp.gov.br\/educacao\/cardapio-da-merenda\/","title":{"rendered":"Card\u00e1pio da Merenda"},"content":{"rendered":"<blockquote class=\"wp-block-quote is-style-default\"><p><strong> Aten\u00e7\u00e3o<\/strong><\/p>\n<p>O card\u00e1pio da merenda poder\u00e1 sofrer altera\u00e7\u00f5es sem pr\u00e9vio aviso.<\/p>\n<p>No Dia Livre, \u00e9 permitido \u00e0 Unidade Escolar utilizar o produto que estiver em maior quantidade em seu estoque e com vencimento mais pr\u00f3ximo, levando-se em conta os conceitos de alimenta\u00e7\u00e3o saud\u00e1vel.<\/p><\/blockquote>\n","protected":false},"excerpt":{"rendered":"<p>Aten\u00e7\u00e3o O card\u00e1pio da merenda poder\u00e1 sofrer altera\u00e7\u00f5es sem pr\u00e9vio aviso. No Dia Livre, \u00e9 permitido \u00e0 Unidade Escolar utilizar o produto que estiver em maior quantidade em seu estoque e com vencimento mais pr\u00f3ximo, levando-se em conta os conceitos de alimenta\u00e7\u00e3o saud\u00e1vel.<\/p>\n","protected":false},"author":29,"featured_media":0,"parent":0,"menu_order":0,"comment_status":"closed","ping_status":"closed","template":"interna-merenda\/page-merenda.php","meta":{"footnotes":""},"class_list":["post-2378","page","type-page","status-publish","hentry"],"_links":{"self":[{"href":"https:\/\/jundiai.sp.gov.br\/educacao\/wp-json\/wp\/v2\/pages\/2378","targetHints":{"allow":["GET"]}}],"collection":[{"href":"https:\/\/jundiai.sp.gov.br\/educacao\/wp-json\/wp\/v2\/pages"}],"about":[{"href":"https:\/\/jundiai.sp.gov.br\/educacao\/wp-json\/wp\/v2\/types\/page"}],"author":[{"embeddable":true,"href":"https:\/\/jundiai.sp.gov.br\/educacao\/wp-json\/wp\/v2\/users\/29"}],"replies":[{"embeddable":true,"href":"https:\/\/jundiai.sp.gov.br\/educacao\/wp-json\/wp\/v2\/comments?post=2378"}],"version-history":[{"count":1,"href":"https:\/\/jundiai.sp.gov.br\/educacao\/wp-json\/wp\/v2\/pages\/2378\/revisions"}],"predecessor-version":[{"id":2379,"href":"https:\/\/jundiai.sp.gov.br\/educacao\/wp-json\/wp\/v2\/pages\/2378\/revisions\/2379"}],"wp:attachment":[{"href":"https:\/\/jundiai.sp.gov.br\/educacao\/wp-json\/wp\/v2\/media?parent=2378"}],"curies":[{"name":"wp","href":"https:\/\/api.w.org\/{rel}","templated":true}]}}