{"id":24,"date":"2014-08-18T18:50:21","date_gmt":"2014-08-18T21:50:21","guid":{"rendered":"https:\/\/jundiai.sp.gov.br\/educacao\/?page_id=24"},"modified":"2018-03-02T15:32:38","modified_gmt":"2018-03-02T18:32:38","slug":"decretos-novas-inscricoes-creches","status":"publish","type":"page","link":"https:\/\/jundiai.sp.gov.br\/educacao\/decretos-novas-inscricoes-creches\/","title":{"rendered":"Novas Inscri\u00e7\u00f5es &#8211; Creches"},"content":{"rendered":"<p><strong>Per\u00edodo de inscri\u00e7\u00e3o para creche \u00e9 alterado<\/strong><\/p>\n<p>A Prefeitura de Jundia\u00ed, por meio da Unidade de Gest\u00e3o de Educa\u00e7\u00e3o, informa que foi firmado um novo Termo de Ajustamento de Conduta (TAC) com o Minist\u00e9rio P\u00fablico, Juiz da Vara da Inf\u00e2ncia e Juventude, e Defensoria P\u00fablica, visando reorganizar o atendimento da demanda para escolas municipais de educa\u00e7\u00e3o infantil que atendem crian\u00e7as de quatro meses a tr\u00eas anos.<\/p>\n<p>As inscri\u00e7\u00f5es, segundo definido no TAC, ocorrer\u00e3o nos meses de mar\u00e7o e setembro. Nos pr\u00f3ximos dias, ser\u00e3o publicados na Imprensa Oficial do munic\u00edpio os novos crit\u00e9rios para inscri\u00e7\u00e3o e para a classifica\u00e7\u00e3o.<\/p>\n","protected":false},"excerpt":{"rendered":"<p>Per\u00edodo de inscri\u00e7\u00e3o para creche \u00e9 alterado A Prefeitura de Jundia\u00ed, por meio da Unidade de Gest\u00e3o de Educa\u00e7\u00e3o, informa que foi firmado um novo Termo de Ajustamento de Conduta (TAC) com o Minist\u00e9rio P\u00fablico, Juiz da Vara da Inf\u00e2ncia e Juventude, e Defensoria P\u00fablica, visando reorganizar o atendimento da demanda para escolas municipais de [&hellip;]<\/p>\n","protected":false},"author":5,"featured_media":0,"parent":0,"menu_order":0,"comment_status":"closed","ping_status":"closed","template":"","meta":{"footnotes":""},"class_list":["post-24","page","type-page","status-publish","hentry"],"_links":{"self":[{"href":"https:\/\/jundiai.sp.gov.br\/educacao\/wp-json\/wp\/v2\/pages\/24","targetHints":{"allow":["GET"]}}],"collection":[{"href":"https:\/\/jundiai.sp.gov.br\/educacao\/wp-json\/wp\/v2\/pages"}],"about":[{"href":"https:\/\/jundiai.sp.gov.br\/educacao\/wp-json\/wp\/v2\/types\/page"}],"author":[{"embeddable":true,"href":"https:\/\/jundiai.sp.gov.br\/educacao\/wp-json\/wp\/v2\/users\/5"}],"replies":[{"embeddable":true,"href":"https:\/\/jundiai.sp.gov.br\/educacao\/wp-json\/wp\/v2\/comments?post=24"}],"version-history":[{"count":5,"href":"https:\/\/jundiai.sp.gov.br\/educacao\/wp-json\/wp\/v2\/pages\/24\/revisions"}],"predecessor-version":[{"id":2147,"href":"https:\/\/jundiai.sp.gov.br\/educacao\/wp-json\/wp\/v2\/pages\/24\/revisions\/2147"}],"wp:attachment":[{"href":"https:\/\/jundiai.sp.gov.br\/educacao\/wp-json\/wp\/v2\/media?parent=24"}],"curies":[{"name":"wp","href":"https:\/\/api.w.org\/{rel}","templated":true}]}}