{"id":2740,"date":"2020-02-03T17:17:45","date_gmt":"2020-02-03T19:17:45","guid":{"rendered":"https:\/\/jundiai.sp.gov.br\/educacao\/?page_id=2740"},"modified":"2020-02-04T18:54:45","modified_gmt":"2020-02-04T20:54:45","slug":"inovadora","status":"publish","type":"page","link":"https:\/\/jundiai.sp.gov.br\/educacao\/inovadora\/","title":{"rendered":"Inovadora"},"content":{"rendered":"<p><strong>VOC\u00ca SABIA QUE&#8230;<\/strong><\/p>\n<p>A Unidade de Gest\u00e3o de Educa\u00e7\u00e3o (UGE) promove pr\u00eamios de valoriza\u00e7\u00e3o da educa\u00e7\u00e3o em Jundia\u00ed e que todos os educadores podem participar?<\/p>\n<p>A UGE esteve envolvida em catorze a\u00e7\u00f5es internacionais nos \u00faltimos anos?<\/p>\n<p>A professora Arabelle Barbosa Calciolari foi uma das premiadas do programa \u201cProfessor Nota 10\u201d da Funda\u00e7\u00e3o Victor Civita?<\/p>\n<p>A professora Agnes Prado esteve em Medellin, na Col\u00f4mbia, apresentando o trabalho de sua turma com o Programa EScola Plus e Fab Lab?<\/p>\n<p>A UGE faz parte da Plataforma de Educa\u00e7\u00e3o e Cultura?<\/p>\n<p>Jundia\u00ed \u00e9 a segunda cidade brasileira e a primeira paulista a compor a Rede Latino-Americana \u201cCidade das Crian\u00e7as\u201d?<\/p>\n<p>Servimos 4 frutas diferentes por semana nas EMEBs de Educa\u00e7\u00e3o Infantil II e do Ensino Fundamental?<\/p>\n<p>Por semana, servimos 13 frutas, 10 legumes e 5 verduras diferentes nas creches?<\/p>\n<p>No verso dos card\u00e1pios h\u00e1 informa\u00e7\u00f5es nutricionais de cada refei\u00e7\u00e3o servida?<\/p>\n<p>Em 2019, o DAN (Departamento de Alimenta\u00e7\u00e3o e Nutri\u00e7\u00e3o) realizou 2 encontros municipais com pais de alunos para tratar sobre a alimenta\u00e7\u00e3o ?<\/p>\n<p>Anualmente o DAN comemora o Dia Mundial da Alimenta\u00e7\u00e3o com um evento de forma\u00e7\u00e3o para cozinheiros e diretores de escola?<\/p>\n<p>O DAN disp\u00f5es de um programa de Controle de Qualidade que fornece indicadores de risco de contamina\u00e7\u00e3o dos alimentos e manipuladores?<\/p>\n<p>Realizamos 2.392 an\u00e1lises microbiol\u00f3gicas preventivas no ano de 2019?<\/p>\n<p>Atendemos 350 alunos com restri\u00e7\u00f5es\/alergias alimentares?<\/p>\n<p>A maioria das restri\u00e7\u00f5es alimentares s\u00e3o casos de intoler\u00e2ncia a lactose, seguida por alergia a prote\u00edna do leite de vaca, por alergia ao ovo e por corantes?<\/p>\n<p>O card\u00e1pio escolar \u00e9 disponibilizado no site e no aplicativo da prefeitura?<\/p>\n<p>Em 2019, foi implantado o Card\u00e1pio Sustent\u00e1vel, em que \u00e9 servido uma vez ao m\u00eas uma refei\u00e7\u00e3o com substitui\u00e7\u00e3o da prote\u00edna animal por vegetal?<\/p>\n<p>O projeto Card\u00e1pio Sustent\u00e1vel conta com gr\u00e3o de bico, lentilha e ervilha?<\/p>\n<p>O projeto Card\u00e1pio Sustent\u00e1vel tem o apoio da Sociedade Vegetariana Brasileira?<\/p>\n<p>O Projeto Inova na Horta tem por objetivo a introdu\u00e7\u00e3o das plantas aliment\u00edcias n\u00e3o convencionais (PANC)?<\/p>\n<p>29 escolas foram capacitadas no Projeto Inova na Horta em 2019?<\/p>\n<p>Nas forma\u00e7\u00f5es do Projeto Inova j\u00e1 participaram mais de 840 profissionais da educa\u00e7\u00e3o?<\/p>\n<p>O Projeto Inova na Horta formou 112 cozinheiros?<\/p>\n<p>84 EMEBs possuem Horta Escolar?<\/p>\n<p>O DAN (Departamento de Alimenta\u00e7\u00e3o e Nutri\u00e7\u00e3o) oferece insumos, terra e assist\u00eancia de manuseio e cuidados para o Projeto Horta Escolar?<\/p>\n<p>O Projeto Vale Verde \u00e9 uma horta municipal de grande porte, org\u00e2nica e certificada pela OIA (Organiza\u00e7\u00e3o Internacional Agropecu\u00e1ria)?<\/p>\n<p>O projeto Vale Verde distribui hortali\u00e7as para 145 escolas (111 municipais, 32 estaduais e 2 ETECs)?<\/p>\n<p>O projeto Vale Verde recebeu 3.432 alunos do sistema de ensino municipal de Jundia\u00ed, em visitas educativas no ano de 2019?.<\/p>\n<p>O Projeto Vale Verde possui 43 canteiros exclusivos para o cultivo de PANC \u2013 Plantas Aliment\u00edcias N\u00e3o Convencionais?<\/p>\n<p>O DAN realizou cerca de 24 forma\u00e7\u00f5es em HTPC\u2019s (Hora de Trabalho Pedag\u00f3gico Coletivo) em 2019?<\/p>\n<p>O projeto sobre o Enfrentamento Da Obesidade Infantil atendeu 26 escolas do sistema de ensino do munic\u00edpio de Jundia\u00ed?<\/p>\n<p>O DEIN (Departamento de Educa\u00e7\u00e3o Inclusiva) conta com 28 professores?<\/p>\n<p>O DEIN oferta o Atendimento Domiciliar o Atendimento Hospitalar para os estudantes que necessitam?<\/p>\n<p>A Unidade de Gest\u00e3o de Educa\u00e7\u00e3o de Jundia\u00ed, disponibiliza a cada educando com defici\u00eancia uma rede de apoio, que permite potencializar o trabalho pedag\u00f3gico desenvolvido em cada Unidade Escolar?<\/p>\n<p>O DEIN oferece forma\u00e7\u00e3o mensal aos profissionais das Unidades Escolares?<\/p>\n<p>O DEIN oferece apoio \u00e0s fam\u00edlias acolhendo e orientando os respons\u00e1veis?<\/p>\n<p>Os professores do atendimento educacional especializado &#8211; AEE &#8211; atendem os estudantes com defici\u00eancias de forma descentralizada ou centralizada em parceira com a unidade escolar?<\/p>\n<p>Temos 816 estudantes acompanhados pelo DEIN?<\/p>\n<p>Todos os educadores possuem e-mail institucional da Plataforma Google, no qual recebem todas as informa\u00e7\u00f5es da Unidade de Gest\u00e3o de Educa\u00e7\u00e3o?<\/p>\n<p>No ano de 2019 foram oferecidas mais de 30 forma\u00e7\u00f5es, capacitando em m\u00e9dia 3.000 educadores no munic\u00edpio?<\/p>\n<p>Voc\u00ea sabia que em 2019 tivemos tr\u00eas palestras com especialistas internacionais?<\/p>\n<p>Voc\u00ea sabia que o Centro de Forma\u00e7\u00e3o possui uma Galeria de Arte com exposi\u00e7\u00f5es que s\u00e3o renovadas a cada tr\u00eas meses?<\/p>\n<p>Voc\u00ea sabia que na III SAP (Semana de Atualiza\u00e7\u00e3o Pedag\u00f3gica) tivemos 163 palestras e envolvemos mais de tr\u00eas mil funcion\u00e1rios da Educa\u00e7\u00e3o?<\/p>\n<p>Voc\u00ea sabia que 2020 \u00e9 o terceiro ano consecutivo da SAP (Semana de Atualiza\u00e7\u00e3o Pedag\u00f3gica)?<\/p>\n<p>Voc\u00ea sabia que o tema da III SAP (Semana de Atualiza\u00e7\u00e3o Pedag\u00f3gica) \u00e9 &#8221; O curr\u00edculo Jundiaiense e as a\u00e7\u00f5es do CIEMP &#8211; Centro Internacional de Estudos, Mem\u00f3ria e Pesquisas da Inf\u00e2ncia &#8211; como pol\u00edticas p\u00fablicas de continuidade para o munic\u00edpio de Jundia\u00ed&#8221;?<\/p>\n<p>Jundia\u00ed tem um Centro Internacional de Estudos, Mem\u00f3rias e Pesquisa da Inf\u00e2ncia (CIEMPI)?<\/p>\n<p>Toda a sociedade jundiaiense pode desfrutar do CIEMPI?<\/p>\n<p>O CIEMP mant\u00e9m viva a hist\u00f3ria da educa\u00e7\u00e3o da nossa cidade?<\/p>\n<p>O Centro Internacional de Estudos, Mem\u00f3rias e Pesquisa da Inf\u00e2ncia \u00e9 inspirado nos estudos de Reggio Emilia e de grandes pesquisadores da educa\u00e7\u00e3o?<\/p>\n<p>Est\u00e1 aberta uma agenda com oficinas, workshops, palestras, encontros para crian\u00e7as, fam\u00edlias e educadores de Jundia\u00ed, durante todo o ano com ateli\u00eas de culin\u00e1ria, ci\u00eancias, tecnologias, artes, sustentabilidade?<\/p>\n<p>Jundia\u00ed, pelo terceiro ano consecutivo, sediar\u00e1 o Science Day, realizado pela NASA?<\/p>\n<p>As crian\u00e7as t\u00eam aula de ingl\u00eas a partir dos 4 anos?<\/p>\n<p>A unidade de gest\u00e3o de educa\u00e7\u00e3o oferece, nos meses de janeiro e julho, curso de forma\u00e7\u00e3o aos professores rec\u00e9m chegados?<\/p>\n<p>Em 2020 colocaremos em pr\u00e1tica a primeira vers\u00e3o do Curr\u00edculo Jundiaiense, constru\u00eddo por todos os educadores do sistema?<\/p>\n<p>Jundia\u00ed \u00e9 a cidade polo do programa primeir\u00edssima inf\u00e2ncia?<\/p>\n<p>As crian\u00e7as t\u00eam acesso a literatura de qualidade desde beb\u00eas?<\/p>\n<p>A unidade de Gest\u00e3o de Educa\u00e7\u00e3o valoriza e incentiva a amamenta\u00e7\u00e3o, organizando espa\u00e7os acolhedores nas escolas municipais?<\/p>\n<p>A unidade de Gest\u00e3o de Educa\u00e7\u00e3o participa do Domingo no Parque com um espa\u00e7o do brincar das crian\u00e7as?<\/p>\n<p>Jundia\u00ed d\u00e1 visibilidade \u00e0s produ\u00e7\u00f5es infantis por meio das exposi\u00e7\u00f5es itinerantes em espa\u00e7os p\u00fablicos e privados?<\/p>\n<p>Seis crian\u00e7as de Jundia\u00ed participaram da 10\u00aa World Mathematics Team Championship, que aconteceu em Beijing, na China e ganharam medalha de bronze?<\/p>\n<p>As aulas de educa\u00e7\u00e3o f\u00edsica s\u00e3o ministradas desde a creche?<\/p>\n<p>Jundia\u00ed realizar\u00e1 a 3\u00aa edi\u00e7\u00e3o consecutiva da Feira Cient\u00edfico Cultural Dos Estudantes Jundiaienses?<\/p>\n<p>O Fab Lab Jundia\u00ed \u00e9 um laborat\u00f3rio, uma f\u00e1brica de ideias, onde voc\u00ea pode dar asas aos seus projetos?<\/p>\n<p>No Fab Lab voc\u00ea pode cortar pe\u00e7as na cortadora a laser, imprimir projetos em 3Ds e outras coisas futur\u00edsticas?<\/p>\n<p>O Fab Lab Jundia\u00ed \u00e9 resultado de um parceria in\u00e9dita entre o SESI-SP e a Prefeitura do Munic\u00edpio de Jundia\u00ed?<\/p>\n<p>Diversas unidades escolares do sistema municipal tiveram a oportunidade de desenvolver seus projetos no Fab Lab Jundia\u00ed em 2019?<\/p>\n<p>A equipe do SESI atende gratuitamente, no per\u00edodo noturno, qualquer pessoa que se interesse em desenvolver seus projetos no Fab Lab Jundia\u00ed?<\/p>\n<p>A plataforma Google for Education \u00e9 uma parceria entre a Google, a CIJUN e a Prefeitura de Jundia\u00ed para atender a todos os servidores da Unidade de Gest\u00e3o de Educa\u00e7\u00e3o?<\/p>\n<p>A parceria com a plataforma Google \u00e9 vital\u00edcia e sem qualquer \u00f4nus para o munic\u00edpio?<\/p>\n<p>Todas as informa\u00e7\u00f5es e documentos partilhados na plataforma Google s\u00f3 podem ser acessados pelas contas no dom\u00ednio @educacao.jundiai.sp.gov.br?<\/p>\n<p>O Google Drive, no contrato Google for Education, t\u00eam sua capacidade de armazenamento ilimitada?<\/p>\n<p>O drive compartilhado \u00e9 exclusivo \u00e0 plataforma Google for Education e nele a equipe escolar pode partilhar facilmente documentos?<\/p>\n<p>Diversos conte\u00fados s\u00e3o disponibilizados pelo o Google sala de aula para o enriquecimento das propostas de forma\u00e7\u00e3o desenhadas na rede?<\/p>\n<p>Temos 109 escolas municipais?<\/p>\n<p>Atendemos mais de 36 mil alunos?<\/p>\n<p>Ser\u00e1 entregue a creche \u201cFernanda de Favre\u201d no Residencial Jundia\u00ed?<\/p>\n<p>Em 2020 Jundia\u00ed atender\u00e1 as crian\u00e7as de 0 a 3 anos em 32 escolas municipais e 58 escolas e entidades contratadas?<\/p>\n<p>Teremos um aumento de 500 vagas de creche para 2020?<\/p>\n<p>Temos 350 agentes operacionais; 446 cozinheiros, 778 ADIs; 168 assistentes administrativos; 2119 professores; 136 coordenadores e 104 diretores de escola em nossas unidades?<\/p>\n<p>A EJA (Educa\u00e7\u00e3o de Jovens e Adultos) abriu uma sala descentralizada de Ensino M\u00e9dio semipresencial na EMEB Ivo de Bona para melhor atender a popula\u00e7\u00e3o da regi\u00e3o Oeste no ano de 2020?<\/p>\n<p>Algumas aulas da EJA s\u00e3o realizadas em lugares diversificados como o Sesc, a Mesquita, o Solar do Bar\u00e3o e o Jardim Bot\u00e2nico?<\/p>\n<p>Na EJA s\u00e3o trabalhados projetos e aulas interdisciplinares oportunizando momentos de viv\u00eancia para a consolida\u00e7\u00e3o da aprendizagem significativa dos estudantes?<\/p>\n<p>A EJA oferece aos seus estudantes vagas de muitos cursos de qualifica\u00e7\u00e3o profissional promovidos pelo Fundo Social de Solidariedade?<\/p>\n<p>A EJA atende mais de dois mil alunos de Jundia\u00ed e regi\u00e3o?<\/p>\n<p>A EJA possui projeto de alfabetiza\u00e7\u00e3o no Ensino Fundamental I?<\/p>\n<p>A Biblioteca Nelson Foot emprestou mais de 47 mil livros no ano de 2019?<\/p>\n<p>A Biblioteca Nelson Foot cadastrou 2380 novos s\u00f3cios no ano de 2019?<\/p>\n<p>A Biblioteca Nelson Foot recebeu 97 mil visitantes no ano de 2019?<\/p>\n<p>A Biblioteca Nelson Foot atendeu 5160 estudantes em visita monitorada no ano de 2019?<\/p>\n<p>A Biblioteca Nelson Foot teve um recorde de inscri\u00e7\u00f5es na olimp\u00edada de reda\u00e7\u00e3o com 3823 participantes no ano de 2019?<\/p>\n<p>A Biblioteca Nelson Foot ofereceu mais de 40 cursos, palestras e oficinas para a popula\u00e7\u00e3o no ano de 2019?<\/p>\n<p>A Biblioteca Nelson Foot lan\u00e7ou 10 livros de escritores jundiaienses no ano de 2019?<\/p>\n<p>A Biblioteca Nelson Foot implementou 3 novos clubes de leitura para jovens e adultos no ano de 2019?<\/p>\n<p>A Biblioteca Nelson Foot trocou 2428 livros na Feira Gentileza Liter\u00e1ria no ano de 2019?<\/p>\n<p>A Biblioteca Nelson Foot realizou torneios de literatura fant\u00e1stica com a tem\u00e1tica Harry Potter com a participa\u00e7\u00e3o de mais de 200 jovens e suas fam\u00edlias no ano de 2019?<\/p>\n<p>A Biblioteca Nelson Foot promoveu 12 exposi\u00e7\u00f5es de artistas jundiaienses no ano de 2019?<\/p>\n<p>A Biblioteca Nelson Foot realizou oficinas e torneios de xadrez com a participa\u00e7\u00e3o de um mestre enxadrista em parceria com a UGEL no ano de 2019?<\/p>\n<p>A Biblioteca Nelson Foot promoveu a 3\u00aa ZumbiTeca com destaque para a literatura machadiana no ano de 2019?<\/p>\n<p>A Biblioteca Nelson Foot acolheu mais de 600 crian\u00e7as durante as f\u00e9rias de janeiro e julho com conta\u00e7\u00e3o de hist\u00f3rias e oficinas l\u00fadicas no ano de 2019?<\/p>\n<p>A Biblioteca Nelson Foot realizou curso de conta\u00e7\u00e3o de hist\u00f3rias com carga hor\u00e1ria de 24 horas para 60 educadores no ano de 2019?<\/p>\n<p>A Biblioteca Nelson Foot implementou o espa\u00e7o interagir, facilitando a leitura acess\u00edvel no ano de 2019?<\/p>\n<p>A m\u00e9dia para servi\u00e7os de manuten\u00e7\u00e3o ultrapassa a marca de 400 atendimentos por m\u00eas?<\/p>\n<p>Pintamos 80 mil metros quadrados de paredes em 2019?<\/p>\n<p>Entregamos 17 escolas revitalizadas pelo Programa Escola Inovadora?<\/p>\n<p>Substitu\u00edmos 12.956 l\u00e2mpadas nas escolas?<\/p>\n<p>Substitu\u00edmos 9366 metros de cabos e condutores?<\/p>\n<p>O Departamento Financeiro da Unidade de Gest\u00e3o de Educa\u00e7\u00e3o \u00e9 o \u00f3rg\u00e3o respons\u00e1vel pela execu\u00e7\u00e3o financeira das demandas da Educa\u00e7\u00e3o no Munic\u00edpio de Jundia\u00ed?<\/p>\n<p>O Departamento Financeiro (DF) da Unidade de Gest\u00e3o de Educa\u00e7\u00e3o \u00e9 o \u00f3rg\u00e3o respons\u00e1vel por assegurar desde a reposi\u00e7\u00e3o dos itens de estoque at\u00e9 a contrata\u00e7\u00e3o de servi\u00e7os essenciais ao atendimento das unidades escolares do sistema municipal de ensino?<\/p>\n<p>O Departamento Financeiro \u00e9 respons\u00e1vel pela gest\u00e3o de 28 contratos voltados a execu\u00e7\u00e3o de servi\u00e7os diversos?<\/p>\n<p>O DF \u00e9 respons\u00e1vel pela gest\u00e3o de 51 contratos para aquisi\u00e7\u00e3o de vagas em creches particulares, somadas a sete outros contratos firmados com entidades assistenciais que tamb\u00e9m prestam este tipo de atendimento?<\/p>\n<p>Entre os meses de novembro e dezembro\/2019 foram atendidos com transporte escolar cerca de 7.000 estudantes?<\/p>\n<p>Mensalmente \u00e9 gasto aproximadamente R$ 237.000,00 com energia el\u00e9trica?<\/p>\n<p>Mensalmente \u00e9 gasto aproximadamente R$ 27.500,00 com telefonia?<\/p>\n<p>A UGE mant\u00e9m parcerias com 07 Organiza\u00e7\u00f5es da Sociedade Civil?<\/p>\n<p>Anualmente s\u00e3o investidos R$ 3.858.851,35 com as parcerias?<\/p>\n<p>A UGE oferta 154 vagas de est\u00e1gio?<\/p>\n<p>No total foram repassados R$ 802.608,00 para as unidades executoras do PDDE?<\/p>\n<p>Em 2019 foram registradas 149 ocorr\u00eancias envolvendo os alarmes das escolas?<\/p>\n","protected":false},"excerpt":{"rendered":"<p>VOC\u00ca SABIA QUE&#8230; A Unidade de Gest\u00e3o de Educa\u00e7\u00e3o (UGE) promove pr\u00eamios de valoriza\u00e7\u00e3o da educa\u00e7\u00e3o em Jundia\u00ed e que todos os educadores podem participar? A UGE esteve envolvida em catorze a\u00e7\u00f5es internacionais nos \u00faltimos anos? A professora Arabelle Barbosa Calciolari foi uma das premiadas do programa \u201cProfessor Nota 10\u201d da Funda\u00e7\u00e3o Victor Civita? A [&hellip;]<\/p>\n","protected":false},"author":37,"featured_media":0,"parent":0,"menu_order":0,"comment_status":"closed","ping_status":"closed","template":"","meta":{"footnotes":""},"class_list":["post-2740","page","type-page","status-publish","hentry"],"_links":{"self":[{"href":"https:\/\/jundiai.sp.gov.br\/educacao\/wp-json\/wp\/v2\/pages\/2740","targetHints":{"allow":["GET"]}}],"collection":[{"href":"https:\/\/jundiai.sp.gov.br\/educacao\/wp-json\/wp\/v2\/pages"}],"about":[{"href":"https:\/\/jundiai.sp.gov.br\/educacao\/wp-json\/wp\/v2\/types\/page"}],"author":[{"embeddable":true,"href":"https:\/\/jundiai.sp.gov.br\/educacao\/wp-json\/wp\/v2\/users\/37"}],"replies":[{"embeddable":true,"href":"https:\/\/jundiai.sp.gov.br\/educacao\/wp-json\/wp\/v2\/comments?post=2740"}],"version-history":[{"count":2,"href":"https:\/\/jundiai.sp.gov.br\/educacao\/wp-json\/wp\/v2\/pages\/2740\/revisions"}],"predecessor-version":[{"id":2749,"href":"https:\/\/jundiai.sp.gov.br\/educacao\/wp-json\/wp\/v2\/pages\/2740\/revisions\/2749"}],"wp:attachment":[{"href":"https:\/\/jundiai.sp.gov.br\/educacao\/wp-json\/wp\/v2\/media?parent=2740"}],"curies":[{"name":"wp","href":"https:\/\/api.w.org\/{rel}","templated":true}]}}