{"id":3038,"date":"2021-04-13T10:54:56","date_gmt":"2021-04-13T13:54:56","guid":{"rendered":"https:\/\/jundiai.sp.gov.br\/educacao\/?page_id=3038"},"modified":"2024-10-11T15:50:17","modified_gmt":"2024-10-11T18:50:17","slug":"sap-2021","status":"publish","type":"page","link":"https:\/\/jundiai.sp.gov.br\/educacao\/sap\/sap-2021\/","title":{"rendered":"IV SAP"},"content":{"rendered":"\n<figure class=\"wp-block-image size-full\"><a href=\"https:\/\/jundiai.sp.gov.br\/educacao\/wp-content\/uploads\/sites\/10\/2022\/01\/iv-sap.jpeg\"><img loading=\"lazy\" decoding=\"async\" width=\"1280\" height=\"621\" src=\"https:\/\/jundiai.sp.gov.br\/educacao\/wp-content\/uploads\/sites\/10\/2022\/01\/iv-sap.jpeg\" alt=\"\" class=\"wp-image-3271\" srcset=\"https:\/\/jundiai.sp.gov.br\/educacao\/wp-content\/uploads\/sites\/10\/2022\/01\/iv-sap.jpeg 1280w, https:\/\/jundiai.sp.gov.br\/educacao\/wp-content\/uploads\/sites\/10\/2022\/01\/iv-sap-300x146.jpeg 300w, https:\/\/jundiai.sp.gov.br\/educacao\/wp-content\/uploads\/sites\/10\/2022\/01\/iv-sap-768x373.jpeg 768w\" sizes=\"auto, (max-width: 1280px) 100vw, 1280px\" \/><\/a><\/figure>\n\n\n\n<p><\/p>\n\n\n\n<p>A Semana de Atualiza\u00e7\u00e3o Pedag\u00f3gica \u00e9 uma a\u00e7\u00e3o formativa promovida pela Unidade de Gest\u00e3o de Educa\u00e7\u00e3o desde 2018. Realizada na primeira semana do ano letivo, logo ap\u00f3s as f\u00e9rias escolares, a SAP tem como objetivo mobilizar todos os educadores da rede municipal de ensino de Jundia\u00ed para participarem de momentos de estudo, aprendizado e trocas de experi\u00eancias, que fomentam pr\u00e1ticas inovadoras e contribuem com a qualidade da educa\u00e7\u00e3o oferecida aos meninos e meninas, jovens e<br>adultos.<br><\/p>\n\n\n\n<p>Em todas as edi\u00e7\u00f5es s\u00e3o abordados temas que buscam subsidiar as demandas formativas decorrentes das propostas pedag\u00f3gicas que ser\u00e3o implementadas pela UGE no ano vigente, dentre os quais podemos<br>destacar: Aprendizagem Significativa, Curr\u00edculo Jundiaiense, CIEMPI, Desemparedamento dos Espa\u00e7os Escolares. Participam do evento, simultaneamente, os quatro mil servidores municipais: Agentes de Desenvolvimento Infantil, Agentes Operacionais, Assistentes Administrativos, Assistentes de Dire\u00e7\u00e3o, Coordenadores Pedag\u00f3gicos, Cozinheiros, Diretores de Escola, Estagi\u00e1rios, Professores, Supervisores e Zeladores, que t\u00eam a oportunidade de ampliar seus conhecimentos a partir da escuta de profissionais renomados nacional e internacionalmente.<br><\/p>\n\n\n\n<p>No de 2021, a SAP abordou o tema: \u201cO desemparedamento dos espa\u00e7os e a natureza como possibilitadores potentes de novas aprendizagens: diferentes cen\u00e1rios para a reabertura das escolas\u201d e sofreu algumas adapta\u00e7\u00f5es tornando-se n\u00e3o mais uma Semana e sim um Semestre de Atualiza\u00e7\u00e3o Pedag\u00f3gica, que foi realizado durante os meses de janeiro a julho. Neste per\u00edodo aconteceram lives\u00a0e palestras mensais, buscando atender \u00e0s demandas formativas recorrentes das novas pr\u00e1ticas pedag\u00f3gicas e subsidiar as necessidades do novo contexto escolar na perspectiva do desemparedamento da escola e das aulas ao ar livre.<\/p>\n\n\n\n<p><\/p>\n\n\n\n<p><strong>Documentos:<\/strong><\/p>\n\n\n\n<p><a href=\"https:\/\/jundiai.sp.gov.br\/educacao\/wp-content\/uploads\/sites\/10\/2021\/04\/carta-convite.pdf\">Carta Convite<\/a> <br><a href=\"https:\/\/jundiai.sp.gov.br\/educacao\/wp-content\/uploads\/sites\/10\/2021\/04\/cronograma.pdf\">Cronograma<\/a> <br><a href=\"https:\/\/jundiai.sp.gov.br\/educacao\/wp-content\/uploads\/sites\/10\/2021\/04\/caixa-da-natureza.pdf\">Caixa da Natureza<\/a><strong><br><\/strong><a href=\"https:\/\/jundiai.sp.gov.br\/educacao\/wp-content\/uploads\/sites\/10\/2021\/04\/indicacoes-literarias.pdf\">Indica\u00e7\u00f5es Liter\u00e1ria<\/a><\/p>\n\n\n\n<p><strong>Lives:<\/strong><\/p>\n\n\n\n<p><strong>25\/01\/2021- Professor Francesco Tonucci, Educador italiano, fala sobre o tema:<br>&#8220;Se o v\u00edrus mudou tudo, a escola n\u00e3o pode se manter igual&#8221;.<\/strong><\/p>\n\n\n\n<figure class=\"wp-block-embed is-type-video is-provider-youtube wp-block-embed-youtube wp-embed-aspect-16-9 wp-has-aspect-ratio\"><div class=\"wp-block-embed__wrapper\">\nhttps:\/\/youtu.be\/hcKkid1gupE\n<\/div><\/figure>\n\n\n\n<p><\/p>\n\n\n\n<p><br><strong>25\/01\/2021 &#8211; Dr. Alfonso Eduardo Alvarez, Pneumologista pedi\u00e1trico, fala sobre o<br>tema &#8220;Volta \u00e0s aulas em tempo de COVID-19: o que a ci\u00eancia tem a nos dizer&#8221;.<\/strong><\/p>\n\n\n\n<figure class=\"wp-block-embed is-type-video is-provider-youtube wp-block-embed-youtube wp-embed-aspect-16-9 wp-has-aspect-ratio\"><div class=\"wp-block-embed__wrapper\">\nhttps:\/\/youtu.be\/53oEsj5nIwQ\n<\/div><\/figure>\n\n\n\n<p><br><\/p>\n\n\n\n<p><strong>26\/01\/2021 &#8211; Prof\u00aa Me. Mar\u00eda Victoria Alfieri fala sobre &#8220;A pesquisa e os contextos<br>investigativos nas \u00e1reas externas das esco<\/strong>las&#8221;.<br><\/p>\n\n\n\n<figure class=\"wp-block-embed is-type-video is-provider-youtube wp-block-embed-youtube wp-embed-aspect-16-9 wp-has-aspect-ratio\"><div class=\"wp-block-embed__wrapper\">\nhttps:\/\/youtu.be\/q_lVqD5MtJo\n<\/div><\/figure>\n\n\n\n<p><br><\/p>\n\n\n\n<p><strong>26\/01\/2021 &#8211; Prof.\u00aa Dra. Eliane Reame fala sobre o tema &#8220;Integra\u00e7\u00e3o de saberes<br>em diferentes espa\u00e7os de aprendizagem&#8221;.<\/strong><br><\/p>\n\n\n\n<figure class=\"wp-block-embed is-type-video is-provider-youtube wp-block-embed-youtube wp-embed-aspect-16-9 wp-has-aspect-ratio\"><div class=\"wp-block-embed__wrapper\">\nhttps:\/\/youtu.be\/SJGgNZmRuqM\n<\/div><\/figure>\n\n\n\n<p><br><\/p>\n\n\n\n<p><strong>24\/02\/2021 &#8211; Lan\u00e7amento do &#8220;Guia de Aprendizagem ao Ar Livre em Jundia\u00ed&#8221;, com<br>a presen\u00e7a da Assessora Pedag\u00f3gica do Programa Crian\u00e7a e Natureza do Instituto<br>Alana, Paula Mendon\u00e7a e da Gestora de Educa\u00e7\u00e3o, Prof\u00aa Vast\u00ed Ferrari Marques.<\/strong><\/p>\n\n\n\n<figure class=\"wp-block-embed is-type-video is-provider-youtube wp-block-embed-youtube wp-embed-aspect-16-9 wp-has-aspect-ratio\"><div class=\"wp-block-embed__wrapper\">\nhttps:\/\/youtu.be\/2Djoqh4b3ns\n<\/div><\/figure>\n\n\n\n<p><br><a href=\"https:\/\/jundiai.sp.gov.br\/educacao\/wp-content\/uploads\/sites\/10\/2021\/04\/guia-de-aprendizagem-ao-ar-livre.pdf\" target=\"_blank\" rel=\"noreferrer noopener\">*Guia de Aprendizagem ao Ar Livre em Jundia\u00ed&#8221;<\/a><br><\/p>\n\n\n\n<p><\/p>\n\n\n\n<p><strong>19\/03\/2021 &#8211; \u201cO encantamento do encontro da crian\u00e7a com a natureza\u201d, com a<br>professora e coordenadora do programa Ser Crian\u00e7a \u00e9 Natural, Ana Carol Thom\u00e9.<\/strong><br><\/p>\n\n\n\n<figure class=\"wp-block-embed is-type-video is-provider-youtube wp-block-embed-youtube wp-embed-aspect-16-9 wp-has-aspect-ratio\"><div class=\"wp-block-embed__wrapper\">\nhttps:\/\/youtu.be\/-8klGxEtv20\n<\/div><\/figure>\n\n\n\n<p><\/p>\n\n\n\n<p><br>14\/04\/2021 \u2013 \u201c\u00c9 poss\u00edvel manter-se saud\u00e1vel e reinventar-se como educador na pandemia?\u201d, com a<br>Psic\u00f3loga Cl\u00ednica e Educacional , Roberta Tavares Lopes.<\/p>\n\n\n\n<figure class=\"wp-block-embed is-type-video is-provider-youtube wp-block-embed-youtube wp-embed-aspect-16-9 wp-has-aspect-ratio\"><div class=\"wp-block-embed__wrapper\">\nhttps:\/\/youtu.be\/cPaJKk1OiiQ\n<\/div><\/figure>\n\n\n\n<p><\/p>\n\n\n\n<p><strong>12\/05\/2021 \u2013 \u201c<strong>Aprendizagem e A\u00e7\u00e3o:&nbsp;<\/strong>por uma pedagogia fora das caixas\u201d, com a Pedagoga Luzia Lima- Rodrigues<\/strong><\/p>\n\n\n\n<figure class=\"wp-block-embed is-type-video is-provider-youtube wp-block-embed-youtube wp-embed-aspect-16-9 wp-has-aspect-ratio\"><div class=\"wp-block-embed__wrapper\">\nhttps:\/\/youtu.be\/l3zwmO2Q0qw\n<\/div><\/figure>\n\n\n\n<p><\/p>\n\n\n\n<p><strong>E-book <\/strong><\/p>\n\n\n\n<p>23\/06\/2021 \u2013 Lan\u00e7amento do E-book &#8220;A escola no Mundo\u201d, com a&nbsp;gestora de Educa\u00e7\u00e3o, Prof\u00aa Vast\u00ed Ferrari Marques.<\/p>\n\n\n\n<figure class=\"wp-block-embed is-type-video is-provider-youtube wp-block-embed-youtube wp-embed-aspect-16-9 wp-has-aspect-ratio\"><div class=\"wp-block-embed__wrapper\">\nhttps:\/\/www.youtube.com\/watch?v=SW7Vzh1gz4M\n<\/div><\/figure>\n\n\n\n<p>Link em CANVA:&nbsp;<a rel=\"noreferrer noopener\" href=\"https:\/\/www.canva.com\/design\/DAEfHMwaZlQ\/DQXEIhN_nm0-_eCXTSNoZg\/view?utm_content=DAEfHMwaZlQ&amp;utm_campaign=designshare&amp;utm_medium=link&amp;utm_source=sharebutton\" target=\"_blank\">E-book: &#8220;A escola no Mundo&#8221;<\/a><\/p>\n\n\n\n<p>Link em PDF:&nbsp;<a rel=\"noreferrer noopener\" href=\"https:\/\/drive.google.com\/file\/d\/1iAFBGy_2rsBxaVeCli89vOiDZ6KOlIqg\/view?usp=sharing\" target=\"_blank\">E-book: &#8220;A escola no Mundo&#8221;<\/a><\/p>\n\n\n\n<p><strong>21\/07\/2021 \u2013&nbsp;A Crian\u00e7a e o Mundo Natural: O desejo de absor\u00e7\u00e3o, com o educador e artista pl\u00e1stico Gandhy Piorski<\/strong><\/p>\n\n\n\n<figure class=\"wp-block-embed is-type-video is-provider-youtube wp-block-embed-youtube wp-embed-aspect-16-9 wp-has-aspect-ratio\"><div class=\"wp-block-embed__wrapper\">\nhttps:\/\/youtu.be\/1vxFbaJH0gQ\n<\/div><\/figure>\n","protected":false},"excerpt":{"rendered":"<p>A Semana de Atualiza\u00e7\u00e3o Pedag\u00f3gica \u00e9 uma a\u00e7\u00e3o formativa promovida pela Unidade de Gest\u00e3o de Educa\u00e7\u00e3o desde 2018. Realizada na primeira semana do ano letivo, logo ap\u00f3s as f\u00e9rias escolares, a SAP tem como objetivo mobilizar todos os educadores da rede municipal de ensino de Jundia\u00ed para participarem de momentos de estudo, aprendizado e trocas [&hellip;]<\/p>\n","protected":false},"author":69,"featured_media":0,"parent":3225,"menu_order":0,"comment_status":"closed","ping_status":"closed","template":"","meta":{"footnotes":""},"class_list":["post-3038","page","type-page","status-publish","hentry"],"_links":{"self":[{"href":"https:\/\/jundiai.sp.gov.br\/educacao\/wp-json\/wp\/v2\/pages\/3038","targetHints":{"allow":["GET"]}}],"collection":[{"href":"https:\/\/jundiai.sp.gov.br\/educacao\/wp-json\/wp\/v2\/pages"}],"about":[{"href":"https:\/\/jundiai.sp.gov.br\/educacao\/wp-json\/wp\/v2\/types\/page"}],"author":[{"embeddable":true,"href":"https:\/\/jundiai.sp.gov.br\/educacao\/wp-json\/wp\/v2\/users\/69"}],"replies":[{"embeddable":true,"href":"https:\/\/jundiai.sp.gov.br\/educacao\/wp-json\/wp\/v2\/comments?post=3038"}],"version-history":[{"count":14,"href":"https:\/\/jundiai.sp.gov.br\/educacao\/wp-json\/wp\/v2\/pages\/3038\/revisions"}],"predecessor-version":[{"id":3288,"href":"https:\/\/jundiai.sp.gov.br\/educacao\/wp-json\/wp\/v2\/pages\/3038\/revisions\/3288"}],"up":[{"embeddable":true,"href":"https:\/\/jundiai.sp.gov.br\/educacao\/wp-json\/wp\/v2\/pages\/3225"}],"wp:attachment":[{"href":"https:\/\/jundiai.sp.gov.br\/educacao\/wp-json\/wp\/v2\/media?parent=3038"}],"curies":[{"name":"wp","href":"https:\/\/api.w.org\/{rel}","templated":true}]}}