{"id":3214,"date":"2021-12-09T17:13:35","date_gmt":"2021-12-09T20:13:35","guid":{"rendered":"https:\/\/jundiai.sp.gov.br\/educacao\/?page_id=3214"},"modified":"2024-10-11T15:50:35","modified_gmt":"2024-10-11T18:50:35","slug":"sap-2022","status":"publish","type":"page","link":"https:\/\/jundiai.sp.gov.br\/educacao\/sap\/sap-2022\/","title":{"rendered":"V SAP"},"content":{"rendered":"\n<figure class=\"wp-block-image size-full\"><a href=\"https:\/\/jundiai.sp.gov.br\/educacao\/wp-content\/uploads\/sites\/10\/2021\/12\/logotipo-final_v-sap-jundiai-branco-png-01-01-1.png\"><img loading=\"lazy\" decoding=\"async\" width=\"1280\" height=\"710\" src=\"https:\/\/jundiai.sp.gov.br\/educacao\/wp-content\/uploads\/sites\/10\/2021\/12\/logotipo-final_v-sap-jundiai-branco-png-01-01-1.png\" alt=\"\" class=\"wp-image-3238\" srcset=\"https:\/\/jundiai.sp.gov.br\/educacao\/wp-content\/uploads\/sites\/10\/2021\/12\/logotipo-final_v-sap-jundiai-branco-png-01-01-1.png 1280w, https:\/\/jundiai.sp.gov.br\/educacao\/wp-content\/uploads\/sites\/10\/2021\/12\/logotipo-final_v-sap-jundiai-branco-png-01-01-1-300x166.png 300w, https:\/\/jundiai.sp.gov.br\/educacao\/wp-content\/uploads\/sites\/10\/2021\/12\/logotipo-final_v-sap-jundiai-branco-png-01-01-1-768x426.png 768w\" sizes=\"auto, (max-width: 1280px) 100vw, 1280px\" \/><\/a><\/figure>\n\n\n\n<p class=\"has-text-align-left\">A Semana de Atualiza\u00e7\u00e3o Pedag\u00f3gica \u00e9 uma a\u00e7\u00e3o formativa promovida pela Unidade de Gest\u00e3o de Educa\u00e7\u00e3o desde 2018. Realizada na primeira semana do ano letivo, logo ap\u00f3s as f\u00e9rias escolares, a SAP tem como objetivo mobilizar todos os educadores da rede municipal de ensino de Jundia\u00ed para participarem de momentos de estudo, aprendizado e trocas de experi\u00eancias, que fomentam pr\u00e1ticas inovadoras e contribuem com a qualidade da educa\u00e7\u00e3o oferecida aos meninos e meninas, jovens e<br>adultos.<br><\/p>\n\n\n\n<p class=\"has-text-align-left\">Em todas as edi\u00e7\u00f5es s\u00e3o abordados temas que buscam subsidiar as demandas formativas decorrentes das propostas pedag\u00f3gicas que ser\u00e3o implementadas pela UGE no ano vigente, dentre os quais podemos destacar: Aprendizagem Significativa, Curr\u00edculo Jundiaiense, CIEMPI, Desemparedamento dos Espa\u00e7os Escolares.<br><\/p>\n\n\n\n<p class=\"has-text-align-left\">Participam do evento, simultaneamente, os quatro mil servidores municipais: Agentes de Desenvolvimento Infantil, Agentes Operacionais, Assistentes Administrativos, Assistentes de Dire\u00e7\u00e3o, Coordenadores Pedag\u00f3gicos, Cozinheiros, Diretores de Escola, Estagi\u00e1rios, Professores, Supervisores e Zeladores, que t\u00eam a oportunidade de ampliar seus conhecimentos a partir da escuta de profissionais renomados nacional e internacionalmente.<br><\/p>\n\n\n\n<p class=\"has-text-align-left\">Com o advento da pandemia, em 2021, a SAP passou a ser realizada na modalidade remota, permitindo um alcance ainda maior, atingindo educadores de outras cidades, estados e pa\u00edses.<br><\/p>\n\n\n\n<p class=\"has-text-align-left\">Em 2022, esse formato ser\u00e1 mantido e todas as palestras ser\u00e3o transmitidas on line, nas quais os profissionais convidados debater\u00e3o sobre o tema: \u201cO Natural, o Digital e o Ensino H\u00edbrido: caminhos para a nova era da Educa\u00e7\u00e3o\u201d.<br><\/p>\n\n\n\n<p class=\"has-text-align-left\">A V Semana de Atualiza\u00e7\u00e3o Pedag\u00f3gica proporcionar\u00e1 a imers\u00e3o em diversos contextos te\u00f3ricos e pr\u00e1ticos que fomentar\u00e3o in\u00fameras reflex\u00f5es, agu\u00e7ando nossos saberes, nossas experi\u00eancias e novos conhecimentos.<\/p>\n\n\n\n<figure class=\"wp-block-embed is-type-video is-provider-youtube wp-block-embed-youtube wp-embed-aspect-16-9 wp-has-aspect-ratio\"><div class=\"wp-block-embed__wrapper\">\n<iframe loading=\"lazy\" title=\"V SAP - SEMANA DE ATUALIZA\u00c7\u00c3O PEDAG\u00d3GICA\" width=\"500\" height=\"281\" src=\"https:\/\/www.youtube.com\/embed\/18unt__Z-6c?feature=oembed\" frameborder=\"0\" allow=\"accelerometer; autoplay; clipboard-write; encrypted-media; gyroscope; picture-in-picture; web-share\" referrerpolicy=\"strict-origin-when-cross-origin\" allowfullscreen><\/iframe>\n<\/div><\/figure>\n\n\n\n<p><strong>02\/02<\/strong>\u00a0&#8211;\u00a08h30 &#8211;\u00a0\u00a0\u201cA nova era da educa\u00e7\u00e3o: repensando o presente para projetar o futuro\u201d &#8211;\u00a0Professor Dr. Jos\u00e9 Moran <\/p>\n\n\n\n<figure class=\"wp-block-embed is-type-video is-provider-youtube wp-block-embed-youtube wp-embed-aspect-16-9 wp-has-aspect-ratio\"><div class=\"wp-block-embed__wrapper\">\n<iframe loading=\"lazy\" title=\"A nova era da educa\u00e7\u00e3o: repensando o presente para projetar o futuro\" width=\"500\" height=\"281\" src=\"https:\/\/www.youtube.com\/embed\/HL0gFtCFsnY?feature=oembed\" frameborder=\"0\" allow=\"accelerometer; autoplay; clipboard-write; encrypted-media; gyroscope; picture-in-picture; web-share\" referrerpolicy=\"strict-origin-when-cross-origin\" allowfullscreen><\/iframe>\n<\/div><\/figure>\n\n\n\n<p><strong><u>03\/02\u00a0<\/u><\/strong>&#8211; 08h &#8211;\u00a0&#8220;Ensino H\u00edbrido &#8211; a educa\u00e7\u00e3o na cultura digital&#8221; &#8211; Lilian Bacich\u00a0<\/p>\n\n\n\n<figure class=\"wp-block-embed is-type-video is-provider-youtube wp-block-embed-youtube wp-embed-aspect-16-9 wp-has-aspect-ratio\"><div class=\"wp-block-embed__wrapper\">\n <iframe loading=\"lazy\" title=\"Ensino H\u00edbrido - A educa\u00e7\u00e3o na cultura digital\" width=\"500\" height=\"281\" src=\"https:\/\/www.youtube.com\/embed\/YkI_0dkVpAc?feature=oembed\" frameborder=\"0\" allow=\"accelerometer; autoplay; clipboard-write; encrypted-media; gyroscope; picture-in-picture; web-share\" referrerpolicy=\"strict-origin-when-cross-origin\" allowfullscreen><\/iframe>\n<\/div><\/figure>\n\n\n\n<p><strong><u>03\/02\u00a0<\/u><\/strong>&#8211; 10h &#8211; &#8220;Viver o cotidiano na escola da inf\u00e2ncia&#8221; &#8211; Maria Carmem Silveira Barbosa &#8211;<\/p>\n\n\n\n<figure class=\"wp-block-embed is-type-video is-provider-youtube wp-block-embed-youtube wp-embed-aspect-16-9 wp-has-aspect-ratio\"><div class=\"wp-block-embed__wrapper\">\n<iframe loading=\"lazy\" title=\"Viver o cotidiano na escola da inf\u00e2ncia\" width=\"500\" height=\"281\" src=\"https:\/\/www.youtube.com\/embed\/GVgxPMazzfI?feature=oembed\" frameborder=\"0\" allow=\"accelerometer; autoplay; clipboard-write; encrypted-media; gyroscope; picture-in-picture; web-share\" referrerpolicy=\"strict-origin-when-cross-origin\" allowfullscreen><\/iframe>\n<\/div><\/figure>\n\n\n\n<p><strong><u>03\/02\u00a0<\/u><\/strong>-14h &#8211;\u00a0&#8220;Modelos de Ensino H\u00edbrido e pr\u00e1ticas docentes: repensando os espa\u00e7os arquitet\u00f4nicos das salas de aula contempor\u00e2neas&#8221; &#8211; Fernando Trevisani e Adolfo Tanzi <\/p>\n\n\n\n<figure class=\"wp-block-embed is-type-video is-provider-youtube wp-block-embed-youtube wp-embed-aspect-16-9 wp-has-aspect-ratio\"><div class=\"wp-block-embed__wrapper\">\n<iframe loading=\"lazy\" title=\"Modelos de Ensino H\u00edbrido e pr\u00e1ticas docentes\" width=\"500\" height=\"281\" src=\"https:\/\/www.youtube.com\/embed\/sbwtF8YsT6Q?feature=oembed\" frameborder=\"0\" allow=\"accelerometer; autoplay; clipboard-write; encrypted-media; gyroscope; picture-in-picture; web-share\" referrerpolicy=\"strict-origin-when-cross-origin\" allowfullscreen><\/iframe>\n<\/div><\/figure>\n\n\n\n<p><strong><u>03\/02\u00a0<\/u><\/strong>-16h &#8211;\u00a0&#8220;O digital e a natureza \u2013 encontros poss\u00edveis na inf\u00e2ncia&#8221; &#8211; Ana Teresa Gavi\u00e3o A. M. Mariotti, Aparecida Bosco Benevenuto e Fernanda Dodi<\/p>\n\n\n\n<figure class=\"wp-block-embed is-type-video is-provider-youtube wp-block-embed-youtube wp-embed-aspect-16-9 wp-has-aspect-ratio\"><div class=\"wp-block-embed__wrapper\">\n <iframe loading=\"lazy\" title=\"O digital e a natureza \u2013 encontros poss\u00edveis na inf\u00e2ncia\" width=\"500\" height=\"281\" src=\"https:\/\/www.youtube.com\/embed\/lo4ECwf9E-g?feature=oembed\" frameborder=\"0\" allow=\"accelerometer; autoplay; clipboard-write; encrypted-media; gyroscope; picture-in-picture; web-share\" referrerpolicy=\"strict-origin-when-cross-origin\" allowfullscreen><\/iframe>\n<\/div><\/figure>\n\n\n\n<p><\/p>\n\n\n\n<p><strong><u>04\/02<\/u><\/strong>\u00a0&#8211;\u00a008h &#8211; &#8220;Educa\u00e7\u00e3o, natureza e os tempos digitais&#8221; &#8211; Ana Carol Thom\u00e9\u00a0<\/p>\n\n\n\n<figure class=\"wp-block-embed is-type-video is-provider-youtube wp-block-embed-youtube wp-embed-aspect-16-9 wp-has-aspect-ratio\"><div class=\"wp-block-embed__wrapper\">\n<iframe loading=\"lazy\" title=\"Educa\u00e7\u00e3o, natureza e os tempos digitais\" width=\"500\" height=\"281\" src=\"https:\/\/www.youtube.com\/embed\/7WE2qly3kmk?feature=oembed\" frameborder=\"0\" allow=\"accelerometer; autoplay; clipboard-write; encrypted-media; gyroscope; picture-in-picture; web-share\" referrerpolicy=\"strict-origin-when-cross-origin\" allowfullscreen><\/iframe>\n<\/div><\/figure>\n\n\n\n<p><\/p>\n\n\n\n<p><strong><u>04\/02<\/u><\/strong>\u00a0&#8211;\u00a010h &#8211;\u00a0&#8220;Desemparedamento em Matem\u00e1tica: equidade, transversalidade e protagonismo&#8221; &#8211; Eliane Reame <\/p>\n\n\n\n<figure class=\"wp-block-embed is-type-video is-provider-youtube wp-block-embed-youtube wp-embed-aspect-16-9 wp-has-aspect-ratio\"><div class=\"wp-block-embed__wrapper\">\n <iframe loading=\"lazy\" title=\"Desemparedamento em Matem\u00e1tica: equidade, transversalidade e protagonismo\" width=\"500\" height=\"281\" src=\"https:\/\/www.youtube.com\/embed\/n1ct9wH3ZNQ?feature=oembed\" frameborder=\"0\" allow=\"accelerometer; autoplay; clipboard-write; encrypted-media; gyroscope; picture-in-picture; web-share\" referrerpolicy=\"strict-origin-when-cross-origin\" allowfullscreen><\/iframe>\n<\/div><\/figure>\n\n\n\n<p><\/p>\n\n\n\n<p><strong><u>04\/02<\/u><\/strong>\u00a0&#8211;\u00a014h &#8211;\u00a0&#8220;O fio das mi\u00e7angas: a leitura liter\u00e1ria, os leitores e a rede colaborativa de forma\u00e7\u00e3o&#8221; &#8211; Beatriz Gouveia<\/p>\n\n\n\n<figure class=\"wp-block-embed is-type-video is-provider-youtube wp-block-embed-youtube wp-embed-aspect-16-9 wp-has-aspect-ratio\"><div class=\"wp-block-embed__wrapper\">\n<iframe loading=\"lazy\" title=\"O fio das mi\u00e7angas: a leitura liter\u00e1ria, os leitores e a rede colaborativa de forma\u00e7\u00e3o\" width=\"500\" height=\"281\" src=\"https:\/\/www.youtube.com\/embed\/to26-itBxAw?feature=oembed\" frameborder=\"0\" allow=\"accelerometer; autoplay; clipboard-write; encrypted-media; gyroscope; picture-in-picture; web-share\" referrerpolicy=\"strict-origin-when-cross-origin\" allowfullscreen><\/iframe>\n<\/div><\/figure>\n\n\n\n<p><strong><u>04\/02<\/u><\/strong>\u00a0&#8211;\u00a016h &#8211;\u00a0&#8220;Processo de a\u00e7\u00e3o-reflex\u00e3o-a\u00e7\u00e3o no trabalho educativo&#8221; &#8211; Paula Mendon\u00e7a e Vast\u00ed Ferrari Marques\u00a0<\/p>\n\n\n\n<figure class=\"wp-block-embed is-type-video is-provider-youtube wp-block-embed-youtube wp-embed-aspect-16-9 wp-has-aspect-ratio\"><div class=\"wp-block-embed__wrapper\">\n<iframe loading=\"lazy\" title=\"Processo de a\u00e7\u00e3o-reflex\u00e3o-a\u00e7\u00e3o no trabalho educativo\" width=\"500\" height=\"281\" src=\"https:\/\/www.youtube.com\/embed\/RNrGC7JYWms?feature=oembed\" frameborder=\"0\" allow=\"accelerometer; autoplay; clipboard-write; encrypted-media; gyroscope; picture-in-picture; web-share\" referrerpolicy=\"strict-origin-when-cross-origin\" allowfullscreen><\/iframe>\n<\/div><\/figure>\n\n\n\n<p>Saiba mais sobre a V SAP acessando o site:\u00a0<a rel=\"noreferrer noopener\" href=\"https:\/\/vsapjundiai.com.br\/\" target=\"_blank\">https:\/\/vsapjundiai.com.br\/<\/a><\/p>\n","protected":false},"excerpt":{"rendered":"<p>A Semana de Atualiza\u00e7\u00e3o Pedag\u00f3gica \u00e9 uma a\u00e7\u00e3o formativa promovida pela Unidade de Gest\u00e3o de Educa\u00e7\u00e3o desde 2018. Realizada na primeira semana do ano letivo, logo ap\u00f3s as f\u00e9rias escolares, a SAP tem como objetivo mobilizar todos os educadores da rede municipal de ensino de Jundia\u00ed para participarem de momentos de estudo, aprendizado e trocas [&hellip;]<\/p>\n","protected":false},"author":69,"featured_media":0,"parent":3225,"menu_order":0,"comment_status":"closed","ping_status":"closed","template":"","meta":{"footnotes":""},"class_list":["post-3214","page","type-page","status-publish","hentry"],"_links":{"self":[{"href":"https:\/\/jundiai.sp.gov.br\/educacao\/wp-json\/wp\/v2\/pages\/3214","targetHints":{"allow":["GET"]}}],"collection":[{"href":"https:\/\/jundiai.sp.gov.br\/educacao\/wp-json\/wp\/v2\/pages"}],"about":[{"href":"https:\/\/jundiai.sp.gov.br\/educacao\/wp-json\/wp\/v2\/types\/page"}],"author":[{"embeddable":true,"href":"https:\/\/jundiai.sp.gov.br\/educacao\/wp-json\/wp\/v2\/users\/69"}],"replies":[{"embeddable":true,"href":"https:\/\/jundiai.sp.gov.br\/educacao\/wp-json\/wp\/v2\/comments?post=3214"}],"version-history":[{"count":5,"href":"https:\/\/jundiai.sp.gov.br\/educacao\/wp-json\/wp\/v2\/pages\/3214\/revisions"}],"predecessor-version":[{"id":3301,"href":"https:\/\/jundiai.sp.gov.br\/educacao\/wp-json\/wp\/v2\/pages\/3214\/revisions\/3301"}],"up":[{"embeddable":true,"href":"https:\/\/jundiai.sp.gov.br\/educacao\/wp-json\/wp\/v2\/pages\/3225"}],"wp:attachment":[{"href":"https:\/\/jundiai.sp.gov.br\/educacao\/wp-json\/wp\/v2\/media?parent=3214"}],"curies":[{"name":"wp","href":"https:\/\/api.w.org\/{rel}","templated":true}]}}