{"id":3326,"date":"2022-03-30T16:44:38","date_gmt":"2022-03-30T19:44:38","guid":{"rendered":"https:\/\/jundiai.sp.gov.br\/educacao\/?page_id=3326"},"modified":"2022-03-30T16:51:43","modified_gmt":"2022-03-30T19:51:43","slug":"politica-de-privacidade-app-tunel-do-saber","status":"publish","type":"page","link":"https:\/\/jundiai.sp.gov.br\/educacao\/politica-de-privacidade-app-tunel-do-saber\/","title":{"rendered":"Pol\u00edtica de Privacidade &#8211; App Tunel do Saber"},"content":{"rendered":"\n<p><strong>1 POL\u00cdTICA DE PRIVACIDADE<\/strong><\/p>\n\n\n\n<p>1.1 Ao utilizar o servi\u00e7o, voc\u00ea entende que coletamos e usamos suas informa\u00e7\u00f5es pessoais sob as normas de Prote\u00e7\u00e3o de Dados (LGPD, Lei Federal 13.709\/2018), das disposi\u00e7\u00f5es consumeristas da Lei Federal 8078\/1990 e as demais normas do ordenamento jur\u00eddico brasileiro aplic\u00e1veis.<\/p>\n\n\n\n<p>1.2 Quais dados coletamos sobre voc\u00ea e para qual finalidade?<\/p>\n\n\n\n<p>N\u00f3s coletamos identificadores exclusivos como nome, email, foto do perfil e geolocaliza\u00e7\u00e3o. Os dados ser\u00e3o utilizados para autentica\u00e7\u00e3o e uso em relat\u00f3rios gerenciais.&nbsp;<\/p>\n\n\n\n<p><strong>2 DIREITOS<\/strong><\/p>\n\n\n\n<p>O desenvolvedor \u00e9 propriet\u00e1rio de todos os direitos autorais, marcas, dom\u00ednios, logotipos, apar\u00eancia do produto, segredos de empresa, patentes e outros direitos de propriedade intelectual sobre ou relacionados ao SOFTWARE.<\/p>\n\n\n\n<p><strong>3 A LICEN\u00c7A DE USO<\/strong><\/p>\n\n\n\n<p>Concedemos a voc\u00ea uma licen\u00e7a limitada, revog\u00e1vel, n\u00e3o exclusiva, que n\u00e3o pode ser sublicenciada e transferida, para usar nossos servi\u00e7os, sujeito aos nossos termos. Essa licen\u00e7a tem como intuito permitir que voc\u00ea use nossos servi\u00e7os da forma permitida em nossos termos. As licen\u00e7as e direitos expressamente concedidos a voc\u00ea s\u00e3o as \u00fanicas licen\u00e7as e direitos concedidos; n\u00e3o h\u00e1 concess\u00e3o de licen\u00e7a ou direito impl\u00edcito ou por infer\u00eancia.<\/p>\n\n\n\n<p><strong>4 DISPONIBILIDADE E ENCERRAMENTO DO SERVI\u00c7O<\/strong><\/p>\n\n\n\n<p>Os nossos servi\u00e7os podem ser interrompidos,inclusive para manuten\u00e7\u00e3o, reparos, atualiza\u00e7\u00f5es ou falhas de rede ou equipamento.<\/p>\n\n\n\n<p>Podemos descontinuar alguns ou todos os nossos servi\u00e7os, inclusive determinados recursos e o suporte a determinados dispositivos e plataformas, a qualquer momento.<\/p>\n\n\n\n<p>Eventos fora de nosso controle podem afetar os nossos servi\u00e7os, como caso fortuito ou for\u00e7a maior.<\/p>\n\n\n\n<p><strong>5 DISPOSI\u00c7\u00d5ES GERAIS<\/strong><\/p>\n\n\n\n<p>A presente pol\u00edtica de privacidade est\u00e1 sujeita a altera\u00e7\u00f5es sem aviso pr\u00e9vio.&nbsp; Deste modo, recomendamos que consulte a nossa pol\u00edtica de privacidade e termos de uso com regularidade, de forma a estar sempre atualizado.<\/p>\n","protected":false},"excerpt":{"rendered":"<p>1 POL\u00cdTICA DE PRIVACIDADE 1.1 Ao utilizar o servi\u00e7o, voc\u00ea entende que coletamos e usamos suas informa\u00e7\u00f5es pessoais sob as normas de Prote\u00e7\u00e3o de Dados (LGPD, Lei Federal 13.709\/2018), das disposi\u00e7\u00f5es consumeristas da Lei Federal 8078\/1990 e as demais normas do ordenamento jur\u00eddico brasileiro aplic\u00e1veis. 1.2 Quais dados coletamos sobre voc\u00ea e para qual finalidade? [&hellip;]<\/p>\n","protected":false},"author":8,"featured_media":0,"parent":0,"menu_order":0,"comment_status":"closed","ping_status":"closed","template":"page-sem-menu.php","meta":{"footnotes":""},"class_list":["post-3326","page","type-page","status-publish","hentry"],"_links":{"self":[{"href":"https:\/\/jundiai.sp.gov.br\/educacao\/wp-json\/wp\/v2\/pages\/3326","targetHints":{"allow":["GET"]}}],"collection":[{"href":"https:\/\/jundiai.sp.gov.br\/educacao\/wp-json\/wp\/v2\/pages"}],"about":[{"href":"https:\/\/jundiai.sp.gov.br\/educacao\/wp-json\/wp\/v2\/types\/page"}],"author":[{"embeddable":true,"href":"https:\/\/jundiai.sp.gov.br\/educacao\/wp-json\/wp\/v2\/users\/8"}],"replies":[{"embeddable":true,"href":"https:\/\/jundiai.sp.gov.br\/educacao\/wp-json\/wp\/v2\/comments?post=3326"}],"version-history":[{"count":1,"href":"https:\/\/jundiai.sp.gov.br\/educacao\/wp-json\/wp\/v2\/pages\/3326\/revisions"}],"predecessor-version":[{"id":3328,"href":"https:\/\/jundiai.sp.gov.br\/educacao\/wp-json\/wp\/v2\/pages\/3326\/revisions\/3328"}],"wp:attachment":[{"href":"https:\/\/jundiai.sp.gov.br\/educacao\/wp-json\/wp\/v2\/media?parent=3326"}],"curies":[{"name":"wp","href":"https:\/\/api.w.org\/{rel}","templated":true}]}}