{"id":3372,"date":"2022-05-03T11:04:01","date_gmt":"2022-05-03T14:04:01","guid":{"rendered":"https:\/\/jundiai.sp.gov.br\/educacao\/?page_id=3372"},"modified":"2026-03-20T17:35:47","modified_gmt":"2026-03-20T20:35:47","slug":"decretos-e-editais","status":"publish","type":"page","link":"https:\/\/jundiai.sp.gov.br\/educacao\/decretos-e-editais\/","title":{"rendered":"Decretos e Editais"},"content":{"rendered":"\n<p><a href=\"https:\/\/jundiai.sp.gov.br\/educacao\/wp-content\/uploads\/sites\/10\/2026\/03\/edital-sme-dpgf-no-8-de-26-02-2026.pdf\">Edital SME\/DPGF n\u00ba8, de 26 de fevereiro de 2026.<\/a><\/p>\n\n\n\n<p><a href=\"https:\/\/jundiai.sp.gov.br\/educacao\/wp-content\/uploads\/sites\/10\/2026\/01\/edital-sme-dpgf-no-1-de-07-01-2026-inscricoes-para-creches-2026-1.pdf\">Edital SME\/DPGF n\u00ba1, de 07 de janeiro de 2026<\/a><br><br><a href=\"https:\/\/jundiai.sp.gov.br\/educacao\/wp-content\/uploads\/sites\/10\/2026\/03\/decreto-27-273-de-16-de-janeiro-de-2018.pdf\">Decreto 27.273, de 16 de janeiro de 2018<\/a><\/p>\n\n\n\n<p><a rel=\"noreferrer noopener\" href=\"https:\/\/jundiai.sp.gov.br\/educacao\/wp-content\/uploads\/sites\/10\/2017\/03\/DECRETO-N%C2%BA-26.835-DE-09-DE-MAR%C3%87O-DE-2017.pdf\" target=\"_blank\">Decreto n\u00ba 26.835, de 9 de mar\u00e7o de 2017<\/a>, publicado na&nbsp;<a rel=\"noreferrer noopener\" href=\"https:\/\/jundiai.sp.gov.br\/educacao\/wp-content\/uploads\/sites\/10\/2020\/08\/io-10032017-7.pdf\" target=\"_blank\">p\u00e1gina 7 da Imprensa Oficial de 10 de mar\u00e7o de 2017<\/a><\/p>\n\n\n\n<p><a rel=\"noreferrer noopener\" href=\"https:\/\/jundiai.sp.gov.br\/educacao\/wp-content\/uploads\/sites\/10\/2017\/03\/DECRETO-N%C2%BA-25.986-DE-10-DE-SETEMBRO-DE-2015.pdf\" target=\"_blank\">Decreto 25.986, de 10 de setembro de 2015<\/a>, publicado na&nbsp;<a rel=\"noreferrer noopener\" href=\"https:\/\/jundiai.sp.gov.br\/educacao\/wp-content\/uploads\/sites\/10\/2020\/08\/io11112015-68.pdf\" target=\"_blank\">p\u00e1gina 68 a Imprensa Oficial de setembro de 2015<\/a> <\/p>\n\n\n\n<p><\/p>\n","protected":false},"excerpt":{"rendered":"<p>Edital SME\/DPGF n\u00ba8, de 26 de fevereiro de 2026. Edital SME\/DPGF n\u00ba1, de 07 de janeiro de 2026 Decreto 27.273, de 16 de janeiro de 2018 Decreto n\u00ba 26.835, de 9 de mar\u00e7o de 2017, publicado na&nbsp;p\u00e1gina 7 da Imprensa Oficial de 10 de mar\u00e7o de 2017 Decreto 25.986, de 10 de setembro de 2015, [&hellip;]<\/p>\n","protected":false},"author":69,"featured_media":0,"parent":0,"menu_order":0,"comment_status":"closed","ping_status":"closed","template":"","meta":{"footnotes":""},"class_list":["post-3372","page","type-page","status-publish","hentry"],"_links":{"self":[{"href":"https:\/\/jundiai.sp.gov.br\/educacao\/wp-json\/wp\/v2\/pages\/3372","targetHints":{"allow":["GET"]}}],"collection":[{"href":"https:\/\/jundiai.sp.gov.br\/educacao\/wp-json\/wp\/v2\/pages"}],"about":[{"href":"https:\/\/jundiai.sp.gov.br\/educacao\/wp-json\/wp\/v2\/types\/page"}],"author":[{"embeddable":true,"href":"https:\/\/jundiai.sp.gov.br\/educacao\/wp-json\/wp\/v2\/users\/69"}],"replies":[{"embeddable":true,"href":"https:\/\/jundiai.sp.gov.br\/educacao\/wp-json\/wp\/v2\/comments?post=3372"}],"version-history":[{"count":36,"href":"https:\/\/jundiai.sp.gov.br\/educacao\/wp-json\/wp\/v2\/pages\/3372\/revisions"}],"predecessor-version":[{"id":4533,"href":"https:\/\/jundiai.sp.gov.br\/educacao\/wp-json\/wp\/v2\/pages\/3372\/revisions\/4533"}],"wp:attachment":[{"href":"https:\/\/jundiai.sp.gov.br\/educacao\/wp-json\/wp\/v2\/media?parent=3372"}],"curies":[{"name":"wp","href":"https:\/\/api.w.org\/{rel}","templated":true}]}}