{"id":3596,"date":"2023-01-24T14:38:19","date_gmt":"2023-01-24T17:38:19","guid":{"rendered":"https:\/\/jundiai.sp.gov.br\/educacao\/?page_id=3596"},"modified":"2024-10-11T15:49:46","modified_gmt":"2024-10-11T18:49:46","slug":"sap-2018","status":"publish","type":"page","link":"https:\/\/jundiai.sp.gov.br\/educacao\/sap\/sap-2018\/","title":{"rendered":"I SAP"},"content":{"rendered":"\n<figure class=\"wp-block-image size-large\"><a href=\"https:\/\/jundiai.sp.gov.br\/educacao\/wp-content\/uploads\/sites\/10\/2023\/01\/1-logo-i-sap-1.png\"><img loading=\"lazy\" decoding=\"async\" width=\"1280\" height=\"420\" src=\"https:\/\/jundiai.sp.gov.br\/educacao\/wp-content\/uploads\/sites\/10\/2023\/01\/1-logo-i-sap-1-1280x420.png\" alt=\"\" class=\"wp-image-3599\" srcset=\"https:\/\/jundiai.sp.gov.br\/educacao\/wp-content\/uploads\/sites\/10\/2023\/01\/1-logo-i-sap-1-1280x420.png 1280w, https:\/\/jundiai.sp.gov.br\/educacao\/wp-content\/uploads\/sites\/10\/2023\/01\/1-logo-i-sap-1-300x98.png 300w, https:\/\/jundiai.sp.gov.br\/educacao\/wp-content\/uploads\/sites\/10\/2023\/01\/1-logo-i-sap-1-768x252.png 768w, https:\/\/jundiai.sp.gov.br\/educacao\/wp-content\/uploads\/sites\/10\/2023\/01\/1-logo-i-sap-1.png 1500w\" sizes=\"auto, (max-width: 1280px) 100vw, 1280px\" \/><\/a><\/figure>\n\n\n\n<p>A Semana de Atualiza\u00e7\u00e3o Pedag\u00f3gica \u00e9 uma a\u00e7\u00e3o formativa promovida pela Unidade de Gest\u00e3o de Educa\u00e7\u00e3o. Realizada na primeira semana do ano letivo, logo ap\u00f3s as f\u00e9rias escolares, a SAP tem como objetivo mobilizar todos os educadores da rede municipal de ensino de Jundia\u00ed para participarem de momentos de estudo, aprendizado e trocas de experi\u00eancias, que contribuem com a qualidade da educa\u00e7\u00e3o oferecida aos meninos e meninas, jovens e adultos.<br><\/p>\n\n\n\n<p>Em 2018, toda a programa\u00e7\u00e3o da I SAP aconteceu na modalidade presencial e teve como tema: \u201cHabilidades Socioemocionais e a Nova Base Nacional Comum Curricular\u201d. Contou com palestrantes renomados, como: Ana Cl\u00e1udia Martins Scarazatto, Celso Antunes, Eliane Reame, Mozart Neves Ramos, Nora Alejandra Pires de Almeida Cavaco, entre outros. No total foram oferecidas 26 palestras e 109 oficinas distribu\u00eddas no decorrer da semana nos per\u00edodos da manh\u00e3 e da tarde.<br><\/p>\n\n\n\n<p>Participaram do evento, simultaneamente, todos os servidores municipais: Educadores Infantis, Agentes de Servi\u00e7os Operacionais, Assistentes de Administra\u00e7\u00e3o, Assistentes de Dire\u00e7\u00e3o, Coordenadores Pedag\u00f3gicos, Cozinheiros, Diretores de Escola, Estagi\u00e1rios, Professores, Supervisores e Zeladores, que tiveram a oportunidade de ampliar seus conhecimentos a partir da escuta de profissionais renomados nacional e internacionalmente.<\/p>\n","protected":false},"excerpt":{"rendered":"<p>A Semana de Atualiza\u00e7\u00e3o Pedag\u00f3gica \u00e9 uma a\u00e7\u00e3o formativa promovida pela Unidade de Gest\u00e3o de Educa\u00e7\u00e3o. Realizada na primeira semana do ano letivo, logo ap\u00f3s as f\u00e9rias escolares, a SAP tem como objetivo mobilizar todos os educadores da rede municipal de ensino de Jundia\u00ed para participarem de momentos de estudo, aprendizado e trocas de experi\u00eancias, [&hellip;]<\/p>\n","protected":false},"author":69,"featured_media":0,"parent":3225,"menu_order":0,"comment_status":"closed","ping_status":"closed","template":"","meta":{"footnotes":""},"class_list":["post-3596","page","type-page","status-publish","hentry"],"_links":{"self":[{"href":"https:\/\/jundiai.sp.gov.br\/educacao\/wp-json\/wp\/v2\/pages\/3596","targetHints":{"allow":["GET"]}}],"collection":[{"href":"https:\/\/jundiai.sp.gov.br\/educacao\/wp-json\/wp\/v2\/pages"}],"about":[{"href":"https:\/\/jundiai.sp.gov.br\/educacao\/wp-json\/wp\/v2\/types\/page"}],"author":[{"embeddable":true,"href":"https:\/\/jundiai.sp.gov.br\/educacao\/wp-json\/wp\/v2\/users\/69"}],"replies":[{"embeddable":true,"href":"https:\/\/jundiai.sp.gov.br\/educacao\/wp-json\/wp\/v2\/comments?post=3596"}],"version-history":[{"count":3,"href":"https:\/\/jundiai.sp.gov.br\/educacao\/wp-json\/wp\/v2\/pages\/3596\/revisions"}],"predecessor-version":[{"id":3623,"href":"https:\/\/jundiai.sp.gov.br\/educacao\/wp-json\/wp\/v2\/pages\/3596\/revisions\/3623"}],"up":[{"embeddable":true,"href":"https:\/\/jundiai.sp.gov.br\/educacao\/wp-json\/wp\/v2\/pages\/3225"}],"wp:attachment":[{"href":"https:\/\/jundiai.sp.gov.br\/educacao\/wp-json\/wp\/v2\/media?parent=3596"}],"curies":[{"name":"wp","href":"https:\/\/api.w.org\/{rel}","templated":true}]}}