{"id":3604,"date":"2023-01-24T14:40:52","date_gmt":"2023-01-24T17:40:52","guid":{"rendered":"https:\/\/jundiai.sp.gov.br\/educacao\/?page_id=3604"},"modified":"2024-10-11T15:49:57","modified_gmt":"2024-10-11T18:49:57","slug":"sap-2019","status":"publish","type":"page","link":"https:\/\/jundiai.sp.gov.br\/educacao\/sap\/sap-2019\/","title":{"rendered":"II SAP"},"content":{"rendered":"\n<figure class=\"wp-block-image size-full\"><a href=\"https:\/\/jundiai.sp.gov.br\/educacao\/wp-content\/uploads\/sites\/10\/2023\/01\/1-logo-ii-sap.png\"><img loading=\"lazy\" decoding=\"async\" width=\"798\" height=\"414\" src=\"https:\/\/jundiai.sp.gov.br\/educacao\/wp-content\/uploads\/sites\/10\/2023\/01\/1-logo-ii-sap.png\" alt=\"\" class=\"wp-image-3605\" srcset=\"https:\/\/jundiai.sp.gov.br\/educacao\/wp-content\/uploads\/sites\/10\/2023\/01\/1-logo-ii-sap.png 798w, https:\/\/jundiai.sp.gov.br\/educacao\/wp-content\/uploads\/sites\/10\/2023\/01\/1-logo-ii-sap-300x156.png 300w, https:\/\/jundiai.sp.gov.br\/educacao\/wp-content\/uploads\/sites\/10\/2023\/01\/1-logo-ii-sap-768x398.png 768w\" sizes=\"auto, (max-width: 798px) 100vw, 798px\" \/><\/a><\/figure>\n\n\n\n<p>\u201cPor aprendizagem significativa, entendo aquilo que provoca profunda<br>modifica\u00e7\u00e3o no indiv\u00edduo. Ela \u00e9 penetrante, e n\u00e3o se limita a um aumento de<br>conhecimento, mas abrange todas as parcelas de sua exist\u00eancia.\u201d<br><br>Carl Rogers<\/p>\n\n\n\n<p><br>A Semana de Atualiza\u00e7\u00e3o Pedag\u00f3gica \u00e9 uma a\u00e7\u00e3o formativa promovida pela Unidade de Gest\u00e3o de Educa\u00e7\u00e3o desde 2018. Realizada na primeira semana do ano letivo, logo ap\u00f3s as f\u00e9rias escolares, a SAP tem como objetivo mobilizar todos os educadores da rede municipal de ensino de Jundia\u00ed para participarem de momentos de estudo, aprendizado e trocas de experi\u00eancias, que fomentam pr\u00e1ticas inovadoras e contribuem com a qualidade da educa\u00e7\u00e3o oferecida aos meninos e meninas, jovens e adultos.<\/p>\n\n\n\n<p><br>Durante o evento, aconteceram diversas oficinas, palestras e viv\u00eancias concomitantemente, com temas variados e assuntos de extrema import\u00e2ncia para a forma\u00e7\u00e3o integral dos educadores.<\/p>\n\n\n\n<p><br>Esta edi\u00e7\u00e3o contou com a participa\u00e7\u00e3o de formadores renomados como: Carla Ahlemeyer Siqueira, Douglas Tufano, Gabriela Ribas Glinternik, Lourdes Ati\u00e9, Luciana Haddad, Eliane Reame, Fernanda Cunha Garcia, Leonardo Dolfini, Marcelo Peroni, Nora Alejandra Pires Almeida Cavaco, Rosaura Soligo, Paula Mendon\u00e7a de Menezes &#8211; Instituto Alana, Tha\u00eds Ant\u00f4nio Gomes, Willian Paix\u00e3o, entre outros. Al\u00e9m das palestras, foram inclu\u00eddos na programa\u00e7\u00e3o: Feira de Livros, Cinema Nacional, Food Trucks, Jundia\u00ed Feito \u00e0 M\u00e3o e apresenta\u00e7\u00f5es de Cultura.<\/p>\n\n\n\n<p><br>Participam do evento, simultaneamente, os quatro mil servidores municipais da Educa\u00e7\u00e3o: Agentes de Servi\u00e7os Operacionais, Assistentes de Administra\u00e7\u00e3o, Assistentes de Dire\u00e7\u00e3o, Coordenadores Pedag\u00f3gicos, Cozinheiros, Diretores de Escola, Educadores Infantis, Estagi\u00e1rios, Professores, Supervisores e Zeladores, que tiveram a oportunidade de ampliar seus conhecimentos a partir da escuta de profissionais renomados nacional e internacionalmente.<\/p>\n","protected":false},"excerpt":{"rendered":"<p>\u201cPor aprendizagem significativa, entendo aquilo que provoca profundamodifica\u00e7\u00e3o no indiv\u00edduo. Ela \u00e9 penetrante, e n\u00e3o se limita a um aumento deconhecimento, mas abrange todas as parcelas de sua exist\u00eancia.\u201d Carl Rogers A Semana de Atualiza\u00e7\u00e3o Pedag\u00f3gica \u00e9 uma a\u00e7\u00e3o formativa promovida pela Unidade de Gest\u00e3o de Educa\u00e7\u00e3o desde 2018. Realizada na primeira semana do ano [&hellip;]<\/p>\n","protected":false},"author":69,"featured_media":0,"parent":3225,"menu_order":0,"comment_status":"closed","ping_status":"closed","template":"","meta":{"footnotes":""},"class_list":["post-3604","page","type-page","status-publish","hentry"],"_links":{"self":[{"href":"https:\/\/jundiai.sp.gov.br\/educacao\/wp-json\/wp\/v2\/pages\/3604","targetHints":{"allow":["GET"]}}],"collection":[{"href":"https:\/\/jundiai.sp.gov.br\/educacao\/wp-json\/wp\/v2\/pages"}],"about":[{"href":"https:\/\/jundiai.sp.gov.br\/educacao\/wp-json\/wp\/v2\/types\/page"}],"author":[{"embeddable":true,"href":"https:\/\/jundiai.sp.gov.br\/educacao\/wp-json\/wp\/v2\/users\/69"}],"replies":[{"embeddable":true,"href":"https:\/\/jundiai.sp.gov.br\/educacao\/wp-json\/wp\/v2\/comments?post=3604"}],"version-history":[{"count":3,"href":"https:\/\/jundiai.sp.gov.br\/educacao\/wp-json\/wp\/v2\/pages\/3604\/revisions"}],"predecessor-version":[{"id":3608,"href":"https:\/\/jundiai.sp.gov.br\/educacao\/wp-json\/wp\/v2\/pages\/3604\/revisions\/3608"}],"up":[{"embeddable":true,"href":"https:\/\/jundiai.sp.gov.br\/educacao\/wp-json\/wp\/v2\/pages\/3225"}],"wp:attachment":[{"href":"https:\/\/jundiai.sp.gov.br\/educacao\/wp-json\/wp\/v2\/media?parent=3604"}],"curies":[{"name":"wp","href":"https:\/\/api.w.org\/{rel}","templated":true}]}}