{"id":3612,"date":"2023-01-24T14:42:31","date_gmt":"2023-01-24T17:42:31","guid":{"rendered":"https:\/\/jundiai.sp.gov.br\/educacao\/?page_id=3612"},"modified":"2024-10-11T15:50:07","modified_gmt":"2024-10-11T18:50:07","slug":"sap-2020","status":"publish","type":"page","link":"https:\/\/jundiai.sp.gov.br\/educacao\/sap\/sap-2020\/","title":{"rendered":"III SAP"},"content":{"rendered":"\n<figure class=\"wp-block-image size-large\"><a href=\"https:\/\/jundiai.sp.gov.br\/educacao\/wp-content\/uploads\/sites\/10\/2023\/01\/1-logo-iii-sap.png\"><img loading=\"lazy\" decoding=\"async\" width=\"1280\" height=\"367\" src=\"https:\/\/jundiai.sp.gov.br\/educacao\/wp-content\/uploads\/sites\/10\/2023\/01\/1-logo-iii-sap-1280x367.png\" alt=\"\" class=\"wp-image-3613\" srcset=\"https:\/\/jundiai.sp.gov.br\/educacao\/wp-content\/uploads\/sites\/10\/2023\/01\/1-logo-iii-sap-1280x367.png 1280w, https:\/\/jundiai.sp.gov.br\/educacao\/wp-content\/uploads\/sites\/10\/2023\/01\/1-logo-iii-sap-300x86.png 300w, https:\/\/jundiai.sp.gov.br\/educacao\/wp-content\/uploads\/sites\/10\/2023\/01\/1-logo-iii-sap-768x220.png 768w, https:\/\/jundiai.sp.gov.br\/educacao\/wp-content\/uploads\/sites\/10\/2023\/01\/1-logo-iii-sap-1536x441.png 1536w, https:\/\/jundiai.sp.gov.br\/educacao\/wp-content\/uploads\/sites\/10\/2023\/01\/1-logo-iii-sap.png 1900w\" sizes=\"auto, (max-width: 1280px) 100vw, 1280px\" \/><\/a><\/figure>\n\n\n\n<p>A Semana de Atualiza\u00e7\u00e3o Pedag\u00f3gica \u00e9 uma a\u00e7\u00e3o formativa promovida pela Unidade de Gest\u00e3o de Educa\u00e7\u00e3o desde 2018. Realizada na primeira semana do ano letivo, logo ap\u00f3s as f\u00e9rias escolares, a SAP tem como objetivo mobilizar todos os educadores da rede municipal de ensino de Jundia\u00ed para participarem de momentos de estudo, aprendizado e trocas de experi\u00eancias, que fomentam pr\u00e1ticas inovadoras e contribuem com a qualidade da educa\u00e7\u00e3o oferecida aos meninos e meninas, jovens e adultos.<\/p>\n\n\n\n<p><br>Em todas as edi\u00e7\u00f5es s\u00e3o abordados temas que buscam subsidiar as demandas formativas decorrentes das propostas pedag\u00f3gicas que ser\u00e3o implementadas pela UGE no ano vigente, dentre os quais podemos destacar: Educa\u00e7\u00e3o Emocional, Matem\u00e1tica, Disciplina Positiva, Medita\u00e7\u00e3o, Produ\u00e7\u00e3o de Texto, Curr\u00edculo, Teatro, Cinema, Atividades F\u00edsicas, Inclus\u00e3o, Arte, Tecnologia, Alimenta\u00e7\u00e3o Saud\u00e1vel e tantos outros assuntos foram oferecidos para todos os profissionais da rede. O tema do evento neste ano foi \u201cO Curr\u00edculo Jundiaiense e as A\u00e7\u00f5es do CIEMPI (Centro Internacional de Estudos, Mem\u00f3rias e Pesquisas da Inf\u00e2ncia) como pol\u00edticas p\u00fablicas de continuidade para o munic\u00edpio de Jundia\u00ed\u201d, e recebemos como palestrantes: Em\u00edlia Cipriano, Lourdes Ati\u00e9, Beatriz M. Ferraz, Helo\u00edsa de Oliveira Macedo, Irene Vida Gala, Grupo SOBREVENTO &#8211; Cia de teatro para beb\u00eas, Jones Henrique Martins, Vasti Atique, Sandra Regina B. Guzm\u00e1n, Levindo Diniz Carvalho, M\u00f4nica Buava, Cia de Teatro de Jundia\u00ed, entre outros.<\/p>\n\n\n\n<p><br>Participam do evento, simultaneamente, os quatro mil servidores municipais da Educa\u00e7\u00e3o: Agentes de Servi\u00e7os Operacionais, Assistentes de Administra\u00e7\u00e3o, Assistentes de Dire\u00e7\u00e3o, Coordenadores Pedag\u00f3gicos, Cozinheiros, Diretores de Escola, Educadores Infantis, Estagi\u00e1rios, Professores, Supervisores e Zeladores, que tiveram a oportunidade de ampliar seus conhecimentos a partir da escuta de profissionais renomados nacional e internacionalmente.<\/p>\n\n\n\n<p><br>Todas as palestras, oficinas, workshops e viv\u00eancias ofertadas no decorrer desta semana trouxeram, para al\u00e9m da reflex\u00e3o e da teoria, a\u00e7\u00f5es e estrat\u00e9gias que contribuem para uma escola mais ativa que compreenda as crian\u00e7as na atualidade.<\/p>\n","protected":false},"excerpt":{"rendered":"<p>A Semana de Atualiza\u00e7\u00e3o Pedag\u00f3gica \u00e9 uma a\u00e7\u00e3o formativa promovida pela Unidade de Gest\u00e3o de Educa\u00e7\u00e3o desde 2018. Realizada na primeira semana do ano letivo, logo ap\u00f3s as f\u00e9rias escolares, a SAP tem como objetivo mobilizar todos os educadores da rede municipal de ensino de Jundia\u00ed para participarem de momentos de estudo, aprendizado e trocas [&hellip;]<\/p>\n","protected":false},"author":69,"featured_media":0,"parent":3225,"menu_order":0,"comment_status":"closed","ping_status":"closed","template":"","meta":{"footnotes":""},"class_list":["post-3612","page","type-page","status-publish","hentry"],"_links":{"self":[{"href":"https:\/\/jundiai.sp.gov.br\/educacao\/wp-json\/wp\/v2\/pages\/3612","targetHints":{"allow":["GET"]}}],"collection":[{"href":"https:\/\/jundiai.sp.gov.br\/educacao\/wp-json\/wp\/v2\/pages"}],"about":[{"href":"https:\/\/jundiai.sp.gov.br\/educacao\/wp-json\/wp\/v2\/types\/page"}],"author":[{"embeddable":true,"href":"https:\/\/jundiai.sp.gov.br\/educacao\/wp-json\/wp\/v2\/users\/69"}],"replies":[{"embeddable":true,"href":"https:\/\/jundiai.sp.gov.br\/educacao\/wp-json\/wp\/v2\/comments?post=3612"}],"version-history":[{"count":1,"href":"https:\/\/jundiai.sp.gov.br\/educacao\/wp-json\/wp\/v2\/pages\/3612\/revisions"}],"predecessor-version":[{"id":3614,"href":"https:\/\/jundiai.sp.gov.br\/educacao\/wp-json\/wp\/v2\/pages\/3612\/revisions\/3614"}],"up":[{"embeddable":true,"href":"https:\/\/jundiai.sp.gov.br\/educacao\/wp-json\/wp\/v2\/pages\/3225"}],"wp:attachment":[{"href":"https:\/\/jundiai.sp.gov.br\/educacao\/wp-json\/wp\/v2\/media?parent=3612"}],"curies":[{"name":"wp","href":"https:\/\/api.w.org\/{rel}","templated":true}]}}