{"id":3703,"date":"2023-04-24T09:28:38","date_gmt":"2023-04-24T12:28:38","guid":{"rendered":"https:\/\/jundiai.sp.gov.br\/educacao\/?page_id=3703"},"modified":"2025-05-26T10:31:15","modified_gmt":"2025-05-26T13:31:15","slug":"duvidas-frequentes","status":"publish","type":"page","link":"https:\/\/jundiai.sp.gov.br\/educacao\/creches\/duvidas-frequentes\/","title":{"rendered":"D\u00favidas Frequentes"},"content":{"rendered":"\n<p><strong><em>DIVIS\u00c3O DE SUPORTE ADMINISTRATIVO EDUCA\u00c7\u00c3O INFANTIL I (0 A 3 ANOS)<\/em><\/strong><\/p>\n\n\n\n<p><strong>Como fa\u00e7o a inscri\u00e7\u00e3o na creche?<\/strong><br>As inscri\u00e7\u00f5es de 0 a 3 anos (creches) s\u00e3o realizadas de maneira online do dia 01 ao<br>dia 10 de cada m\u00eas, com exce\u00e7\u00e3o dos meses de janeiro e julho. Podem ser feitas no<br><a rel=\"noreferrer noopener\" href=\"https:\/\/jundiai.sp.gov.br\/educacao\/creches\/novas-inscricoes-creches\/\" target=\"_blank\">site da prefeitura<\/a> ou no <a rel=\"noreferrer noopener\" href=\"https:\/\/jundiai.sp.gov.br\/aplicativo-prefeitura-de-jundiai\/\" target=\"_blank\">Aplicativo Prefeitura de Jundia\u00ed<\/a> no celular.<\/p>\n\n\n\n<p><strong>Quais os documentos necess\u00e1rios para inscri\u00e7\u00e3o?<\/strong><br>Certid\u00e3o de nascimento da crian\u00e7a<br>Comprovante de resid\u00eancia em nome da m\u00e3e ou do pai da crian\u00e7a (contas aceitas:<br>\u00e1gua, energia el\u00e9trica, telefone fixo, g\u00e1s, condom\u00ednio, contrato de aluguel ou declara\u00e7\u00e3o do propriet\u00e1rio do im\u00f3vel com sua assinatura reconhecida em cart\u00f3rio, junto com um dos comprovantes mencionados, no nome do propriet\u00e1rio do im\u00f3vel. (<a href=\"https:\/\/jundiai.sp.gov.br\/educacao\/wp-content\/uploads\/sites\/10\/2025\/02\/modelo-declaracao-de-residencia.pdf\">Clique aqui para acessar o modelo da declara\u00e7\u00e3o de resid\u00eancia<\/a>) <br>RG e CPF dos pais (ou respons\u00e1vel legal).<br>Holerite dos pais (ou respons\u00e1vel legal) caso estejam trabalhando. Ou<a href=\"https:\/\/jundiai.sp.gov.br\/educacao\/wp-content\/uploads\/sites\/10\/2023\/04\/declaracao-de-trabalho.pdf\" target=\"_blank\" rel=\"noreferrer noopener\"> declara\u00e7\u00e3o de trabalho aut\u00f4nomo<\/a>, contendo a renda.<\/p>\n\n\n\n<p><strong>Posso escolher uma creche de prefer\u00eancia?<\/strong><br>Podem ser indicadas uma, duas ou tr\u00eas creches da prefer\u00eancia da fam\u00edlia.<\/p>\n\n\n\n<p><strong>Quando consigo encontrar o nome do meu filho na lista de espera?<\/strong><br>A lista de espera \u00e9 atualizada no site a cada dois meses. As datas para atualiza\u00e7\u00f5es em 2025 est\u00e3o representadas na tabela abaixo:<\/p>\n\n\n\n<iframe loading=\"lazy\" src=\"https:\/\/web.jundiai.sp.gov.br\/pmj\/AC\/ConsultaPrevPublicaPeriodos.aspx?apenas_conteudo=S\" width=\"100%\" height=\"350\"><a href=\"https:\/\/web.jundiai.sp.gov.br\/pmj\/AC\/ConsultaPrevPublicaPeriodos.aspx?apenas_conteudo=S\">Clique aqui para acessar o calend\u00e1rio<\/a><\/iframe>\n\n\n\n<p><strong>Onde eu consigo consultar a lista de espera?<\/strong><br>A lista de espera pode ser consultada pelo <a rel=\"noreferrer noopener\" href=\"https:\/\/jundiai.sp.gov.br\/aplicativo-prefeitura-de-jundiai\/\" target=\"_blank\">Aplicativo Prefeitura de Jundia\u00ed <\/a>ou pelo <a rel=\"noreferrer noopener\" href=\"https:\/\/jundiai.sp.gov.br\/educacao\/creches\/lista-de-espera-creches\/\" target=\"_blank\">link<\/a>.<br><\/p>\n\n\n\n<p><strong>Meu comprovante de endere\u00e7o foi recusado\/indeferido. O que eu fa\u00e7o?<\/strong> <br>Basta entrar com seu usu\u00e1rio e senha e clicar no \u00edcone \u201cenviar documentos\u201d e encaminhar um comprovante de endere\u00e7o v\u00e1lido. O comprovante deve estar no nome da m\u00e3e ou pai da crian\u00e7a, ou respons\u00e1vel legal, s\u00e3o aceitos os seguintes documentos: conta de \u00e1gua, energia el\u00e9trica, telefone fixo, g\u00e1s, condom\u00ednio, contrato de aluguel ou declara\u00e7\u00e3o do propriet\u00e1rio do im\u00f3vel com sua assinatura reconhecida em cart\u00f3rio, junto com um dos comprovantes mencionados, no nome do propriet\u00e1rio do im\u00f3vel), <a href=\"https:\/\/jundiai.sp.gov.br\/educacao\/wp-content\/uploads\/sites\/10\/2025\/02\/modelo-declaracao-de-residencia.pdf\">clique aqui parta acessar o modelo<\/a>.<\/p>\n\n\n\n<p><strong>N\u00e3o tenho comprovante de endere\u00e7o no meu nome. O que posso fazer?<\/strong> <br>Pode ser enviado comprovante em nome do propriet\u00e1rio do im\u00f3vel juntamente com uma declara\u00e7\u00e3o de resid\u00eancia, contendo a assinatura do propriet\u00e1rio com reconhecimento de firma em cart\u00f3rio, <a href=\"https:\/\/jundiai.sp.gov.br\/educacao\/wp-content\/uploads\/sites\/10\/2025\/02\/modelo-declaracao-de-residencia.pdf\">clique aqui parta acessar o modelo.<\/a><\/p>\n\n\n\n<p><strong>Tenho que aguardar o dia 1\u00ba para reenviar os documentos que est\u00e3o faltando?<\/strong><br>Se a inscri\u00e7\u00e3o estiver indeferida por falta de documentos, o sistema fica em aberto, podendo ser enviado a qualquer momento.<\/p>\n\n\n\n<p><strong>O pai n\u00e3o mora junto, preciso enviar os documentos?<\/strong><br>Devem ser enviados documentos apenas de quem mora junto com a crian\u00e7a.<\/p>\n\n\n\n<p><strong>N\u00e3o trabalho registrado, como comprovar a renda?<\/strong><br>Em caso de trabalho sem registro pode ser enviada uma declara\u00e7\u00e3o feita a pr\u00f3prio punho contendo as informa\u00e7\u00f5es sobre trabalho e renda mensal. <a rel=\"noreferrer noopener\" href=\"https:\/\/jundiai.sp.gov.br\/educacao\/wp-content\/uploads\/sites\/10\/2023\/04\/declaracao-de-trabalho-1.pdf\" target=\"_blank\">Clique aqui para modelo.<\/a><br><\/p>\n\n\n\n<p><strong>Estou mudando de outro munic\u00edpio para Jundia\u00ed, como eu fa\u00e7o para pedir<\/strong> <strong>transfer\u00eancia de creche?<\/strong><br>Na faixa et\u00e1ria de 0 a 3 anos n\u00e3o s\u00e3o aceitas transfer\u00eancias vindas de outros munic\u00edpios. Deve-se realizar inscri\u00e7\u00e3o online, do dia 01 ao dia 10 de cada m\u00eas.<\/p>\n\n\n\n<p><strong>Moro em Jundia\u00ed e minha crian\u00e7a est\u00e1 matriculada em creche. Como fa\u00e7o para<\/strong> <strong>solicitar a transfer\u00eancia?<\/strong><br>Para transfer\u00eancias entre creches dentro do munic\u00edpio, \u00e9 necess\u00e1rio que o aluno esteja matriculado h\u00e1 pelo menos 6 meses na unidade escolar. O pedido pode ser realizado na pr\u00f3pria EMEB em que estuda. Caso a crian\u00e7a esteja matriculada em Unidade particular contratada, o pedido pode ser enviado por e-mail para o endere\u00e7o <a href=\"mailto:dpgf.dduc@jundiai.sp.gov.br\" target=\"_blank\" rel=\"noreferrer noopener\"><a href=\"mailto:duc@jundiai.sp.gov.br\" target=\"_blank\" rel=\"noreferrer noopener\">duc@jundiai.sp.gov.br<\/a><\/a> anexando certid\u00e3o de nascimento e comprovante de endere\u00e7o e informando at\u00e9 duas escolas de interesse e telefones para contato atualizados. O deferimento da transfer\u00eancia n\u00e3o \u00e9 imediato, devendo portanto, o aluno continuar frequentando a escola de origem at\u00e9 o deferimento da transfer\u00eancia.<\/p>\n\n\n\n<p><strong>Resido em outra cidade mas trabalho em Jundia\u00ed, n\u00e3o posso fazer inscri\u00e7\u00e3o?<\/strong><br>N\u00e3o. As inscri\u00e7\u00f5es para creches s\u00e3o somente para residentes no munic\u00edpio de Jundia\u00ed.<\/p>\n\n\n\n<p><strong>Fiz a inscri\u00e7\u00e3o mas est\u00e1 aguardando valida\u00e7\u00e3o, o que eu preciso fazer?<\/strong><br>\u00c9 necess\u00e1rio aguardar a confer\u00eancia da documenta\u00e7\u00e3o enviada, o prazo \u00e9 at\u00e9 o \u00faltimo dia do m\u00eas. Ap\u00f3s a confer\u00eancia o respons\u00e1vel receber\u00e1 um e-mail informando se a inscri\u00e7\u00e3o foi validada ou se faltou algum documento.<br><\/p>\n\n\n\n<p><strong>Meu e-mail mudou, como posso alterar?<\/strong><br>Entrando em contato pelos telefones 4588 5313, 4588 5396 ou 4588 5399 ou pelo e-mail <a href=\"mailto:cpsouza@jundiai.sp.gov.br\" target=\"_blank\" rel=\"noreferrer noopener\">cpsouza@jundiai.sp.gov.br<\/a> solicitando a altera\u00e7\u00e3o.<\/p>\n\n\n\n<p><strong>N\u00e3o consigo fazer a inscri\u00e7\u00e3o porque o CPF j\u00e1 est\u00e1 cadastrado<\/strong><br>Entre em contato pelos telefones 4588 5313, 4588 5396 ou 4588 5399 ou e-mail: <a href=\"mailto:cpsouza@jundiai.sp.gov.br\" target=\"_blank\" rel=\"noreferrer noopener\">cpsouza@jundiai.sp.gov.br<\/a> para verifica\u00e7\u00e3o e altera\u00e7\u00e3o do e-mail cadastrado.<\/p>\n\n\n\n<p><strong>Se eu desistir da vaga quanto tempo depois eu posso fazer outra inscri\u00e7\u00e3o?<\/strong><br>Ap\u00f3s informar a desist\u00eancia da vaga a nova inscri\u00e7\u00e3o pode ser feita dentro do per\u00edodo de 01 a 10 de cada m\u00eas.<\/p>\n\n\n\n<p><strong>A partir de qual idade posso inscrever meu filho na creche?<\/strong><br>Tendo a certid\u00e3o de nascimento em m\u00e3os, a crian\u00e7a j\u00e1 pode ser inscrita. Para frequentar a creche a idade \u00e9 a partir de 4 meses.<\/p>\n\n\n\n<p><strong>Se eu alterar as indica\u00e7\u00f5es de escolas, meu filho volta para o final da lista?<\/strong><br>Sim, quando a primeira op\u00e7\u00e3o de escola \u00e9 alterada, a crian\u00e7a \u00e9 classificada no final da lista da escola indicada.<\/p>\n\n\n\n<p><strong>Como s\u00e3o feitas as chamadas de alunos?<\/strong><br>As chamadas ocorrem ao longo de todo o ano, conforme disponibilidade de vagas e seguindo a classifica\u00e7\u00e3o em lista de espera, a escola para a qual a crian\u00e7a for encaminhada entrar\u00e1 em contato pelos telefones informados na inscri\u00e7\u00e3o, por isso \u00e9 muito importante que o cadastro seja atualizado caso algum n\u00famero seja mudado.<\/p>\n\n\n\n<p><strong>Qual a previs\u00e3o para a chamada do meu filho?<\/strong><br>A chamada depende da disponibilidade de vaga e da classifica\u00e7\u00e3o em lista de espera. N\u00e3o h\u00e1 como informar o prazo para este atendimento ocorrer.<\/p>\n","protected":false},"excerpt":{"rendered":"<p>DIVIS\u00c3O DE SUPORTE ADMINISTRATIVO EDUCA\u00c7\u00c3O INFANTIL I (0 A 3 ANOS) Como fa\u00e7o a inscri\u00e7\u00e3o na creche?As inscri\u00e7\u00f5es de 0 a 3 anos (creches) s\u00e3o realizadas de maneira online do dia 01 aodia 10 de cada m\u00eas, com exce\u00e7\u00e3o dos meses de janeiro e julho. Podem ser feitas nosite da prefeitura ou no Aplicativo Prefeitura [&hellip;]<\/p>\n","protected":false},"author":69,"featured_media":0,"parent":1194,"menu_order":4,"comment_status":"closed","ping_status":"closed","template":"","meta":{"footnotes":""},"class_list":["post-3703","page","type-page","status-publish","hentry"],"_links":{"self":[{"href":"https:\/\/jundiai.sp.gov.br\/educacao\/wp-json\/wp\/v2\/pages\/3703","targetHints":{"allow":["GET"]}}],"collection":[{"href":"https:\/\/jundiai.sp.gov.br\/educacao\/wp-json\/wp\/v2\/pages"}],"about":[{"href":"https:\/\/jundiai.sp.gov.br\/educacao\/wp-json\/wp\/v2\/types\/page"}],"author":[{"embeddable":true,"href":"https:\/\/jundiai.sp.gov.br\/educacao\/wp-json\/wp\/v2\/users\/69"}],"replies":[{"embeddable":true,"href":"https:\/\/jundiai.sp.gov.br\/educacao\/wp-json\/wp\/v2\/comments?post=3703"}],"version-history":[{"count":18,"href":"https:\/\/jundiai.sp.gov.br\/educacao\/wp-json\/wp\/v2\/pages\/3703\/revisions"}],"predecessor-version":[{"id":4333,"href":"https:\/\/jundiai.sp.gov.br\/educacao\/wp-json\/wp\/v2\/pages\/3703\/revisions\/4333"}],"up":[{"embeddable":true,"href":"https:\/\/jundiai.sp.gov.br\/educacao\/wp-json\/wp\/v2\/pages\/1194"}],"wp:attachment":[{"href":"https:\/\/jundiai.sp.gov.br\/educacao\/wp-json\/wp\/v2\/media?parent=3703"}],"curies":[{"name":"wp","href":"https:\/\/api.w.org\/{rel}","templated":true}]}}