{"id":3763,"date":"2023-05-17T16:06:52","date_gmt":"2023-05-17T19:06:52","guid":{"rendered":"https:\/\/jundiai.sp.gov.br\/educacao\/?page_id=3763"},"modified":"2026-02-05T16:53:15","modified_gmt":"2026-02-05T19:53:15","slug":"sorteados-centro-de-linguas","status":"publish","type":"page","link":"https:\/\/jundiai.sp.gov.br\/educacao\/complexo-argos\/centro-municipal-de-linguas-antonio-houaiss\/sorteados-centro-de-linguas\/","title":{"rendered":"Sorteados Centro de L\u00ednguas"},"content":{"rendered":"\n<p><em><strong>Os candidatos contemplados dever\u00e3o efetuar a matr\u00edcula exclusivamente por meio de link enviado pelo Centro de L\u00ednguas ao e-mail informado no ato da inscri\u00e7\u00e3o, anexando a documenta\u00e7\u00e3o solicitada.<\/strong><\/em><\/p>\n\n\n\n<p><\/p>\n\n\n\n<p><\/p>\n","protected":false},"excerpt":{"rendered":"<p>Os candidatos contemplados dever\u00e3o efetuar a matr\u00edcula exclusivamente por meio de link enviado pelo Centro de L\u00ednguas ao e-mail informado no ato da inscri\u00e7\u00e3o, anexando a documenta\u00e7\u00e3o solicitada.<\/p>\n","protected":false},"author":69,"featured_media":0,"parent":216,"menu_order":0,"comment_status":"closed","ping_status":"closed","template":"","meta":{"footnotes":""},"class_list":["post-3763","page","type-page","status-publish","hentry"],"_links":{"self":[{"href":"https:\/\/jundiai.sp.gov.br\/educacao\/wp-json\/wp\/v2\/pages\/3763","targetHints":{"allow":["GET"]}}],"collection":[{"href":"https:\/\/jundiai.sp.gov.br\/educacao\/wp-json\/wp\/v2\/pages"}],"about":[{"href":"https:\/\/jundiai.sp.gov.br\/educacao\/wp-json\/wp\/v2\/types\/page"}],"author":[{"embeddable":true,"href":"https:\/\/jundiai.sp.gov.br\/educacao\/wp-json\/wp\/v2\/users\/69"}],"replies":[{"embeddable":true,"href":"https:\/\/jundiai.sp.gov.br\/educacao\/wp-json\/wp\/v2\/comments?post=3763"}],"version-history":[{"count":5,"href":"https:\/\/jundiai.sp.gov.br\/educacao\/wp-json\/wp\/v2\/pages\/3763\/revisions"}],"predecessor-version":[{"id":4507,"href":"https:\/\/jundiai.sp.gov.br\/educacao\/wp-json\/wp\/v2\/pages\/3763\/revisions\/4507"}],"up":[{"embeddable":true,"href":"https:\/\/jundiai.sp.gov.br\/educacao\/wp-json\/wp\/v2\/pages\/216"}],"wp:attachment":[{"href":"https:\/\/jundiai.sp.gov.br\/educacao\/wp-json\/wp\/v2\/media?parent=3763"}],"curies":[{"name":"wp","href":"https:\/\/api.w.org\/{rel}","templated":true}]}}