{"id":3967,"date":"2024-02-15T15:55:45","date_gmt":"2024-02-15T18:55:45","guid":{"rendered":"https:\/\/jundiai.sp.gov.br\/educacao\/?page_id=3967"},"modified":"2024-10-11T15:51:53","modified_gmt":"2024-10-11T18:51:53","slug":"sap-2024","status":"publish","type":"page","link":"https:\/\/jundiai.sp.gov.br\/educacao\/sap\/sap-2024\/","title":{"rendered":"VII SAP"},"content":{"rendered":"\n<figure class=\"wp-block-image size-large\"><a href=\"https:\/\/jundiai.sp.gov.br\/educacao\/wp-content\/uploads\/sites\/10\/2024\/02\/logo_final_semfundo_horizontal-1.png\"><img loading=\"lazy\" decoding=\"async\" width=\"1280\" height=\"560\" src=\"https:\/\/jundiai.sp.gov.br\/educacao\/wp-content\/uploads\/sites\/10\/2024\/02\/logo_final_semfundo_horizontal-1-1280x560.png\" alt=\"\" class=\"wp-image-3968\" srcset=\"https:\/\/jundiai.sp.gov.br\/educacao\/wp-content\/uploads\/sites\/10\/2024\/02\/logo_final_semfundo_horizontal-1-1280x560.png 1280w, https:\/\/jundiai.sp.gov.br\/educacao\/wp-content\/uploads\/sites\/10\/2024\/02\/logo_final_semfundo_horizontal-1-300x131.png 300w, https:\/\/jundiai.sp.gov.br\/educacao\/wp-content\/uploads\/sites\/10\/2024\/02\/logo_final_semfundo_horizontal-1-768x336.png 768w, https:\/\/jundiai.sp.gov.br\/educacao\/wp-content\/uploads\/sites\/10\/2024\/02\/logo_final_semfundo_horizontal-1-1536x672.png 1536w, https:\/\/jundiai.sp.gov.br\/educacao\/wp-content\/uploads\/sites\/10\/2024\/02\/logo_final_semfundo_horizontal-1.png 1647w\" sizes=\"auto, (max-width: 1280px) 100vw, 1280px\" \/><\/a><\/figure>\n\n\n\n<p>A Semana de Atualiza\u00e7\u00e3o Pedag\u00f3gica \u00e9 uma a\u00e7\u00e3o formativa promovida pela Unidade de Gest\u00e3o de Educa\u00e7\u00e3o desde 2018. Realizada na primeira semana do ano letivo, logo ap\u00f3s as f\u00e9rias escolares, a SAP tem como objetivo mobilizar todos os educadores da rede municipal de ensino de Jundia\u00ed para participarem de momentos de estudo, aprendizado e trocas de experi\u00eancias, que fomentem pr\u00e1ticas inovadoras e contribuam com a qualidade da educa\u00e7\u00e3o oferecida aos meninos e meninas, jovens e adultos.<\/p>\n\n\n\n<p>Participam do evento, simultaneamente, os quatro mil servidores municipais: Agentes de Servi\u00e7os Operacionais, Assistentes de Administra\u00e7\u00e3o, Assistentes de Dire\u00e7\u00e3o, Coordenadores Pedag\u00f3gicos, Cozinheiros, Diretores de Escola, Educadores Infantis, Professores, Profissionais de Apoio e Zeladores, que t\u00eam a oportunidade de ampliar seus conhecimentos a partir da escuta de profissionais renomados.<\/p>\n\n\n\n<p>A s\u00e9tima edi\u00e7\u00e3o da Semana de Atualiza\u00e7\u00e3o Pedag\u00f3gica ter\u00e1 como tema:&nbsp;<strong>\u201cDesemparedamento da Escola: a qualidade do ensino nos contextos do Programa Escola Inovadora\u201d&nbsp;<\/strong>e apresentar\u00e1 aos educadores, o Desemparedamento da Escola como metodologia fundamentada a partir de marcos legais e te\u00f3ricos e sustentada pelo conhecimento profissional docente constru\u00eddo por meio das forma\u00e7\u00f5es realizadas entre os anos de 2019 e 2023.<\/p>\n\n\n\n<p>Para acessar a publica\u00e7\u00e3o\u00a0<strong>\u201cDesemparedamento da Escola: a qualidade do ensino nos contextos do Programa Escola Inovadora\u201d<\/strong>\u00a0<a href=\"https:\/\/educacao.jundiai.sp.gov.br\/desemparedamento-da-escola-2\/\" data-type=\"link\" data-id=\"https:\/\/educacao.jundiai.sp.gov.br\/desemparedamento-da-escola-2\/\">clique aqui<\/a>.<\/p>\n\n\n\n<p>Para conhecer a&nbsp; programa\u00e7\u00e3o completa acesse o&nbsp;<a href=\"http:\/\/www.viisapjundiai.com.br\/\" target=\"_blank\" rel=\"noreferrer noopener\">site<\/a>&nbsp;da VII SAP.<\/p>\n\n\n\n<figure class=\"wp-block-embed is-type-video is-provider-youtube wp-block-embed-youtube wp-embed-aspect-16-9 wp-has-aspect-ratio\"><div class=\"wp-block-embed__wrapper\">\n<iframe loading=\"lazy\" title=\"VII SAP-DESEMPAREDAMENTO DA ESCOLA: A QUALIDADE DO ENSINO NOS CONTEXTOS DO PROGRAMA ESCOLA INOVADORA\" width=\"500\" height=\"281\" src=\"https:\/\/www.youtube.com\/embed\/earCgtHbRkc?feature=oembed\" frameborder=\"0\" allow=\"accelerometer; autoplay; clipboard-write; encrypted-media; gyroscope; picture-in-picture; web-share\" referrerpolicy=\"strict-origin-when-cross-origin\" allowfullscreen><\/iframe>\n<\/div><\/figure>\n\n\n\n<p><\/p>\n\n\n\n<p><strong>Palestra de abertura:<\/strong><\/p>\n\n\n\n<figure class=\"wp-block-embed is-type-video is-provider-youtube wp-block-embed-youtube wp-embed-aspect-16-9 wp-has-aspect-ratio\"><div class=\"wp-block-embed__wrapper\">\n<iframe loading=\"lazy\" title=\"Abertura da VII Semana de Atualiza\u00e7\u00e3o Pedag\u00f3gica 2024\" width=\"500\" height=\"281\" src=\"https:\/\/www.youtube.com\/embed\/AvA1AZjvq_0?feature=oembed\" frameborder=\"0\" allow=\"accelerometer; autoplay; clipboard-write; encrypted-media; gyroscope; picture-in-picture; web-share\" referrerpolicy=\"strict-origin-when-cross-origin\" allowfullscreen><\/iframe>\n<\/div><\/figure>\n\n\n\n<p><\/p>\n","protected":false},"excerpt":{"rendered":"<p>A Semana de Atualiza\u00e7\u00e3o Pedag\u00f3gica \u00e9 uma a\u00e7\u00e3o formativa promovida pela Unidade de Gest\u00e3o de Educa\u00e7\u00e3o desde 2018. Realizada na primeira semana do ano letivo, logo ap\u00f3s as f\u00e9rias escolares, a SAP tem como objetivo mobilizar todos os educadores da rede municipal de ensino de Jundia\u00ed para participarem de momentos de estudo, aprendizado e trocas [&hellip;]<\/p>\n","protected":false},"author":112,"featured_media":0,"parent":3225,"menu_order":0,"comment_status":"closed","ping_status":"closed","template":"","meta":{"footnotes":""},"class_list":["post-3967","page","type-page","status-publish","hentry"],"_links":{"self":[{"href":"https:\/\/jundiai.sp.gov.br\/educacao\/wp-json\/wp\/v2\/pages\/3967","targetHints":{"allow":["GET"]}}],"collection":[{"href":"https:\/\/jundiai.sp.gov.br\/educacao\/wp-json\/wp\/v2\/pages"}],"about":[{"href":"https:\/\/jundiai.sp.gov.br\/educacao\/wp-json\/wp\/v2\/types\/page"}],"author":[{"embeddable":true,"href":"https:\/\/jundiai.sp.gov.br\/educacao\/wp-json\/wp\/v2\/users\/112"}],"replies":[{"embeddable":true,"href":"https:\/\/jundiai.sp.gov.br\/educacao\/wp-json\/wp\/v2\/comments?post=3967"}],"version-history":[{"count":7,"href":"https:\/\/jundiai.sp.gov.br\/educacao\/wp-json\/wp\/v2\/pages\/3967\/revisions"}],"predecessor-version":[{"id":4122,"href":"https:\/\/jundiai.sp.gov.br\/educacao\/wp-json\/wp\/v2\/pages\/3967\/revisions\/4122"}],"up":[{"embeddable":true,"href":"https:\/\/jundiai.sp.gov.br\/educacao\/wp-json\/wp\/v2\/pages\/3225"}],"wp:attachment":[{"href":"https:\/\/jundiai.sp.gov.br\/educacao\/wp-json\/wp\/v2\/media?parent=3967"}],"curies":[{"name":"wp","href":"https:\/\/api.w.org\/{rel}","templated":true}]}}