{"id":48,"date":"2014-08-18T18:59:47","date_gmt":"2014-08-18T21:59:47","guid":{"rendered":"https:\/\/jundiai.sp.gov.br\/educacao\/?page_id=48"},"modified":"2026-03-31T17:07:15","modified_gmt":"2026-03-31T20:07:15","slug":"escolas-privadas","status":"publish","type":"page","link":"https:\/\/jundiai.sp.gov.br\/educacao\/enderecos-e-telefones\/escolas-privadas\/","title":{"rendered":"Escolas Privadas"},"content":{"rendered":"\n<p><a href=\"https:\/\/jundiai.sp.gov.br\/educacao\/wp-content\/uploads\/sites\/10\/2026\/03\/duc-lista-de-escolas-particulares-31-03-2026.pdf\">Confira a lista de endere\u00e7os das escolas de educa\u00e7\u00e3o infantil particulares de Jundia\u00ed<\/a><\/p>\n","protected":false},"excerpt":{"rendered":"<p>Confira a lista de endere\u00e7os das escolas de educa\u00e7\u00e3o infantil particulares de Jundia\u00ed<\/p>\n","protected":false},"author":11,"featured_media":0,"parent":43,"menu_order":0,"comment_status":"closed","ping_status":"closed","template":"","meta":{"footnotes":""},"class_list":["post-48","page","type-page","status-publish","hentry"],"_links":{"self":[{"href":"https:\/\/jundiai.sp.gov.br\/educacao\/wp-json\/wp\/v2\/pages\/48","targetHints":{"allow":["GET"]}}],"collection":[{"href":"https:\/\/jundiai.sp.gov.br\/educacao\/wp-json\/wp\/v2\/pages"}],"about":[{"href":"https:\/\/jundiai.sp.gov.br\/educacao\/wp-json\/wp\/v2\/types\/page"}],"author":[{"embeddable":true,"href":"https:\/\/jundiai.sp.gov.br\/educacao\/wp-json\/wp\/v2\/users\/11"}],"replies":[{"embeddable":true,"href":"https:\/\/jundiai.sp.gov.br\/educacao\/wp-json\/wp\/v2\/comments?post=48"}],"version-history":[{"count":13,"href":"https:\/\/jundiai.sp.gov.br\/educacao\/wp-json\/wp\/v2\/pages\/48\/revisions"}],"predecessor-version":[{"id":4537,"href":"https:\/\/jundiai.sp.gov.br\/educacao\/wp-json\/wp\/v2\/pages\/48\/revisions\/4537"}],"up":[{"embeddable":true,"href":"https:\/\/jundiai.sp.gov.br\/educacao\/wp-json\/wp\/v2\/pages\/43"}],"wp:attachment":[{"href":"https:\/\/jundiai.sp.gov.br\/educacao\/wp-json\/wp\/v2\/media?parent=48"}],"curies":[{"name":"wp","href":"https:\/\/api.w.org\/{rel}","templated":true}]}}