{"id":87,"date":"2014-08-19T11:58:05","date_gmt":"2014-08-19T14:58:05","guid":{"rendered":"https:\/\/jundiai.sp.gov.br\/educacao\/?page_id=87"},"modified":"2025-11-24T09:38:33","modified_gmt":"2025-11-24T12:38:33","slug":"nucleo-de-apoio-a-aprendizagem","status":"publish","type":"page","link":"https:\/\/jundiai.sp.gov.br\/educacao\/complexo-argos\/nucleo-de-apoio-a-aprendizagem\/","title":{"rendered":"N\u00facleo de Apoio \u00e0 Aprendizagem"},"content":{"rendered":"<p><span style=\"font-weight: 400;\">O N\u00facleo de Apoio \u00e0 Aprendizagem (NAA) \u00e9 um programa da Unidade de Gest\u00e3o de Educa\u00e7\u00e3o de Jundia\u00ed\/SP, por meio da Diretoria de Educa\u00e7\u00e3o Inclusiva, para o servi\u00e7o de atendimento terap\u00eautico e m\u00e9dico especializados, \u00e0s crian\u00e7as\/adolescentes, alunos matriculados na Rede Municipal de Ensino \u2013 1\u00ba\u00a0 ao 5\u00ba anos do Ensino Fundamental &#8211; que apresentam rendimento acad\u00eamico abaixo do esperado gerando, assim, dificuldades de aprendizagem.<\/span><\/p>\n<p><span style=\"font-weight: 400;\">\u00a0<\/span><span style=\"font-weight: 400;\">O NAA atua em atendimentos de avalia\u00e7\u00e3o nas \u00e1reas disponibilizadas no servi\u00e7o, na interven\u00e7\u00e3o terap\u00eautica nas \u00e1reas \u00e0s quais apresentar defasagens e atendimento m\u00e9dico neuropedi\u00e1trico, a fim de colaborar para melhor desempenho nas \u00e1reas cognitivo, afetivo e comportamental que estejam impedindo que a aprendizagem aconte\u00e7a de maneira natural.<\/span><\/p>\n<p><span style=\"font-weight: 400;\">\u00a0<\/span><span style=\"font-weight: 400;\">Formado por uma equipe multidisciplinar composta pelas \u00e1reas do Servi\u00e7o Social, da Psicologia, da Psicopedagogia, da Psicomotricidade, da Fonoaudiologia e da Neuropediatria discutem e apresentam diagn\u00f3sticos para\u00a0 Dificuldades ou Transtornos de aprendizagem.<\/span><\/p>\n<p><span style=\"font-weight: 400;\">\u00a0<\/span><span style=\"font-weight: 400;\">Atualmente, atendendo 350 (trezentos e cinquenta) alunos encaminhados pelas Unidades Escolares ao Departamento de Educa\u00e7\u00e3o Inclusiva e direcionados ao servi\u00e7o, quando h\u00e1 disponibilidade de vaga.<\/span><\/p>\n<p><span style=\"font-weight: 400;\">\u00a0<\/span><span style=\"font-weight: 400;\">O NAA tem a expertise no atendimento multidisciplinar e atende \u00e0 prerrogativa das Legisla\u00e7\u00f5es Federal (artigo 227) e do Estatuto da Crian\u00e7a e do Adolescente \u2013 ECA \u2013 (artigo 4\u00ba\u00a0 de que a crian\u00e7a e o adolescente \u00e9 prioridade absoluta).<\/span><\/p>\n<p><span style=\"font-weight: 400;\">A entrada no local \u00e9 feita pela Rua Monteiro Lobato, 169 \u2013 Vila Arens \u2013 Complexo Argos. O hor\u00e1rio de funcionamento \u00e9 das 8h \u00e0s 12h e das 13h \u00e0s 17h. O telefone de contato \u00e9 (11) 4526-8650.<\/span><\/p>\n","protected":false},"excerpt":{"rendered":"<p>O N\u00facleo de Apoio \u00e0 Aprendizagem (NAA) \u00e9 um programa da Unidade de Gest\u00e3o de Educa\u00e7\u00e3o de Jundia\u00ed\/SP, por meio da Diretoria de Educa\u00e7\u00e3o Inclusiva, para o servi\u00e7o de atendimento terap\u00eautico e m\u00e9dico especializados, \u00e0s crian\u00e7as\/adolescentes, alunos matriculados na Rede Municipal de Ensino \u2013 1\u00ba\u00a0 ao 5\u00ba anos do Ensino Fundamental &#8211; que apresentam rendimento [&hellip;]<\/p>\n","protected":false},"author":5,"featured_media":0,"parent":18,"menu_order":0,"comment_status":"closed","ping_status":"closed","template":"","meta":{"footnotes":""},"class_list":["post-87","page","type-page","status-publish","hentry"],"_links":{"self":[{"href":"https:\/\/jundiai.sp.gov.br\/educacao\/wp-json\/wp\/v2\/pages\/87","targetHints":{"allow":["GET"]}}],"collection":[{"href":"https:\/\/jundiai.sp.gov.br\/educacao\/wp-json\/wp\/v2\/pages"}],"about":[{"href":"https:\/\/jundiai.sp.gov.br\/educacao\/wp-json\/wp\/v2\/types\/page"}],"author":[{"embeddable":true,"href":"https:\/\/jundiai.sp.gov.br\/educacao\/wp-json\/wp\/v2\/users\/5"}],"replies":[{"embeddable":true,"href":"https:\/\/jundiai.sp.gov.br\/educacao\/wp-json\/wp\/v2\/comments?post=87"}],"version-history":[{"count":7,"href":"https:\/\/jundiai.sp.gov.br\/educacao\/wp-json\/wp\/v2\/pages\/87\/revisions"}],"predecessor-version":[{"id":4451,"href":"https:\/\/jundiai.sp.gov.br\/educacao\/wp-json\/wp\/v2\/pages\/87\/revisions\/4451"}],"up":[{"embeddable":true,"href":"https:\/\/jundiai.sp.gov.br\/educacao\/wp-json\/wp\/v2\/pages\/18"}],"wp:attachment":[{"href":"https:\/\/jundiai.sp.gov.br\/educacao\/wp-json\/wp\/v2\/media?parent=87"}],"curies":[{"name":"wp","href":"https:\/\/api.w.org\/{rel}","templated":true}]}}