{"id":52,"date":"2014-09-15T14:27:41","date_gmt":"2014-09-15T17:27:41","guid":{"rendered":"https:\/\/jundiai.sp.gov.br\/eggmj\/?page_id=52"},"modified":"2025-01-02T14:28:18","modified_gmt":"2025-01-02T17:28:18","slug":"diretor-presidente","status":"publish","type":"page","link":"https:\/\/jundiai.sp.gov.br\/egp\/diretor-presidente\/","title":{"rendered":"Diretor-Presidente"},"content":{"rendered":"\n<div class=\"wp-block-columns is-layout-flex wp-container-core-columns-is-layout-9d6595d7 wp-block-columns-is-layout-flex\">\n<div class=\"wp-block-column is-layout-flow wp-block-column-is-layout-flow\" style=\"flex-basis:33.33%\">\n<figure class=\"wp-block-image\"><img decoding=\"async\" src=\"https:\/\/lh7-rt.googleusercontent.com\/docsz\/AD_4nXcVh0A1KIhQf_wtbnpr4RsX_7Hlex71Zt9p55l0-szVu61xJ3uTNTBrX_LqCgzy7e70TKHrWk67DGwnmZAKe7F2jMqweeUIPh1t2iiUZADrtY_0zGGhueCOYJ8i1Ow4zjyYAUlq3w?key=rsKoc0YNxsc1ETqWbHw3Wixk\" alt=\"\" \/><\/figure>\n<\/div>\n\n\n\n<div class=\"wp-block-column is-layout-flow wp-block-column-is-layout-flow\" style=\"flex-basis:66.66%\">\n<h2 class=\"wp-block-heading\">Silas Feitosa<\/h2>\n\n\n\n<p>Silas Feitosa, diretor-presidente da Escola de Gest\u00e3o P\u00fablica, \u00e9 soci\u00f3logo, graduado em Marketing e p\u00f3s-graduado em Comunica\u00e7\u00e3o pela Universidade de S\u00e3o Paulo. Com mais de 25 anos de experi\u00eancia na vida p\u00fablica, atuou em diferentes esferas, incluindo a C\u00e2mara Municipal, o Executivo, a C\u00e2mara dos Deputados em Bras\u00edlia e a Assembleia Legislativa de S\u00e3o Paulo.<\/p>\n\n\n\n<p>Ao longo de sua carreira, tamb\u00e9m atuou como docente em diversas institui\u00e7\u00f5es de ensino superior, acumulando ampla viv\u00eancia pol\u00edtica e administrativa.<\/p>\n<\/div>\n<\/div>\n","protected":false},"excerpt":{"rendered":"<p>Silas Feitosa Silas Feitosa, diretor-presidente da Escola de Gest\u00e3o P\u00fablica, \u00e9 soci\u00f3logo, graduado em Marketing e p\u00f3s-graduado em Comunica\u00e7\u00e3o pela Universidade de S\u00e3o Paulo. Com mais de 25 anos de experi\u00eancia na vida p\u00fablica, atuou em diferentes esferas, incluindo a C\u00e2mara Municipal, o Executivo, a C\u00e2mara dos Deputados em Bras\u00edlia e a Assembleia Legislativa de [&hellip;]<\/p>\n","protected":false},"author":8,"featured_media":0,"parent":0,"menu_order":0,"comment_status":"closed","ping_status":"closed","template":"","meta":{"footnotes":""},"class_list":["post-52","page","type-page","status-publish","hentry"],"_links":{"self":[{"href":"https:\/\/jundiai.sp.gov.br\/egp\/wp-json\/wp\/v2\/pages\/52","targetHints":{"allow":["GET"]}}],"collection":[{"href":"https:\/\/jundiai.sp.gov.br\/egp\/wp-json\/wp\/v2\/pages"}],"about":[{"href":"https:\/\/jundiai.sp.gov.br\/egp\/wp-json\/wp\/v2\/types\/page"}],"author":[{"embeddable":true,"href":"https:\/\/jundiai.sp.gov.br\/egp\/wp-json\/wp\/v2\/users\/8"}],"replies":[{"embeddable":true,"href":"https:\/\/jundiai.sp.gov.br\/egp\/wp-json\/wp\/v2\/comments?post=52"}],"version-history":[{"count":16,"href":"https:\/\/jundiai.sp.gov.br\/egp\/wp-json\/wp\/v2\/pages\/52\/revisions"}],"predecessor-version":[{"id":125,"href":"https:\/\/jundiai.sp.gov.br\/egp\/wp-json\/wp\/v2\/pages\/52\/revisions\/125"}],"wp:attachment":[{"href":"https:\/\/jundiai.sp.gov.br\/egp\/wp-json\/wp\/v2\/media?parent=52"}],"curies":[{"name":"wp","href":"https:\/\/api.w.org\/{rel}","templated":true}]}}