{"id":1098,"date":"2017-03-14T09:49:35","date_gmt":"2017-03-14T12:49:35","guid":{"rendered":"https:\/\/jundiai.sp.gov.br\/esporte-e-lazer\/?page_id=1098"},"modified":"2019-06-24T17:39:28","modified_gmt":"2019-06-24T20:39:28","slug":"quer-dancar","status":"publish","type":"page","link":"https:\/\/jundiai.sp.gov.br\/esporte-e-lazer\/quer-dancar\/","title":{"rendered":"Quer Dan\u00e7ar?"},"content":{"rendered":"<h3><b>Quer dan\u00e7ar?<\/b><\/h3>\n<p><b>Aulas de Dan\u00e7a de Sal\u00e3o<\/b><\/p>\n<p><span style=\"font-weight: 400;\">\u2714<\/span><span style=\"font-weight: 400;\">\ufe0f <\/span><b>CECE Antonio de Lima<\/b><span style=\"font-weight: 400;\"><br \/>\n<\/span><span style=\"font-weight: 400;\">Rua Benedito de Souza Costa, n\u00ba 11, Agapeama<\/span><span style=\"font-weight: 400;\"><br \/>\n<\/span><span style=\"font-weight: 400;\">Fone:4587-6620<\/span><\/p>\n<p><b>RITMOS<\/b><span style=\"font-weight: 400;\"><br \/>\n<\/span><span style=\"font-weight: 400;\">(A partir de 18 anos)<br \/>\n<\/span><span style=\"font-weight: 400;\">Ter\u00e7a e quinta: 17h30 \u00e0s 18h30<\/span><\/p>\n<p><span style=\"font-weight: 400;\">\u2714 <\/span><span style=\"font-weight: 400;\">\ufe0f<\/span><b>CECE Francisco Dal Santo<\/b><span style=\"font-weight: 400;\"><br \/>\n<\/span><span style=\"font-weight: 400;\">Rua Cica, n\u00ba 1345, Vila Rami<\/span><span style=\"font-weight: 400;\"><br \/>\n<\/span><span style=\"font-weight: 400;\">Fone:4587-5303<\/span><\/p>\n<p><b>DAN\u00c7A de SAL\u00c3O<\/b><span style=\"font-weight: 400;\"><br \/>\n<\/span><span style=\"font-weight: 400;\">(A partir de 18 anos)<br \/>\n<\/span><span style=\"font-weight: 400;\">Quinta-feira: 19h30 \u00e0s 20h30<\/span><\/p>\n<p><span style=\"font-weight: 400;\">\u2714 <\/span><span style=\"font-weight: 400;\">\ufe0f<\/span><b>Unidade de Apoio CRIJU (Centro de Refer\u00eancia ao Idoso)<\/b><span style=\"font-weight: 400;\"><br \/>\n<\/span><span style=\"font-weight: 400;\">Avenida Dr. Cavalcanti, n\u00ba 396, Vila Arens<\/span><span style=\"font-weight: 400;\"><br \/>\n<\/span><span style=\"font-weight: 400;\">Fone:4526-3316<\/span><\/p>\n<p><b>COREOGRAFIA<\/b><span style=\"font-weight: 400;\"><br \/>\n<\/span><span style=\"font-weight: 400;\">(A partir de 60 anos &#8211; residentes em Jundia\u00ed)<br \/>\n<\/span><span style=\"font-weight: 400;\">Quarta: 14h \u00e0s 16h (sala espelhada da Argos)<br \/>\n<\/span><span style=\"font-weight: 400;\">Sexta: 14h \u00e0s 16h<\/span><\/p>\n","protected":false},"excerpt":{"rendered":"<p>Quer dan\u00e7ar? Aulas de Dan\u00e7a de Sal\u00e3o \u2714\ufe0f CECE Antonio de Lima Rua Benedito de Souza Costa, n\u00ba 11, Agapeama Fone:4587-6620 RITMOS (A partir de 18 anos) Ter\u00e7a e quinta: 17h30 \u00e0s 18h30 \u2714 \ufe0fCECE Francisco Dal Santo Rua Cica, n\u00ba 1345, Vila Rami Fone:4587-5303 DAN\u00c7A de SAL\u00c3O (A partir de 18 anos) Quinta-feira: 19h30 [&hellip;]<\/p>\n","protected":false},"author":14,"featured_media":0,"parent":0,"menu_order":0,"comment_status":"closed","ping_status":"closed","template":"","meta":{"footnotes":""},"class_list":["post-1098","page","type-page","status-publish","hentry"],"_links":{"self":[{"href":"https:\/\/jundiai.sp.gov.br\/esporte-e-lazer\/wp-json\/wp\/v2\/pages\/1098","targetHints":{"allow":["GET"]}}],"collection":[{"href":"https:\/\/jundiai.sp.gov.br\/esporte-e-lazer\/wp-json\/wp\/v2\/pages"}],"about":[{"href":"https:\/\/jundiai.sp.gov.br\/esporte-e-lazer\/wp-json\/wp\/v2\/types\/page"}],"author":[{"embeddable":true,"href":"https:\/\/jundiai.sp.gov.br\/esporte-e-lazer\/wp-json\/wp\/v2\/users\/14"}],"replies":[{"embeddable":true,"href":"https:\/\/jundiai.sp.gov.br\/esporte-e-lazer\/wp-json\/wp\/v2\/comments?post=1098"}],"version-history":[{"count":11,"href":"https:\/\/jundiai.sp.gov.br\/esporte-e-lazer\/wp-json\/wp\/v2\/pages\/1098\/revisions"}],"predecessor-version":[{"id":3100,"href":"https:\/\/jundiai.sp.gov.br\/esporte-e-lazer\/wp-json\/wp\/v2\/pages\/1098\/revisions\/3100"}],"wp:attachment":[{"href":"https:\/\/jundiai.sp.gov.br\/esporte-e-lazer\/wp-json\/wp\/v2\/media?parent=1098"}],"curies":[{"name":"wp","href":"https:\/\/api.w.org\/{rel}","templated":true}]}}