{"id":13,"date":"2014-08-25T12:18:10","date_gmt":"2014-08-25T15:18:10","guid":{"rendered":"https:\/\/jundiai.sp.gov.br\/esporte-e-lazer\/?page_id=13"},"modified":"2025-08-29T16:20:24","modified_gmt":"2025-08-29T19:20:24","slug":"gestor","status":"publish","type":"page","link":"https:\/\/jundiai.sp.gov.br\/esporte-e-lazer\/gestor\/","title":{"rendered":"Secret\u00e1ria"},"content":{"rendered":"\n<div class=\"wp-block-columns is-layout-flex wp-container-core-columns-is-layout-9d6595d7 wp-block-columns-is-layout-flex\">\n<div class=\"wp-block-column is-layout-flow wp-block-column-is-layout-flow\">\n<figure class=\"wp-block-image\"><img decoding=\"async\" src=\"https:\/\/lh7-rt.googleusercontent.com\/docsz\/AD_4nXfjB8Hxa3ihcZ8jBRmgYTjTVEWYKUqN_kJF28XI4sHr_9TgfgC81CyxN0Q2jfHziJ-VG-vvuLp9fwKRu-d7efbegtZYyZXBqJhSD7e3k45pFWi28R2T_-em73vXUBdadRJBqWNk6A?key=qkCgQFUMXv3RJ2QNahN14C4K\" alt=\"\"\/><\/figure>\n<\/div>\n\n\n\n<div class=\"wp-block-column is-layout-flow wp-block-column-is-layout-flow\">\n<h2 class=\"wp-block-heading\"><strong>Rita Orsi<\/strong><\/h2>\n\n\n\n<p>Rita Orsi \u00e9 graduada em Educa\u00e7\u00e3o F\u00edsica pela ESEF Jundia\u00ed, com p\u00f3s-gradua\u00e7\u00e3o em Treinamento Desportivo pela USP. Fundadora do Jundia\u00ed Handebol Clube (1991), foi pioneira no desenvolvimento do handebol feminino na cidade, acumulando mais de 3.600 jogos e participa\u00e7\u00f5es em competi\u00e7\u00f5es estaduais, nacionais e internacionais.<\/p>\n\n\n\n<p>Serviu \u00e0 Sele\u00e7\u00e3o Brasileira Ol\u00edmpica em 243 jogos, com conquistas como o t\u00edtulo de Campe\u00e3 Mundial em 2013. Homenageada no Hall da Fama, \u00e9 membro do Conselho da Federa\u00e7\u00e3o Paulista de Handebol e ocupou o cargo de Diretora do Departamento de Forma\u00e7\u00e3o e Rendimento (DEFR) da UGEL de 2017 a 2020.<\/p>\n<\/div>\n<\/div>\n","protected":false},"excerpt":{"rendered":"<p>Rita Orsi Rita Orsi \u00e9 graduada em Educa\u00e7\u00e3o F\u00edsica pela ESEF Jundia\u00ed, com p\u00f3s-gradua\u00e7\u00e3o em Treinamento Desportivo pela USP. Fundadora do Jundia\u00ed Handebol Clube (1991), foi pioneira no desenvolvimento do handebol feminino na cidade, acumulando mais de 3.600 jogos e participa\u00e7\u00f5es em competi\u00e7\u00f5es estaduais, nacionais e internacionais. Serviu \u00e0 Sele\u00e7\u00e3o Brasileira Ol\u00edmpica em 243 jogos, [&hellip;]<\/p>\n","protected":false},"author":5,"featured_media":0,"parent":0,"menu_order":0,"comment_status":"closed","ping_status":"closed","template":"","meta":{"footnotes":""},"class_list":["post-13","page","type-page","status-publish","hentry"],"_links":{"self":[{"href":"https:\/\/jundiai.sp.gov.br\/esporte-e-lazer\/wp-json\/wp\/v2\/pages\/13","targetHints":{"allow":["GET"]}}],"collection":[{"href":"https:\/\/jundiai.sp.gov.br\/esporte-e-lazer\/wp-json\/wp\/v2\/pages"}],"about":[{"href":"https:\/\/jundiai.sp.gov.br\/esporte-e-lazer\/wp-json\/wp\/v2\/types\/page"}],"author":[{"embeddable":true,"href":"https:\/\/jundiai.sp.gov.br\/esporte-e-lazer\/wp-json\/wp\/v2\/users\/5"}],"replies":[{"embeddable":true,"href":"https:\/\/jundiai.sp.gov.br\/esporte-e-lazer\/wp-json\/wp\/v2\/comments?post=13"}],"version-history":[{"count":21,"href":"https:\/\/jundiai.sp.gov.br\/esporte-e-lazer\/wp-json\/wp\/v2\/pages\/13\/revisions"}],"predecessor-version":[{"id":4552,"href":"https:\/\/jundiai.sp.gov.br\/esporte-e-lazer\/wp-json\/wp\/v2\/pages\/13\/revisions\/4552"}],"wp:attachment":[{"href":"https:\/\/jundiai.sp.gov.br\/esporte-e-lazer\/wp-json\/wp\/v2\/media?parent=13"}],"curies":[{"name":"wp","href":"https:\/\/api.w.org\/{rel}","templated":true}]}}