{"id":1809,"date":"2017-04-18T16:05:29","date_gmt":"2017-04-18T19:05:29","guid":{"rendered":"https:\/\/jundiai.sp.gov.br\/esporte-e-lazer\/?page_id=1809"},"modified":"2025-09-16T16:59:02","modified_gmt":"2025-09-16T19:59:02","slug":"organograma","status":"publish","type":"page","link":"https:\/\/jundiai.sp.gov.br\/esporte-e-lazer\/organograma\/","title":{"rendered":"Organograma"},"content":{"rendered":"<h2>Estrutura da Secretaria<\/h2>\n<p>Secret\u00e1ria: <strong>Rita Orsi<\/strong><\/p>\n<p>Secret\u00e1ria Adjunta: <strong>Alessandra Amorim Souza<\/strong><\/p>\n<hr \/>\n<p><strong>Secretaria Municipal Adjunta de Esporte e Lazer<\/strong><br \/>\n<strong>Secret\u00e1ria Adjunta<\/strong>: Alessandra Amorim Souza<br \/>\nTelefone: (11) 4589-8618<\/p>\n<p><strong>Departamento de Planejamento, Gest\u00e3o e Finan\u00e7as<\/strong><br \/>\n<strong>Diretora:<\/strong> Maria Fernanda Hadad Viana<br \/>\nTelefone: (11) 4589-8875<\/p>\n<p><strong>Assessoria de Projetos Esportivos<\/strong><br \/>\n<strong>Assessora Especial:<\/strong> Norberto Jos\u00e9 da Silva<br \/>\nTelefone: (11) 4589-8543<\/p>\n<p><strong>Departamento de Esporte Educacional e Participa\u00e7\u00e3o<\/strong><br \/>\n<strong>Diretora:<\/strong> Rachel Ciaco Nunes<br \/>\nTelefone: (11) 4589-6946<\/p>\n<p><strong>Departamento de Esporte de Forma\u00e7\u00e3o e Rendimento<\/strong><br \/>\n<strong>Diretora:<\/strong> Eliana Cristina da Silva<br \/>\nTelefone: (11) 4589-9447<\/p>\n<p><strong>Departamento de Esporte Adaptado<\/strong><br \/>\n<strong>Diretora:<\/strong> Vanessa Patr\u00edcia Rancolletta do Nascimento<br \/>\nTelefone: (11) 4589-9444<\/p>\n","protected":false},"excerpt":{"rendered":"<p>Estrutura da Secretaria Secret\u00e1ria: Rita Orsi Secret\u00e1ria Adjunta: Alessandra Amorim Souza Secretaria Municipal Adjunta de Esporte e Lazer Secret\u00e1ria Adjunta: Alessandra Amorim Souza Telefone: (11) 4589-8618 Departamento de Planejamento, Gest\u00e3o e Finan\u00e7as Diretora: Maria Fernanda Hadad Viana Telefone: (11) 4589-8875 Assessoria de Projetos Esportivos Assessora Especial: Norberto Jos\u00e9 da Silva Telefone: (11) 4589-8543 Departamento de [&hellip;]<\/p>\n","protected":false},"author":14,"featured_media":0,"parent":0,"menu_order":0,"comment_status":"closed","ping_status":"closed","template":"","meta":{"footnotes":""},"class_list":["post-1809","page","type-page","status-publish","hentry"],"_links":{"self":[{"href":"https:\/\/jundiai.sp.gov.br\/esporte-e-lazer\/wp-json\/wp\/v2\/pages\/1809","targetHints":{"allow":["GET"]}}],"collection":[{"href":"https:\/\/jundiai.sp.gov.br\/esporte-e-lazer\/wp-json\/wp\/v2\/pages"}],"about":[{"href":"https:\/\/jundiai.sp.gov.br\/esporte-e-lazer\/wp-json\/wp\/v2\/types\/page"}],"author":[{"embeddable":true,"href":"https:\/\/jundiai.sp.gov.br\/esporte-e-lazer\/wp-json\/wp\/v2\/users\/14"}],"replies":[{"embeddable":true,"href":"https:\/\/jundiai.sp.gov.br\/esporte-e-lazer\/wp-json\/wp\/v2\/comments?post=1809"}],"version-history":[{"count":25,"href":"https:\/\/jundiai.sp.gov.br\/esporte-e-lazer\/wp-json\/wp\/v2\/pages\/1809\/revisions"}],"predecessor-version":[{"id":4556,"href":"https:\/\/jundiai.sp.gov.br\/esporte-e-lazer\/wp-json\/wp\/v2\/pages\/1809\/revisions\/4556"}],"wp:attachment":[{"href":"https:\/\/jundiai.sp.gov.br\/esporte-e-lazer\/wp-json\/wp\/v2\/media?parent=1809"}],"curies":[{"name":"wp","href":"https:\/\/api.w.org\/{rel}","templated":true}]}}