{"id":20,"date":"2014-08-25T12:23:30","date_gmt":"2014-08-25T15:23:30","guid":{"rendered":"https:\/\/jundiai.sp.gov.br\/esporte-e-lazer\/?page_id=20"},"modified":"2025-04-30T17:57:17","modified_gmt":"2025-04-30T20:57:17","slug":"complexos-educacionais-culturais-e-esportivos","status":"publish","type":"page","link":"https:\/\/jundiai.sp.gov.br\/esporte-e-lazer\/complexos-educacionais-culturais-e-esportivos\/","title":{"rendered":"Complexos Educacionais, Culturais e Esportivos \/ Unidades de Apoio"},"content":{"rendered":"\n<p><strong>Complexo Educacional, Cultural e Esportivo Ant\u00f4nio de Lima<\/strong><br>Rua: Benedito de Souza Costa, n\u00ba 11 \u2013 Agapeama \u2013 (11) 4589-6918<br>Cep: 13.203-321 \u2013 Jundia\u00ed \u2013 SP<br><strong>Hor\u00e1rios de funcionamento:<\/strong><br>Segunda a Sexta-feira: das 06h30 \u00e0s 21h<br>S\u00e1bado, domingo e feriados: 8h \u00e0s 18h<\/p>\n\n\n\n<p><strong>Complexo Educacional, Cultural e Esportivo Ant\u00f4nio Iacovino<\/strong><br>Rua: Jo\u00e3o do Rio, n\u00ba 144 \u2013 Vila Nambi \u2013 (11) 4589-6919<br>Cep: 13.219-031 &#8211; Jundia\u00ed &#8211; SP<br><strong>Hor\u00e1rios de funcionamento:<br><\/strong>Segunda a Sexta-feira: das 7h \u00e0s 20h<br>S\u00e1bado, domingo e feriado: das 8h \u00e0s 18h<\/p>\n\n\n\n<p><strong>Complexo Educacional, Cultural e Esportivo Ant\u00f4nio Marcussi<\/strong><br>Rua: Setembrina de Queiroz Telles, n\u00ba 201 \u2013 Vila Cristo \u2013 (11) 4589-6920<br>Cep: 13.203-202 \u2013 Jundia\u00ed \u2013 SP<br><strong>Hor\u00e1rios de funcionamento:<br><\/strong>Segunda a Sexta-feira: das 7h \u00e0s 17h<br>S\u00e1bado, domingo e feriado: 8h \u00e0s 18h<\/p>\n\n\n\n<p><strong>Complexo Educacional, Cultural e Esportivo Ant\u00f4nio Ov\u00eddeo Bueno<\/strong><br>Avenida Ant\u00f4nio Frederico Ozanan, s\/n\u00ba &#8211; Vila Liberdade \u2013 (11) 4589-6921<br>Cep: 13.219-000 \u2013 Jundia\u00ed \u2013 SP<br><strong>Hor\u00e1rios de funcionamento:<\/strong><br>Segunda a sexta das 7h \u00e0s 21h <br>s\u00e1bados, domingos e feriados das 8h \u00e0s 18h<\/p>\n\n\n\n<p><strong>Complexo Educacional, Cultural e Esportivo Aramis Polli<\/strong><br>Rua: Dr. Benedito de Godoy Ferraz, n\u00ba 508 \u2013 Vila Hortol\u00e2ndia \u2013 (11) 4589-6922<br>Cep: 13.214-200 \u2013 Jundia\u00ed \u2013 SP<br><strong>Hor\u00e1rios de funcionamento:<br><\/strong>Segunda a Sexta-feira: das 06h30 \u00e0s 21h<br>S\u00e1bado, domingo e feriado: 8h \u00e0s 18h<\/p>\n\n\n\n<p><strong>Complexo Educacional, Cultural e Esportivo Benedito de Lima<\/strong><br>Avenida Osmundo dos Santos Pelegrini, n\u00ba 1.364 \u2013 Retiro \u2013 (11) 4589-6923<br>Cep: 13.211-745 \u2013 Jundia\u00ed \u2013 SP<br><strong>Hor\u00e1rios de funcionamento:<\/strong><br>Segunda a Sexta-feira: das 7h \u00e0s\u00a022h<br>S\u00e1bado, domingo e feriado: das 8h \u00e0s 18h<\/p>\n\n\n\n<p><strong>Complexo Educacional, Cultural e Esportivo Dr. Nicolino de Luca &#8211; Bol\u00e3o<\/strong><br>Rua: Rodrigo Soares de Oliveira, s\/n\u00ba &#8211; Anhangaba\u00fa \u2013 (11) 4589-6940 \/ 4589-6937<br>Cep: 13.208-120 \u2013 Jundia\u00ed \u2013 SP<br><strong>Hor\u00e1rios de funcionamento:<\/strong><br>Segunda \u00e0 sexta: das 6h \u00e0s 22h<br>S\u00e1bado e Domingo: 6h \u00e0s 18h<\/p>\n\n\n\n<p><strong>Complexo Educacional, Cultural e Esportivo Dr. Rom\u00e3o de Souza<\/strong><br>Rua: Lu\u00eds Benachio, s\/n\u00ba &#8211; Col\u00f4nia \u2013 (11) 4589-6935<br>Cep: 13.219-401 \u2013 Jundia\u00ed \u2013 SP<br><strong>Hor\u00e1rios de funcionamento:<br><\/strong>Segunda \u00e0 sexta: das 06h30 \u00e0s 22h<br>S\u00e1bado e Domingo: 8h \u00e0s 18h<\/p>\n\n\n\n<p><strong>Complexo Educacional, Cultural e Esportivo Francisco \u00c1lvaro Siqueira Neto<\/strong><br>Rua: Londrina, n\u00ba 865 \u2013 Jardim Martins \u2013 (11) 4589-6926<br>Cep: 13.210-057 \u2013 Jundia\u00ed \u2013 SP<br><strong>Hor\u00e1rios de funcionamento:<\/strong><br>Segunda a Sexta-feira: das 7h \u00e0s 21h<br>S\u00e1bado, domingo e feriado: das 8h \u00e0s 18h<\/p>\n\n\n\n<p><strong>Complexo Educacional, Cultural e Esportivo Francisco Dal Santo<\/strong><br>Rua: Cica, n\u00ba 1.345 \u2013 Vila Rami \u2013 (11) 4589-6924<br>Cep: 13.206-475 \u2013 Jundia\u00ed \u2013 SP<br><strong>Hor\u00e1rios de funcionamento:<br><\/strong>Segunda a Sexta-feira: das 7h \u00e0s 21h<br>S\u00e1bado, domingo e feriado: das 8h \u00e0s 18h<\/p>\n\n\n\n<p><strong>Complexo Educacional, Cultural e Esportivo Jardim \u00c2ngela<\/strong><br>Rua: Primo Filipini, n\u00ba 160 \u2013 Vila Aparecida \u2013 (11) 4589-6927<br>Cep: 13.218-500 \u2013 Jundia\u00ed \u2013 SP<br><strong>Hor\u00e1rios de funcionamento<br><\/strong>Segunda a Sexta-feira: das 7h \u00e0s 21h<br>S\u00e1bado, domingo e feriado: das 8h \u00e0s 18h<\/p>\n\n\n\n<p><strong>Complexo Educacional, Cultural e Esportivo Jos\u00e9 Brenna (Sororoca)<\/strong><br>Avenida Uni\u00e3o dos Ferrovi\u00e1rios, s\/n\u00ba- Vila Municipal \u2013 (11) 4589-6928<br>Cep: 13.201-160 \u2013 Jundia\u00ed \u2013 SP<br><strong>Hor\u00e1rios de funcionamento:<br><\/strong>Segunda a Sexta-feira: das 7h \u00e0s 21h<br>S\u00e1bado, domingo e feriado: das 8h \u00e0s 18h<\/p>\n\n\n\n<p><strong>Complexo Educacional, Cultural e Esportivo Jos\u00e9 de Marchi<\/strong><br>Estrada Municipal do Varj\u00e3o, n\u00ba 2.930 \u2013 (11) 4589-6929<br>Cep: 13.212-590 \u2013 Jundia\u00ed \u2013 SP<br><strong>Hor\u00e1rios de funcionamento:<br><\/strong>Segunda a Sexta-feira: das 7h \u00e0s 18h<br>S\u00e1bado, domingo e feriado: 8h \u00e0s 18h<\/p>\n\n\n\n<p><strong>Complexo Educacional, Cultural e Esportivo Jos\u00e9 Pedro Raymundo<\/strong><br>Rua: Tiradentes, n\u00ba 50 \u2013 Vila Rio Branco \u2013 (11) 4589-6930<br>Cep: 13.215-370 \u2013 Jundia\u00ed \u2013 SP<br><strong>Hor\u00e1rios de funcionamento:<br><\/strong>Segunda a Sexta-feira: das 7h \u00e0s 18h<br>S\u00e1bado, domingo e feriado: das 8h \u00e0s 18h<\/p>\n\n\n\n<p><strong>Complexo Educacional, Cultural e Esportivo L\u00e9o Pereira Lemos Nogueira<\/strong><br>Avenida Francisco Nobre, n\u00ba 801 \u2013 Sarapiranga (Medeiros) \u2013 (11) 4589-6931<br>Cep: 13.212-241 \u2013 Jundia\u00ed \u2013 SP<br><strong>Hor\u00e1rios de funcionamento:<br><\/strong>Segunda a Sexta-feira: das 7h \u00e0s 18h<br>S\u00e1bado, domingo e feriado: das 8h \u00e0s 18h<\/p>\n\n\n\n<p><strong>Complexo Educacional, Cultural e Esportivo Francisco Gastaldo<\/strong><br>Rua: Uva Niagara, n\u00ba 1.250 &#8211; Morada das Vinhas \u2013 (11) 4589-6925<br>Cep: 13.214-699 \u2013 Jundia\u00ed \u2013 SP<br><strong>Hor\u00e1rios de funcionamento:<br><\/strong>Segunda a Sexta-feira: das 7h \u00e0s 20h<br>S\u00e1bado, domingo e feriado: das 8h \u00e0s 18h<\/p>\n\n\n\n<p><strong>Complexo Educacional, Cultural e Esportivo Nilo Avelino Macedo<\/strong><br>Rua: Lu\u00eds de Camargo Duarte J\u00fanior, n\u00ba 163 \u2013 Jardim Esplanada \u2013 (11) 4589-6933<br>Cep: 13.202-140 \u2013 Jundia\u00ed \u2013 SP<br><strong>Hor\u00e1rios de funcionamento:<br><\/strong>Segunda a Sexta-feira: das 8h \u00e0s 17h<br>S\u00e1bado, domingo e feriado: das 8h \u00e0s 18h<\/p>\n\n\n\n<p><strong>Complexo Educacional, Cultural e Esportivo Vanderlei Antonio Sperandio<\/strong><br>Rua: Vict\u00f3rio Baradel, n\u00ba 591 \u2013 Jardim Santa Gertrudes \u2013 (11) 4589-6936<br>Cep: 13.205-370 \u2013 Jundia\u00ed &#8211; SP<br><strong>Hor\u00e1rios de funcionamento:<br><\/strong>Segunda a Sexta-feira: das 7h \u00e0s 21h<br>S\u00e1bado, domingo e feriado: das 8h \u00e0s 18h<\/p>\n\n\n\n<p><strong>Complexo Educacional, Cultural e Esportivo M\u00e1rio Milani<\/strong><br>Rua: Jos\u00e9 Joaquim dos Santos, n\u00ba 400 \u2013 Ivoturucaia &#8211; (11) 4589-6932<br>Cep: 13.218-790 \u2013 Jundia\u00ed &#8211; SP<br><strong>Hor\u00e1rios de funcionamento:<br><\/strong>Segunda a Sexta-feira: das 7h \u00e0s 18h<br>S\u00e1bado, domingo e feriado: 8h \u00e0s 18h<\/p>\n\n\n\n<p><strong>Complexo Educacional, Cultural e Esportivo Prof\u00aa Helena Cestari<\/strong><br>Rua: Pindamonhangaba, s\/n\u00ba &#8211; Travessa da Avenida Clemente Rosa &#8211; Vila Comercial &#8211; (11) 4589-6934<br>Cep: 13.210-630 \u2013 Jundia\u00ed \u2013 SP<br><strong>Hor\u00e1rios de funcionamento:<\/strong><br>Segunda \u00e0 sexta: das 7h \u00e0s 19h<br>S\u00e1bado e Domingo: das 8h \u00e0s 18h<\/p>\n\n\n\n<h2 class=\"wp-block-heading\"><a href=\"https:\/\/esporte.jundiai.sp.gov.br\/unidades-de-apoio\/\" data-type=\"link\" data-id=\"https:\/\/esporte.jundiai.sp.gov.br\/unidades-de-apoio\/\">Unidades de Apoio <\/a><\/h2>\n","protected":false},"excerpt":{"rendered":"<p>Complexo Educacional, Cultural e Esportivo Ant\u00f4nio de LimaRua: Benedito de Souza Costa, n\u00ba 11 \u2013 Agapeama \u2013 (11) 4589-6918Cep: 13.203-321 \u2013 Jundia\u00ed \u2013 SPHor\u00e1rios de funcionamento:Segunda a Sexta-feira: das 06h30 \u00e0s 21hS\u00e1bado, domingo e feriados: 8h \u00e0s 18h Complexo Educacional, Cultural e Esportivo Ant\u00f4nio IacovinoRua: Jo\u00e3o do Rio, n\u00ba 144 \u2013 Vila Nambi \u2013 (11) [&hellip;]<\/p>\n","protected":false},"author":5,"featured_media":0,"parent":0,"menu_order":0,"comment_status":"closed","ping_status":"closed","template":"","meta":{"footnotes":""},"class_list":["post-20","page","type-page","status-publish","hentry"],"_links":{"self":[{"href":"https:\/\/jundiai.sp.gov.br\/esporte-e-lazer\/wp-json\/wp\/v2\/pages\/20","targetHints":{"allow":["GET"]}}],"collection":[{"href":"https:\/\/jundiai.sp.gov.br\/esporte-e-lazer\/wp-json\/wp\/v2\/pages"}],"about":[{"href":"https:\/\/jundiai.sp.gov.br\/esporte-e-lazer\/wp-json\/wp\/v2\/types\/page"}],"author":[{"embeddable":true,"href":"https:\/\/jundiai.sp.gov.br\/esporte-e-lazer\/wp-json\/wp\/v2\/users\/5"}],"replies":[{"embeddable":true,"href":"https:\/\/jundiai.sp.gov.br\/esporte-e-lazer\/wp-json\/wp\/v2\/comments?post=20"}],"version-history":[{"count":56,"href":"https:\/\/jundiai.sp.gov.br\/esporte-e-lazer\/wp-json\/wp\/v2\/pages\/20\/revisions"}],"predecessor-version":[{"id":4540,"href":"https:\/\/jundiai.sp.gov.br\/esporte-e-lazer\/wp-json\/wp\/v2\/pages\/20\/revisions\/4540"}],"wp:attachment":[{"href":"https:\/\/jundiai.sp.gov.br\/esporte-e-lazer\/wp-json\/wp\/v2\/media?parent=20"}],"curies":[{"name":"wp","href":"https:\/\/api.w.org\/{rel}","templated":true}]}}