{"id":2717,"date":"2018-10-11T11:30:07","date_gmt":"2018-10-11T14:30:07","guid":{"rendered":"https:\/\/jundiai.sp.gov.br\/esporte-e-lazer\/?page_id=2717"},"modified":"2018-10-11T17:10:12","modified_gmt":"2018-10-11T20:10:12","slug":"programacao-artistica-e-cultural","status":"publish","type":"page","link":"https:\/\/jundiai.sp.gov.br\/esporte-e-lazer\/programacao-artistica-e-cultural\/","title":{"rendered":"Programa\u00e7\u00e3o Art\u00edstica e Cultural"},"content":{"rendered":"<p><a href=\"https:\/\/jundiai.sp.gov.br\/esporte-e-lazer\/wp-content\/uploads\/sites\/11\/2018\/10\/programacao-artistica-e-cultural__parque-da-uva_joguinhos_2018.pdf\">Programa\u00e7\u00e3o Art\u00edstica e Cultural<\/a><\/p>\n","protected":false},"excerpt":{"rendered":"<p>Programa\u00e7\u00e3o Art\u00edstica e Cultural<\/p>\n","protected":false},"author":37,"featured_media":0,"parent":0,"menu_order":0,"comment_status":"closed","ping_status":"closed","template":"","meta":{"footnotes":""},"class_list":["post-2717","page","type-page","status-publish","hentry"],"_links":{"self":[{"href":"https:\/\/jundiai.sp.gov.br\/esporte-e-lazer\/wp-json\/wp\/v2\/pages\/2717","targetHints":{"allow":["GET"]}}],"collection":[{"href":"https:\/\/jundiai.sp.gov.br\/esporte-e-lazer\/wp-json\/wp\/v2\/pages"}],"about":[{"href":"https:\/\/jundiai.sp.gov.br\/esporte-e-lazer\/wp-json\/wp\/v2\/types\/page"}],"author":[{"embeddable":true,"href":"https:\/\/jundiai.sp.gov.br\/esporte-e-lazer\/wp-json\/wp\/v2\/users\/37"}],"replies":[{"embeddable":true,"href":"https:\/\/jundiai.sp.gov.br\/esporte-e-lazer\/wp-json\/wp\/v2\/comments?post=2717"}],"version-history":[{"count":4,"href":"https:\/\/jundiai.sp.gov.br\/esporte-e-lazer\/wp-json\/wp\/v2\/pages\/2717\/revisions"}],"predecessor-version":[{"id":2738,"href":"https:\/\/jundiai.sp.gov.br\/esporte-e-lazer\/wp-json\/wp\/v2\/pages\/2717\/revisions\/2738"}],"wp:attachment":[{"href":"https:\/\/jundiai.sp.gov.br\/esporte-e-lazer\/wp-json\/wp\/v2\/media?parent=2717"}],"curies":[{"name":"wp","href":"https:\/\/api.w.org\/{rel}","templated":true}]}}