{"id":6,"date":"2014-08-13T19:36:49","date_gmt":"2014-08-13T22:36:49","guid":{"rendered":"https:\/\/jundiai.sp.gov.br\/esporte-e-lazer\/?page_id=6"},"modified":"2025-08-29T16:06:39","modified_gmt":"2025-08-29T19:06:39","slug":"esportes-e-lazer","status":"publish","type":"page","link":"https:\/\/jundiai.sp.gov.br\/esporte-e-lazer\/","title":{"rendered":"Esporte e Lazer"},"content":{"rendered":"\n<p><strong>A <strong>Secretaria Municipal<\/strong> de Esporte e Lazer tem por finalidade coordenar as a\u00e7\u00f5es e pol\u00edticas de esporte e lazer no Munic\u00edpio, suportada pela seguinte estrutura org\u00e2nica b\u00e1sica:<\/strong><\/p>\n\n\n\n<ul class=\"wp-block-list\">\n<li>Secretaria Adjunta de Esporte e Lazer;<\/li>\n\n\n\n<li>N\u00facleo de Planejamento, Gest\u00e3o e Finan\u00e7as;<\/li>\n\n\n\n<li>Divis\u00e3o de Projetos Esportivos;<\/li>\n\n\n\n<li>Departamento de Esporte Educacional e Participa\u00e7\u00e3o;<\/li>\n\n\n\n<li>Departamento de Esporte de Forma\u00e7\u00e3o e Rendimento;<\/li>\n\n\n\n<li>Departamento de Esporte Adaptado;<\/li>\n\n\n\n<li>Unidade de Entregas Setorial.<\/li>\n<\/ul>\n\n\n\n<p>Atuam por coordena\u00e7\u00e3o administrativa a Secretaria Municipal de Esporte e Lazer e a <a href=\"http:\/\/www.esef.br\/\" target=\"_blank\" rel=\"noopener noreferrer\">Escola Superior de Educa\u00e7\u00e3o F\u00edsica de Jundia\u00ed (ESEF)<\/a>.<\/p>\n\n\n\n<h2 class=\"wp-block-heading\">Contatos<\/h2>\n\n\n\n<p><strong>Gabinete da Secretaria de Esporte e Lazer<\/strong> <br>Secretaria: Rita Orsi<br>Pa\u00e7o Municipal &#8211; 5\u00ba andar &#8211; Ala Norte <br>Telefone: (11) 4589-8615 <br>E-mail: <a href=\"mailto:smel@jundiai.sp.gov.br\">ugel@jundiai.sp.gov.br<\/a><\/p>\n\n\n\n<p><strong>Secretaria Adjunta de Esporte e Lazer<\/strong> <br><strong>Secretaria Adjunta<\/strong>: Alessandra Amorim Souza <br>Pa\u00e7o Municipal \u2013 5\u00ba andar \u2013 Ala Norte <br>Telefone: (11) 4589-8618<\/p>\n\n\n\n<p><strong>Departamento de Planejamento, Gest\u00e3o e Finan\u00e7as<\/strong> <br><strong>Diretora<\/strong>: Maria Fernanda Hadad Viana <br>Pa\u00e7o Municipal \u2013 5\u00ba andar \u2013 Ala Norte <br>Telefone: (11) 4589-8875<\/p>\n\n\n\n<p><strong>Assessoria de Projetos Esportivos<\/strong> <br><strong>Assessor Especial<\/strong>: Norberto Jos\u00e9 da Silva <br>Pa\u00e7o Municipal \u2013 5\u00ba andar \u2013 Ala Norte <br>Telefone: (11) 4589-8543 <br>E-mail: norberto.silva@jundiai.sp.gov.br<\/p>\n\n\n\n<p><strong>Departamento de Esporte Educacional e Participa\u00e7\u00e3o<\/strong> <br><strong>Diretora<\/strong>: Rachel Ciaco Nunes <br>Pa\u00e7o Municipal \u2013 5\u00ba andar \u2013 Ala Norte <br>Telefone: (11) 4589-6946 <br>E-mail: deep-ugel@jundiai.sp.gov.b<\/p>\n\n\n\n<p><strong>Departamento de Esporte de Forma\u00e7\u00e3o e Rendimento<\/strong> <br><strong>Diretor<\/strong>: Eliana Silva&nbsp;<br>Pa\u00e7o Municipal \u2013 5\u00ba andar \u2013 Ala Norte&nbsp;<br>Telefone: (11) 4589-6937 e 4589-6942&nbsp;<br>E-mail:&nbsp;<a href=\"mailto:defr-ugel@jundiai.sp.gov.br\" target=\"_blank\" rel=\"noreferrer noopener\">defr-ugel@jundiai.sp.gov.br<\/a><\/p>\n\n\n\n<p><strong>Departamento de Esporte Adaptado<\/strong> <br><strong>Diretora<\/strong>: Vanessa Patr\u00edcia Rancolletta do Nascimento <br>CECE Dr. Nicolino de Luca (Bol\u00e3o) \u2013 Rua Rodrigo Soares de Oliveira, s\/n\u00ba, Anhangaba\u00fa <br>Telefone: (11) 4589-6937 e 4589-6940 <br>E-mail: peama@jundiai.sp.gov.br<\/p>\n","protected":false},"excerpt":{"rendered":"<p>A Secretaria Municipal de Esporte e Lazer tem por finalidade coordenar as a\u00e7\u00f5es e pol\u00edticas de esporte e lazer no Munic\u00edpio, suportada pela seguinte estrutura org\u00e2nica b\u00e1sica: Atuam por coordena\u00e7\u00e3o administrativa a Secretaria Municipal de Esporte e Lazer e a Escola Superior de Educa\u00e7\u00e3o F\u00edsica de Jundia\u00ed (ESEF). Contatos Gabinete da Secretaria de Esporte e [&hellip;]<\/p>\n","protected":false},"author":8,"featured_media":0,"parent":0,"menu_order":0,"comment_status":"open","ping_status":"closed","template":"","meta":{"footnotes":""},"class_list":["post-6","page","type-page","status-publish","hentry"],"_links":{"self":[{"href":"https:\/\/jundiai.sp.gov.br\/esporte-e-lazer\/wp-json\/wp\/v2\/pages\/6","targetHints":{"allow":["GET"]}}],"collection":[{"href":"https:\/\/jundiai.sp.gov.br\/esporte-e-lazer\/wp-json\/wp\/v2\/pages"}],"about":[{"href":"https:\/\/jundiai.sp.gov.br\/esporte-e-lazer\/wp-json\/wp\/v2\/types\/page"}],"author":[{"embeddable":true,"href":"https:\/\/jundiai.sp.gov.br\/esporte-e-lazer\/wp-json\/wp\/v2\/users\/8"}],"replies":[{"embeddable":true,"href":"https:\/\/jundiai.sp.gov.br\/esporte-e-lazer\/wp-json\/wp\/v2\/comments?post=6"}],"version-history":[{"count":45,"href":"https:\/\/jundiai.sp.gov.br\/esporte-e-lazer\/wp-json\/wp\/v2\/pages\/6\/revisions"}],"predecessor-version":[{"id":4549,"href":"https:\/\/jundiai.sp.gov.br\/esporte-e-lazer\/wp-json\/wp\/v2\/pages\/6\/revisions\/4549"}],"wp:attachment":[{"href":"https:\/\/jundiai.sp.gov.br\/esporte-e-lazer\/wp-json\/wp\/v2\/media?parent=6"}],"curies":[{"name":"wp","href":"https:\/\/api.w.org\/{rel}","templated":true}]}}